{"id":3321,"date":"2020-05-13T20:17:44","date_gmt":"2020-05-13T20:17:44","guid":{"rendered":"https:\/\/bluesparkmtl.ca\/therapie-en-centre\/"},"modified":"2023-12-27T17:11:59","modified_gmt":"2023-12-27T17:11:59","slug":"therapie-en-centre","status":"publish","type":"page","link":"https:\/\/bluesparkmtl.ca\/fr\/nos-services\/therapie-en-centre\/","title":{"rendered":"Th\u00e9rapie en centre"},"content":{"rendered":"\n<div class=\"wp-block-group alignfull\"><div class=\"wp-block-group__inner-container is-layout-flow wp-block-group-is-layout-flow\">\n<div class=\"wp-block-group alignfull has-background-background-color has-background\"><div class=\"wp-block-group__inner-container is-layout-flow wp-block-group-is-layout-flow\">\n<div class=\"wp-block-jetpack-layout-grid alignfull column1-desktop-grid__span-12 column1-desktop-grid__row-1 column1-tablet-grid__span-8 column1-tablet-grid__row-1 column1-mobile-grid__span-4 column1-mobile-grid__row-1 wp-block-jetpack-layout-gutter__nowrap wp-block-jetpack-layout-gutter__none\">\n<div class=\"wp-block-jetpack-layout-grid-column wp-block-jetpack-layout-grid__padding-none\">\n<figure class=\"wp-block-image size-large\"><img data-recalc-dims=\"1\" loading=\"lazy\" decoding=\"async\" width=\"825\" height=\"550\" src=\"https:\/\/i0.wp.com\/bluesparkmtl.ca\/wp-content\/uploads\/2020\/06\/canva-young-female-tutor-doing-homework-with-schoolgirl-at-home.jpg?resize=825%2C550&#038;ssl=1\" alt=\"\" class=\"wp-image-309\" srcset=\"https:\/\/i0.wp.com\/bluesparkmtl.ca\/wp-content\/uploads\/2020\/06\/canva-young-female-tutor-doing-homework-with-schoolgirl-at-home.jpg?w=1600&amp;ssl=1 1600w, https:\/\/i0.wp.com\/bluesparkmtl.ca\/wp-content\/uploads\/2020\/06\/canva-young-female-tutor-doing-homework-with-schoolgirl-at-home.jpg?resize=300%2C200&amp;ssl=1 300w, https:\/\/i0.wp.com\/bluesparkmtl.ca\/wp-content\/uploads\/2020\/06\/canva-young-female-tutor-doing-homework-with-schoolgirl-at-home.jpg?resize=1024%2C683&amp;ssl=1 1024w, https:\/\/i0.wp.com\/bluesparkmtl.ca\/wp-content\/uploads\/2020\/06\/canva-young-female-tutor-doing-homework-with-schoolgirl-at-home.jpg?resize=768%2C512&amp;ssl=1 768w, https:\/\/i0.wp.com\/bluesparkmtl.ca\/wp-content\/uploads\/2020\/06\/canva-young-female-tutor-doing-homework-with-schoolgirl-at-home.jpg?resize=1536%2C1024&amp;ssl=1 1536w\" sizes=\"auto, (max-width: 825px) 100vw, 825px\" \/><\/figure>\n<\/div>\n<\/div>\n<\/div><\/div>\n<\/div><\/div>\n\n<div class=\"wp-block-group alignfull has-background-background-color has-background\"><div class=\"wp-block-group__inner-container is-layout-flow wp-block-group-is-layout-flow\">\n<div class=\"wp-block-jetpack-layout-grid alignfull column1-desktop-grid__span-12 column1-desktop-grid__row-1 column1-tablet-grid__span-8 column1-tablet-grid__row-1 column1-mobile-grid__span-4 column1-mobile-grid__row-1 wp-block-jetpack-layout-gutter__nowrap wp-block-jetpack-layout-gutter__none\">\n<div class=\"wp-block-jetpack-layout-grid-column wp-block-jetpack-layout-grid__padding-none\">\n<p>Le centre de d\u00e9veloppement \u00c9tincelle Bleue propose une th\u00e9rapie bas\u00e9e au centre o\u00f9 notre objectif est de cr\u00e9er <strong>un environnement stimulant et amusant<\/strong> pour nos apprenants. Nous nous sp\u00e9cialisons dans l&rsquo;analyse comportementale appliqu\u00e9e individuelle \/ la th\u00e9rapie du comportement verbal (ABA \/ VB), l\u2019orthophonie, l\u2019ergoth\u00e9rapie et les groupes de comp\u00e9tences sociales.<\/p>\n\n\n\n<p>Nos <strong>instructeurs exp\u00e9riment\u00e9s<\/strong> sont des dipl\u00f4m\u00e9s universitaires ou des \u00e9tudiants (baccalaur\u00e9at et ma\u00eetrise), qui poursuivent une carri\u00e8re dans le domaine de l&rsquo;analyse du comportement ou dans des domaines connexes et qui ont d\u00e9montr\u00e9 une passion pour le travail avec les enfants. <\/p>\n\n\n<div class=\"wp-block-jetpack-calendly calendly-style-inline\" id=\"calendly-block-1\"><\/div>\n\n\n<h2 class=\"wp-block-heading\">Interventions individualis\u00e9es<\/h2>\n\n\n\n<p>Nos instructeurs mettent en \u0153uvre des interventions individualis\u00e9es d\u00e9velopp\u00e9es par notre superviseur clinique afin de cibler les buts et objectifs personnalis\u00e9s de votre enfant.  <\/p>\n\n\n\n<h2 class=\"wp-block-heading\">Superviseurs cliniques certifi\u00e9s par le conseil d&rsquo;administration<\/h2>\n\n\n\n<p>Toutes les th\u00e9rapies sont r\u00e9guli\u00e8rement supervis\u00e9es par nos superviseurs cliniques qui sont des <strong>analystes du comportement certifi\u00e9s<\/strong> (BCBA et BCaBA). Nos superviseurs proc\u00e8dent \u00e0 des \u00e9valuations, \u00e9laborent des programmes et supervisent le traitement.<\/p>\n\n\n\n<p>Au centre de d\u00e9veloppement \u00c9tincelle Bleue, notre objectif principal est d&rsquo;offrir un service de haute qualit\u00e9 tout en rendant l&rsquo;exp\u00e9rience d&rsquo;apprentissage <strong>amusante et agr\u00e9able<\/strong> pour nos apprenants et leurs parents. <\/p>\n\n\n\n<h2 class=\"wp-block-heading\">\u00c9valuations compl\u00e8tes<\/h2>\n\n\n\n<p>Notre centre <strong>n&rsquo;a pas besoin d&rsquo;un diagnostic<\/strong> pour fournir des services car nous fournissons une \u00e9valuation compl\u00e8te qui d\u00e9crira les objectifs individualis\u00e9s qui doivent \u00eatre travaill\u00e9s pour chaque enfant. <\/p>\n\n\n\n<p>Nous avons de l&rsquo;exp\u00e9rience dans les d\u00e9fis comportementaux, les apprenants non verbaux, l&rsquo;intervention pr\u00e9coce, l&rsquo;apprentissage de la propret\u00e9, le retard de la parole, le retard du langage, le retard de d\u00e9veloppement, l&rsquo;autisme et bien plus encore.<\/p>\n\n\n\n<p>Nos services sont offerts en anglais, fran\u00e7ais et espagnol.<\/p>\n\n\n\n<p><strong><a href=\"https:\/\/calendly.com\/bluesparkmontreal\">Planifiez<\/a> une consultation t\u00e9l\u00e9phonique gratuite de 30 minutes ou appelez le (514) 607-9377<\/strong> <strong>d\u00e8s maintenant !<\/strong><\/p>\n<\/div>\n<\/div>\n<\/div><\/div>\n","protected":false},"excerpt":{"rendered":"<p>Le centre de d\u00e9veloppement \u00c9tincelle Bleue propose une th\u00e9rapie bas\u00e9e au centre o\u00f9 notre objectif est de cr\u00e9er un environnement stimulant et amusant pour nos apprenants. Nous nous sp\u00e9cialisons dans l&rsquo;analyse comportementale appliqu\u00e9e individuelle \/ la th\u00e9rapie du comportement verbal (ABA \/ VB), l\u2019orthophonie, l\u2019ergoth\u00e9rapie et les groupes de comp\u00e9tences sociales. Nos instructeurs exp\u00e9riment\u00e9s sont&hellip; <a href=\"https:\/\/bluesparkmtl.ca\/fr\/nos-services\/therapie-en-centre\/\" class=\"more-link\">Lire la suite <span class=\"screen-reader-text\">Th\u00e9rapie en centre<\/span><\/a><\/p>\n","protected":false},"author":2,"featured_media":0,"parent":3348,"menu_order":0,"comment_status":"closed","ping_status":"closed","template":"templates\/full-width-page.php","meta":{"om_disable_all_campaigns":false,"_monsterinsights_skip_tracking":false,"_monsterinsights_sitenote_active":false,"_monsterinsights_sitenote_note":"","_monsterinsights_sitenote_category":0,"_wp_convertkit_post_meta":{"form":"-1","landing_page":"0","tag":"0","restrict_content":"0"},"footnotes":""},"tags":[],"class_list":["post-3321","page","type-page","status-publish","hentry","without-featured-image"],"yoast_head":"<!-- This site is optimized with the Yoast SEO plugin v27.5 - https:\/\/yoast.com\/product\/yoast-seo-wordpress\/ -->\n<title>Th\u00e9rapie en centre - Blue Spark Developmental Center<\/title>\n<meta name=\"robots\" content=\"index, follow, max-snippet:-1, max-image-preview:large, max-video-preview:-1\" \/>\n<link rel=\"canonical\" href=\"https:\/\/bluesparkmtl.ca\/fr\/nos-services\/therapie-en-centre\/\" \/>\n<meta property=\"og:locale\" content=\"fr_FR\" \/>\n<meta property=\"og:type\" content=\"article\" \/>\n<meta property=\"og:title\" content=\"Th\u00e9rapie en centre - Blue Spark Developmental Center\" \/>\n<meta property=\"og:description\" content=\"Le centre de d\u00e9veloppement \u00c9tincelle Bleue propose une th\u00e9rapie bas\u00e9e au centre o\u00f9 notre objectif est de cr\u00e9er un environnement stimulant et amusant pour nos apprenants. Nous nous sp\u00e9cialisons dans l&rsquo;analyse comportementale appliqu\u00e9e individuelle \/ la th\u00e9rapie du comportement verbal (ABA \/ VB), l\u2019orthophonie, l\u2019ergoth\u00e9rapie et les groupes de comp\u00e9tences sociales. Nos instructeurs exp\u00e9riment\u00e9s sont&hellip; Lire la suite Th\u00e9rapie en centre\" \/>\n<meta property=\"og:url\" content=\"https:\/\/bluesparkmtl.ca\/fr\/nos-services\/therapie-en-centre\/\" \/>\n<meta property=\"og:site_name\" content=\"Blue Spark Developmental Center\" \/>\n<meta property=\"article:modified_time\" content=\"2023-12-27T17:11:59+00:00\" \/>\n<meta property=\"og:image\" content=\"https:\/\/bluesparkmtl.ca\/wp-content\/uploads\/2020\/06\/canva-young-female-tutor-doing-homework-with-schoolgirl-at-home.jpg?w=825\" \/>\n<meta name=\"twitter:card\" content=\"summary_large_image\" \/>\n<meta name=\"twitter:label1\" content=\"Dur\u00e9e de lecture estim\u00e9e\" \/>\n\t<meta name=\"twitter:data1\" content=\"2 minutes\" \/>\n<script type=\"application\/ld+json\" class=\"yoast-schema-graph\">{\"@context\":\"https:\\\/\\\/schema.org\",\"@graph\":[{\"@type\":\"WebPage\",\"@id\":\"https:\\\/\\\/bluesparkmtl.ca\\\/fr\\\/nos-services\\\/therapie-en-centre\\\/\",\"url\":\"https:\\\/\\\/bluesparkmtl.ca\\\/fr\\\/nos-services\\\/therapie-en-centre\\\/\",\"name\":\"Th\u00e9rapie en centre - Blue Spark Developmental Center\",\"isPartOf\":{\"@id\":\"https:\\\/\\\/bluesparkmtl.ca\\\/fr\\\/#website\"},\"primaryImageOfPage\":{\"@id\":\"https:\\\/\\\/bluesparkmtl.ca\\\/fr\\\/nos-services\\\/therapie-en-centre\\\/#primaryimage\"},\"image\":{\"@id\":\"https:\\\/\\\/bluesparkmtl.ca\\\/fr\\\/nos-services\\\/therapie-en-centre\\\/#primaryimage\"},\"thumbnailUrl\":\"https:\\\/\\\/bluesparkmtl.ca\\\/wp-content\\\/uploads\\\/2020\\\/06\\\/canva-young-female-tutor-doing-homework-with-schoolgirl-at-home.jpg?w=825\",\"datePublished\":\"2020-05-13T20:17:44+00:00\",\"dateModified\":\"2023-12-27T17:11:59+00:00\",\"breadcrumb\":{\"@id\":\"https:\\\/\\\/bluesparkmtl.ca\\\/fr\\\/nos-services\\\/therapie-en-centre\\\/#breadcrumb\"},\"inLanguage\":\"fr-FR\",\"potentialAction\":[{\"@type\":\"ReadAction\",\"target\":[\"https:\\\/\\\/bluesparkmtl.ca\\\/fr\\\/nos-services\\\/therapie-en-centre\\\/\"]}]},{\"@type\":\"ImageObject\",\"inLanguage\":\"fr-FR\",\"@id\":\"https:\\\/\\\/bluesparkmtl.ca\\\/fr\\\/nos-services\\\/therapie-en-centre\\\/#primaryimage\",\"url\":\"https:\\\/\\\/bluesparkmtl.ca\\\/wp-content\\\/uploads\\\/2020\\\/06\\\/canva-young-female-tutor-doing-homework-with-schoolgirl-at-home.jpg?w=825\",\"contentUrl\":\"https:\\\/\\\/bluesparkmtl.ca\\\/wp-content\\\/uploads\\\/2020\\\/06\\\/canva-young-female-tutor-doing-homework-with-schoolgirl-at-home.jpg?w=825\"},{\"@type\":\"BreadcrumbList\",\"@id\":\"https:\\\/\\\/bluesparkmtl.ca\\\/fr\\\/nos-services\\\/therapie-en-centre\\\/#breadcrumb\",\"itemListElement\":[{\"@type\":\"ListItem\",\"position\":1,\"name\":\"Home\",\"item\":\"https:\\\/\\\/bluesparkmtl.ca\\\/fr\\\/\"},{\"@type\":\"ListItem\",\"position\":2,\"name\":\"Nos services\",\"item\":\"https:\\\/\\\/bluesparkmtl.ca\\\/fr\\\/nos-services\\\/\"},{\"@type\":\"ListItem\",\"position\":3,\"name\":\"Th\u00e9rapie en centre\"}]},{\"@type\":\"WebSite\",\"@id\":\"https:\\\/\\\/bluesparkmtl.ca\\\/fr\\\/#website\",\"url\":\"https:\\\/\\\/bluesparkmtl.ca\\\/fr\\\/\",\"name\":\"Blue Spark Developmental Center\",\"description\":\"Etincelle Bleue Centre de D\u00e9veloppement\",\"publisher\":{\"@id\":\"https:\\\/\\\/bluesparkmtl.ca\\\/fr\\\/#organization\"},\"potentialAction\":[{\"@type\":\"SearchAction\",\"target\":{\"@type\":\"EntryPoint\",\"urlTemplate\":\"https:\\\/\\\/bluesparkmtl.ca\\\/fr\\\/?s={search_term_string}\"},\"query-input\":{\"@type\":\"PropertyValueSpecification\",\"valueRequired\":true,\"valueName\":\"search_term_string\"}}],\"inLanguage\":\"fr-FR\"},{\"@type\":\"Organization\",\"@id\":\"https:\\\/\\\/bluesparkmtl.ca\\\/fr\\\/#organization\",\"name\":\"Blue Spark Developmental Center\",\"url\":\"https:\\\/\\\/bluesparkmtl.ca\\\/fr\\\/\",\"logo\":{\"@type\":\"ImageObject\",\"inLanguage\":\"fr-FR\",\"@id\":\"https:\\\/\\\/bluesparkmtl.ca\\\/fr\\\/#\\\/schema\\\/logo\\\/image\\\/\",\"url\":\"https:\\\/\\\/i0.wp.com\\\/bluesparkmtl.ca\\\/wp-content\\\/uploads\\\/2022\\\/04\\\/cropped-bluespark-logo.png?fit=731%2C279&ssl=1\",\"contentUrl\":\"https:\\\/\\\/i0.wp.com\\\/bluesparkmtl.ca\\\/wp-content\\\/uploads\\\/2022\\\/04\\\/cropped-bluespark-logo.png?fit=731%2C279&ssl=1\",\"width\":731,\"height\":279,\"caption\":\"Blue Spark Developmental Center\"},\"image\":{\"@id\":\"https:\\\/\\\/bluesparkmtl.ca\\\/fr\\\/#\\\/schema\\\/logo\\\/image\\\/\"}}]}<\/script>\n<!-- \/ Yoast SEO plugin. -->","yoast_head_json":{"title":"Th\u00e9rapie en centre - Blue Spark Developmental Center","robots":{"index":"index","follow":"follow","max-snippet":"max-snippet:-1","max-image-preview":"max-image-preview:large","max-video-preview":"max-video-preview:-1"},"canonical":"https:\/\/bluesparkmtl.ca\/fr\/nos-services\/therapie-en-centre\/","og_locale":"fr_FR","og_type":"article","og_title":"Th\u00e9rapie en centre - Blue Spark Developmental Center","og_description":"Le centre de d\u00e9veloppement \u00c9tincelle Bleue propose une th\u00e9rapie bas\u00e9e au centre o\u00f9 notre objectif est de cr\u00e9er un environnement stimulant et amusant pour nos apprenants. Nous nous sp\u00e9cialisons dans l&rsquo;analyse comportementale appliqu\u00e9e individuelle \/ la th\u00e9rapie du comportement verbal (ABA \/ VB), l\u2019orthophonie, l\u2019ergoth\u00e9rapie et les groupes de comp\u00e9tences sociales. Nos instructeurs exp\u00e9riment\u00e9s sont&hellip; Lire la suite Th\u00e9rapie en centre","og_url":"https:\/\/bluesparkmtl.ca\/fr\/nos-services\/therapie-en-centre\/","og_site_name":"Blue Spark Developmental Center","article_modified_time":"2023-12-27T17:11:59+00:00","og_image":[{"url":"https:\/\/bluesparkmtl.ca\/wp-content\/uploads\/2020\/06\/canva-young-female-tutor-doing-homework-with-schoolgirl-at-home.jpg?w=825","type":"","width":"","height":""}],"twitter_card":"summary_large_image","twitter_misc":{"Dur\u00e9e de lecture estim\u00e9e":"2 minutes"},"schema":{"@context":"https:\/\/schema.org","@graph":[{"@type":"WebPage","@id":"https:\/\/bluesparkmtl.ca\/fr\/nos-services\/therapie-en-centre\/","url":"https:\/\/bluesparkmtl.ca\/fr\/nos-services\/therapie-en-centre\/","name":"Th\u00e9rapie en centre - Blue Spark Developmental Center","isPartOf":{"@id":"https:\/\/bluesparkmtl.ca\/fr\/#website"},"primaryImageOfPage":{"@id":"https:\/\/bluesparkmtl.ca\/fr\/nos-services\/therapie-en-centre\/#primaryimage"},"image":{"@id":"https:\/\/bluesparkmtl.ca\/fr\/nos-services\/therapie-en-centre\/#primaryimage"},"thumbnailUrl":"https:\/\/bluesparkmtl.ca\/wp-content\/uploads\/2020\/06\/canva-young-female-tutor-doing-homework-with-schoolgirl-at-home.jpg?w=825","datePublished":"2020-05-13T20:17:44+00:00","dateModified":"2023-12-27T17:11:59+00:00","breadcrumb":{"@id":"https:\/\/bluesparkmtl.ca\/fr\/nos-services\/therapie-en-centre\/#breadcrumb"},"inLanguage":"fr-FR","potentialAction":[{"@type":"ReadAction","target":["https:\/\/bluesparkmtl.ca\/fr\/nos-services\/therapie-en-centre\/"]}]},{"@type":"ImageObject","inLanguage":"fr-FR","@id":"https:\/\/bluesparkmtl.ca\/fr\/nos-services\/therapie-en-centre\/#primaryimage","url":"https:\/\/bluesparkmtl.ca\/wp-content\/uploads\/2020\/06\/canva-young-female-tutor-doing-homework-with-schoolgirl-at-home.jpg?w=825","contentUrl":"https:\/\/bluesparkmtl.ca\/wp-content\/uploads\/2020\/06\/canva-young-female-tutor-doing-homework-with-schoolgirl-at-home.jpg?w=825"},{"@type":"BreadcrumbList","@id":"https:\/\/bluesparkmtl.ca\/fr\/nos-services\/therapie-en-centre\/#breadcrumb","itemListElement":[{"@type":"ListItem","position":1,"name":"Home","item":"https:\/\/bluesparkmtl.ca\/fr\/"},{"@type":"ListItem","position":2,"name":"Nos services","item":"https:\/\/bluesparkmtl.ca\/fr\/nos-services\/"},{"@type":"ListItem","position":3,"name":"Th\u00e9rapie en centre"}]},{"@type":"WebSite","@id":"https:\/\/bluesparkmtl.ca\/fr\/#website","url":"https:\/\/bluesparkmtl.ca\/fr\/","name":"Blue Spark Developmental Center","description":"Etincelle Bleue Centre de D\u00e9veloppement","publisher":{"@id":"https:\/\/bluesparkmtl.ca\/fr\/#organization"},"potentialAction":[{"@type":"SearchAction","target":{"@type":"EntryPoint","urlTemplate":"https:\/\/bluesparkmtl.ca\/fr\/?s={search_term_string}"},"query-input":{"@type":"PropertyValueSpecification","valueRequired":true,"valueName":"search_term_string"}}],"inLanguage":"fr-FR"},{"@type":"Organization","@id":"https:\/\/bluesparkmtl.ca\/fr\/#organization","name":"Blue Spark Developmental Center","url":"https:\/\/bluesparkmtl.ca\/fr\/","logo":{"@type":"ImageObject","inLanguage":"fr-FR","@id":"https:\/\/bluesparkmtl.ca\/fr\/#\/schema\/logo\/image\/","url":"https:\/\/i0.wp.com\/bluesparkmtl.ca\/wp-content\/uploads\/2022\/04\/cropped-bluespark-logo.png?fit=731%2C279&ssl=1","contentUrl":"https:\/\/i0.wp.com\/bluesparkmtl.ca\/wp-content\/uploads\/2022\/04\/cropped-bluespark-logo.png?fit=731%2C279&ssl=1","width":731,"height":279,"caption":"Blue Spark Developmental Center"},"image":{"@id":"https:\/\/bluesparkmtl.ca\/fr\/#\/schema\/logo\/image\/"}}]}},"jetpack_sharing_enabled":true,"amp_enabled":true,"_links":{"self":[{"href":"https:\/\/bluesparkmtl.ca\/fr\/wp-json\/wp\/v2\/pages\/3321","targetHints":{"allow":["GET"]}}],"collection":[{"href":"https:\/\/bluesparkmtl.ca\/fr\/wp-json\/wp\/v2\/pages"}],"about":[{"href":"https:\/\/bluesparkmtl.ca\/fr\/wp-json\/wp\/v2\/types\/page"}],"author":[{"embeddable":true,"href":"https:\/\/bluesparkmtl.ca\/fr\/wp-json\/wp\/v2\/users\/2"}],"replies":[{"embeddable":true,"href":"https:\/\/bluesparkmtl.ca\/fr\/wp-json\/wp\/v2\/comments?post=3321"}],"version-history":[{"count":5,"href":"https:\/\/bluesparkmtl.ca\/fr\/wp-json\/wp\/v2\/pages\/3321\/revisions"}],"predecessor-version":[{"id":3387,"href":"https:\/\/bluesparkmtl.ca\/fr\/wp-json\/wp\/v2\/pages\/3321\/revisions\/3387"}],"up":[{"embeddable":true,"href":"https:\/\/bluesparkmtl.ca\/fr\/wp-json\/wp\/v2\/pages\/3348"}],"wp:attachment":[{"href":"https:\/\/bluesparkmtl.ca\/fr\/wp-json\/wp\/v2\/media?parent=3321"}],"wp:term":[{"taxonomy":"post_tag","embeddable":true,"href":"https:\/\/bluesparkmtl.ca\/fr\/wp-json\/wp\/v2\/tags?post=3321"}],"curies":[{"name":"wp","href":"https:\/\/api.w.org\/{rel}","templated":true}]}}