{"id":3324,"date":"2020-05-13T20:37:22","date_gmt":"2020-05-13T20:37:22","guid":{"rendered":"https:\/\/bluesparkmtl.ca\/carrieres\/"},"modified":"2023-12-27T17:02:21","modified_gmt":"2023-12-27T17:02:21","slug":"carrieres","status":"publish","type":"page","link":"https:\/\/bluesparkmtl.ca\/fr\/carrieres\/","title":{"rendered":"Carri\u00e8res"},"content":{"rendered":"\n<figure class=\"wp-block-image size-large\"><img data-recalc-dims=\"1\" decoding=\"async\" src=\"https:\/\/i0.wp.com\/bluesparkmtl.ca\/wp-content\/uploads\/2020\/06\/canva-small-child-sketching-in-notebook-studying-with-tutor.jpg?w=825&#038;ssl=1\" alt=\"\"\/><\/figure>\n\n<p>Vous \u00eates passionn\u00e9(e) par l&rsquo;id\u00e9e de faire la diff\u00e9rence ? Vous \u00eates int\u00e9ress\u00e9 par une carri\u00e8re dans le domaine de l&rsquo;\u00e9ducation et de la formation des apprenants ayant des besoins sp\u00e9cifiques ? Vous \u00eates dipl\u00f4m\u00e9 ou \u00e9tudiant en psychologie, en \u00e9ducation, en analyse du comportement ou dans un domaine connexe ? On aimerait vous rencontrer!<\/p>\n\n<p>Nous sommes toujours disponibles pour des entretiens et des rencontres avec des candidats potentiels pour des postes de technicien du comportement, de sp\u00e9cialiste de l&rsquo;inclusion ou d&rsquo;accompagnateur. Bien que la formation et l&rsquo;exp\u00e9rience ant\u00e9rieures soient toujours appr\u00e9ci\u00e9es, nous croyons qu&rsquo;il est important d&rsquo;investir dans les personnes qui ont la passion et le dynamisme n\u00e9cessaires. <\/p>\n\n<p>Des opportunit\u00e9s sont disponibles pour les personnes avec ou sans exp\u00e9rience et une formation sera fournie.<\/p>\n\n<p><strong>Si vous \u00eates int\u00e9ress\u00e9, veuillez nous envoyer votre curriculum vitae \u00e0 l&rsquo;adresse <a href=\"mailto:contact@bluesparkmtl.ca\">suivante : contact@bluesparkmtl.ca<\/a><\/strong><\/p>\n\n<p><\/p>\n","protected":false},"excerpt":{"rendered":"<p>Vous \u00eates passionn\u00e9(e) par l&rsquo;id\u00e9e de faire la diff\u00e9rence ? Vous \u00eates int\u00e9ress\u00e9 par une carri\u00e8re dans le domaine de l&rsquo;\u00e9ducation et de la formation des apprenants ayant des besoins sp\u00e9cifiques ? Vous \u00eates dipl\u00f4m\u00e9 ou \u00e9tudiant en psychologie, en \u00e9ducation, en analyse du comportement ou dans un domaine connexe ? On aimerait vous rencontrer!&hellip; <a href=\"https:\/\/bluesparkmtl.ca\/fr\/carrieres\/\" class=\"more-link\">Lire la suite <span class=\"screen-reader-text\">Carri\u00e8res<\/span><\/a><\/p>\n","protected":false},"author":2,"featured_media":0,"parent":0,"menu_order":0,"comment_status":"closed","ping_status":"closed","template":"templates\/full-width-page.php","meta":{"om_disable_all_campaigns":false,"_monsterinsights_skip_tracking":false,"_monsterinsights_sitenote_active":false,"_monsterinsights_sitenote_note":"","_monsterinsights_sitenote_category":0,"_wp_convertkit_post_meta":{"form":"-1","landing_page":"0","tag":"0","restrict_content":"0"},"footnotes":""},"tags":[],"class_list":["post-3324","page","type-page","status-publish","hentry","without-featured-image"],"yoast_head":"<!-- This site is optimized with the Yoast SEO plugin v27.5 - https:\/\/yoast.com\/product\/yoast-seo-wordpress\/ -->\n<title>Carri\u00e8res - Blue Spark Developmental Center<\/title>\n<meta name=\"robots\" content=\"index, follow, max-snippet:-1, max-image-preview:large, max-video-preview:-1\" \/>\n<link rel=\"canonical\" href=\"https:\/\/bluesparkmtl.ca\/fr\/carrieres\/\" \/>\n<meta property=\"og:locale\" content=\"fr_FR\" \/>\n<meta property=\"og:type\" content=\"article\" \/>\n<meta property=\"og:title\" content=\"Carri\u00e8res - Blue Spark Developmental Center\" \/>\n<meta property=\"og:description\" content=\"Vous \u00eates passionn\u00e9(e) par l&rsquo;id\u00e9e de faire la diff\u00e9rence ? Vous \u00eates int\u00e9ress\u00e9 par une carri\u00e8re dans le domaine de l&rsquo;\u00e9ducation et de la formation des apprenants ayant des besoins sp\u00e9cifiques ? Vous \u00eates dipl\u00f4m\u00e9 ou \u00e9tudiant en psychologie, en \u00e9ducation, en analyse du comportement ou dans un domaine connexe ? On aimerait vous rencontrer!&hellip; Lire la suite Carri\u00e8res\" \/>\n<meta property=\"og:url\" content=\"https:\/\/bluesparkmtl.ca\/fr\/carrieres\/\" \/>\n<meta property=\"og:site_name\" content=\"Blue Spark Developmental Center\" \/>\n<meta property=\"article:modified_time\" content=\"2023-12-27T17:02:21+00:00\" \/>\n<meta property=\"og:image\" content=\"https:\/\/bluesparkmtl.ca\/wp-content\/uploads\/2020\/06\/canva-small-child-sketching-in-notebook-studying-with-tutor.jpg?w=1024\" \/>\n<meta name=\"twitter:card\" content=\"summary_large_image\" \/>\n<meta name=\"twitter:label1\" content=\"Dur\u00e9e de lecture estim\u00e9e\" \/>\n\t<meta name=\"twitter:data1\" content=\"1 minute\" \/>\n<script type=\"application\/ld+json\" class=\"yoast-schema-graph\">{\"@context\":\"https:\\\/\\\/schema.org\",\"@graph\":[{\"@type\":\"WebPage\",\"@id\":\"https:\\\/\\\/bluesparkmtl.ca\\\/fr\\\/carrieres\\\/\",\"url\":\"https:\\\/\\\/bluesparkmtl.ca\\\/fr\\\/carrieres\\\/\",\"name\":\"Carri\u00e8res - Blue Spark Developmental Center\",\"isPartOf\":{\"@id\":\"https:\\\/\\\/bluesparkmtl.ca\\\/fr\\\/#website\"},\"primaryImageOfPage\":{\"@id\":\"https:\\\/\\\/bluesparkmtl.ca\\\/fr\\\/carrieres\\\/#primaryimage\"},\"image\":{\"@id\":\"https:\\\/\\\/bluesparkmtl.ca\\\/fr\\\/carrieres\\\/#primaryimage\"},\"thumbnailUrl\":\"https:\\\/\\\/bluesparkmtl.ca\\\/wp-content\\\/uploads\\\/2020\\\/06\\\/canva-small-child-sketching-in-notebook-studying-with-tutor.jpg?w=1024\",\"datePublished\":\"2020-05-13T20:37:22+00:00\",\"dateModified\":\"2023-12-27T17:02:21+00:00\",\"breadcrumb\":{\"@id\":\"https:\\\/\\\/bluesparkmtl.ca\\\/fr\\\/carrieres\\\/#breadcrumb\"},\"inLanguage\":\"fr-FR\",\"potentialAction\":[{\"@type\":\"ReadAction\",\"target\":[\"https:\\\/\\\/bluesparkmtl.ca\\\/fr\\\/carrieres\\\/\"]}]},{\"@type\":\"ImageObject\",\"inLanguage\":\"fr-FR\",\"@id\":\"https:\\\/\\\/bluesparkmtl.ca\\\/fr\\\/carrieres\\\/#primaryimage\",\"url\":\"https:\\\/\\\/bluesparkmtl.ca\\\/wp-content\\\/uploads\\\/2020\\\/06\\\/canva-small-child-sketching-in-notebook-studying-with-tutor.jpg?w=1024\",\"contentUrl\":\"https:\\\/\\\/bluesparkmtl.ca\\\/wp-content\\\/uploads\\\/2020\\\/06\\\/canva-small-child-sketching-in-notebook-studying-with-tutor.jpg?w=1024\"},{\"@type\":\"BreadcrumbList\",\"@id\":\"https:\\\/\\\/bluesparkmtl.ca\\\/fr\\\/carrieres\\\/#breadcrumb\",\"itemListElement\":[{\"@type\":\"ListItem\",\"position\":1,\"name\":\"Home\",\"item\":\"https:\\\/\\\/bluesparkmtl.ca\\\/fr\\\/\"},{\"@type\":\"ListItem\",\"position\":2,\"name\":\"Carri\u00e8res\"}]},{\"@type\":\"WebSite\",\"@id\":\"https:\\\/\\\/bluesparkmtl.ca\\\/fr\\\/#website\",\"url\":\"https:\\\/\\\/bluesparkmtl.ca\\\/fr\\\/\",\"name\":\"Blue Spark Developmental Center\",\"description\":\"Etincelle Bleue Centre de D\u00e9veloppement\",\"publisher\":{\"@id\":\"https:\\\/\\\/bluesparkmtl.ca\\\/fr\\\/#organization\"},\"potentialAction\":[{\"@type\":\"SearchAction\",\"target\":{\"@type\":\"EntryPoint\",\"urlTemplate\":\"https:\\\/\\\/bluesparkmtl.ca\\\/fr\\\/?s={search_term_string}\"},\"query-input\":{\"@type\":\"PropertyValueSpecification\",\"valueRequired\":true,\"valueName\":\"search_term_string\"}}],\"inLanguage\":\"fr-FR\"},{\"@type\":\"Organization\",\"@id\":\"https:\\\/\\\/bluesparkmtl.ca\\\/fr\\\/#organization\",\"name\":\"Blue Spark Developmental Center\",\"url\":\"https:\\\/\\\/bluesparkmtl.ca\\\/fr\\\/\",\"logo\":{\"@type\":\"ImageObject\",\"inLanguage\":\"fr-FR\",\"@id\":\"https:\\\/\\\/bluesparkmtl.ca\\\/fr\\\/#\\\/schema\\\/logo\\\/image\\\/\",\"url\":\"https:\\\/\\\/i0.wp.com\\\/bluesparkmtl.ca\\\/wp-content\\\/uploads\\\/2022\\\/04\\\/cropped-bluespark-logo.png?fit=731%2C279&ssl=1\",\"contentUrl\":\"https:\\\/\\\/i0.wp.com\\\/bluesparkmtl.ca\\\/wp-content\\\/uploads\\\/2022\\\/04\\\/cropped-bluespark-logo.png?fit=731%2C279&ssl=1\",\"width\":731,\"height\":279,\"caption\":\"Blue Spark Developmental Center\"},\"image\":{\"@id\":\"https:\\\/\\\/bluesparkmtl.ca\\\/fr\\\/#\\\/schema\\\/logo\\\/image\\\/\"}}]}<\/script>\n<!-- \/ Yoast SEO plugin. -->","yoast_head_json":{"title":"Carri\u00e8res - Blue Spark Developmental Center","robots":{"index":"index","follow":"follow","max-snippet":"max-snippet:-1","max-image-preview":"max-image-preview:large","max-video-preview":"max-video-preview:-1"},"canonical":"https:\/\/bluesparkmtl.ca\/fr\/carrieres\/","og_locale":"fr_FR","og_type":"article","og_title":"Carri\u00e8res - Blue Spark Developmental Center","og_description":"Vous \u00eates passionn\u00e9(e) par l&rsquo;id\u00e9e de faire la diff\u00e9rence ? Vous \u00eates int\u00e9ress\u00e9 par une carri\u00e8re dans le domaine de l&rsquo;\u00e9ducation et de la formation des apprenants ayant des besoins sp\u00e9cifiques ? Vous \u00eates dipl\u00f4m\u00e9 ou \u00e9tudiant en psychologie, en \u00e9ducation, en analyse du comportement ou dans un domaine connexe ? On aimerait vous rencontrer!&hellip; Lire la suite Carri\u00e8res","og_url":"https:\/\/bluesparkmtl.ca\/fr\/carrieres\/","og_site_name":"Blue Spark Developmental Center","article_modified_time":"2023-12-27T17:02:21+00:00","og_image":[{"url":"https:\/\/bluesparkmtl.ca\/wp-content\/uploads\/2020\/06\/canva-small-child-sketching-in-notebook-studying-with-tutor.jpg?w=1024","type":"","width":"","height":""}],"twitter_card":"summary_large_image","twitter_misc":{"Dur\u00e9e de lecture estim\u00e9e":"1 minute"},"schema":{"@context":"https:\/\/schema.org","@graph":[{"@type":"WebPage","@id":"https:\/\/bluesparkmtl.ca\/fr\/carrieres\/","url":"https:\/\/bluesparkmtl.ca\/fr\/carrieres\/","name":"Carri\u00e8res - Blue Spark Developmental Center","isPartOf":{"@id":"https:\/\/bluesparkmtl.ca\/fr\/#website"},"primaryImageOfPage":{"@id":"https:\/\/bluesparkmtl.ca\/fr\/carrieres\/#primaryimage"},"image":{"@id":"https:\/\/bluesparkmtl.ca\/fr\/carrieres\/#primaryimage"},"thumbnailUrl":"https:\/\/bluesparkmtl.ca\/wp-content\/uploads\/2020\/06\/canva-small-child-sketching-in-notebook-studying-with-tutor.jpg?w=1024","datePublished":"2020-05-13T20:37:22+00:00","dateModified":"2023-12-27T17:02:21+00:00","breadcrumb":{"@id":"https:\/\/bluesparkmtl.ca\/fr\/carrieres\/#breadcrumb"},"inLanguage":"fr-FR","potentialAction":[{"@type":"ReadAction","target":["https:\/\/bluesparkmtl.ca\/fr\/carrieres\/"]}]},{"@type":"ImageObject","inLanguage":"fr-FR","@id":"https:\/\/bluesparkmtl.ca\/fr\/carrieres\/#primaryimage","url":"https:\/\/bluesparkmtl.ca\/wp-content\/uploads\/2020\/06\/canva-small-child-sketching-in-notebook-studying-with-tutor.jpg?w=1024","contentUrl":"https:\/\/bluesparkmtl.ca\/wp-content\/uploads\/2020\/06\/canva-small-child-sketching-in-notebook-studying-with-tutor.jpg?w=1024"},{"@type":"BreadcrumbList","@id":"https:\/\/bluesparkmtl.ca\/fr\/carrieres\/#breadcrumb","itemListElement":[{"@type":"ListItem","position":1,"name":"Home","item":"https:\/\/bluesparkmtl.ca\/fr\/"},{"@type":"ListItem","position":2,"name":"Carri\u00e8res"}]},{"@type":"WebSite","@id":"https:\/\/bluesparkmtl.ca\/fr\/#website","url":"https:\/\/bluesparkmtl.ca\/fr\/","name":"Blue Spark Developmental Center","description":"Etincelle Bleue Centre de D\u00e9veloppement","publisher":{"@id":"https:\/\/bluesparkmtl.ca\/fr\/#organization"},"potentialAction":[{"@type":"SearchAction","target":{"@type":"EntryPoint","urlTemplate":"https:\/\/bluesparkmtl.ca\/fr\/?s={search_term_string}"},"query-input":{"@type":"PropertyValueSpecification","valueRequired":true,"valueName":"search_term_string"}}],"inLanguage":"fr-FR"},{"@type":"Organization","@id":"https:\/\/bluesparkmtl.ca\/fr\/#organization","name":"Blue Spark Developmental Center","url":"https:\/\/bluesparkmtl.ca\/fr\/","logo":{"@type":"ImageObject","inLanguage":"fr-FR","@id":"https:\/\/bluesparkmtl.ca\/fr\/#\/schema\/logo\/image\/","url":"https:\/\/i0.wp.com\/bluesparkmtl.ca\/wp-content\/uploads\/2022\/04\/cropped-bluespark-logo.png?fit=731%2C279&ssl=1","contentUrl":"https:\/\/i0.wp.com\/bluesparkmtl.ca\/wp-content\/uploads\/2022\/04\/cropped-bluespark-logo.png?fit=731%2C279&ssl=1","width":731,"height":279,"caption":"Blue Spark Developmental Center"},"image":{"@id":"https:\/\/bluesparkmtl.ca\/fr\/#\/schema\/logo\/image\/"}}]}},"jetpack_sharing_enabled":true,"amp_enabled":true,"_links":{"self":[{"href":"https:\/\/bluesparkmtl.ca\/fr\/wp-json\/wp\/v2\/pages\/3324","targetHints":{"allow":["GET"]}}],"collection":[{"href":"https:\/\/bluesparkmtl.ca\/fr\/wp-json\/wp\/v2\/pages"}],"about":[{"href":"https:\/\/bluesparkmtl.ca\/fr\/wp-json\/wp\/v2\/types\/page"}],"author":[{"embeddable":true,"href":"https:\/\/bluesparkmtl.ca\/fr\/wp-json\/wp\/v2\/users\/2"}],"replies":[{"embeddable":true,"href":"https:\/\/bluesparkmtl.ca\/fr\/wp-json\/wp\/v2\/comments?post=3324"}],"version-history":[{"count":3,"href":"https:\/\/bluesparkmtl.ca\/fr\/wp-json\/wp\/v2\/pages\/3324\/revisions"}],"predecessor-version":[{"id":3384,"href":"https:\/\/bluesparkmtl.ca\/fr\/wp-json\/wp\/v2\/pages\/3324\/revisions\/3384"}],"wp:attachment":[{"href":"https:\/\/bluesparkmtl.ca\/fr\/wp-json\/wp\/v2\/media?parent=3324"}],"wp:term":[{"taxonomy":"post_tag","embeddable":true,"href":"https:\/\/bluesparkmtl.ca\/fr\/wp-json\/wp\/v2\/tags?post=3324"}],"curies":[{"name":"wp","href":"https:\/\/api.w.org\/{rel}","templated":true}]}}