{"id":3327,"date":"2020-05-13T20:29:25","date_gmt":"2020-05-13T20:29:25","guid":{"rendered":"https:\/\/bluesparkmtl.ca\/inclusion-communautaire\/"},"modified":"2023-12-27T15:43:16","modified_gmt":"2023-12-27T15:43:16","slug":"inclusion-communautaire","status":"publish","type":"page","link":"https:\/\/bluesparkmtl.ca\/fr\/nos-services\/inclusion-communautaire\/","title":{"rendered":"Inclusion communautaire"},"content":{"rendered":"\n<div class=\"wp-block-group alignfull\"><div class=\"wp-block-group__inner-container is-layout-flow wp-block-group-is-layout-flow\">\n<figure class=\"wp-block-image size-large is-style-default\"><img data-recalc-dims=\"1\" loading=\"lazy\" decoding=\"async\" width=\"825\" height=\"549\" src=\"https:\/\/i0.wp.com\/bluesparkmtl.ca\/wp-content\/uploads\/2020\/06\/canva-photo-of-kids-playing-hockey.jpg?resize=825%2C549&#038;ssl=1\" alt=\"\" class=\"wp-image-308\" srcset=\"https:\/\/i0.wp.com\/bluesparkmtl.ca\/wp-content\/uploads\/2020\/06\/canva-photo-of-kids-playing-hockey.jpg?w=1600&amp;ssl=1 1600w, https:\/\/i0.wp.com\/bluesparkmtl.ca\/wp-content\/uploads\/2020\/06\/canva-photo-of-kids-playing-hockey.jpg?resize=300%2C200&amp;ssl=1 300w, https:\/\/i0.wp.com\/bluesparkmtl.ca\/wp-content\/uploads\/2020\/06\/canva-photo-of-kids-playing-hockey.jpg?resize=1024%2C682&amp;ssl=1 1024w, https:\/\/i0.wp.com\/bluesparkmtl.ca\/wp-content\/uploads\/2020\/06\/canva-photo-of-kids-playing-hockey.jpg?resize=768%2C511&amp;ssl=1 768w, https:\/\/i0.wp.com\/bluesparkmtl.ca\/wp-content\/uploads\/2020\/06\/canva-photo-of-kids-playing-hockey.jpg?resize=1536%2C1022&amp;ssl=1 1536w\" sizes=\"auto, (max-width: 825px) 100vw, 825px\" \/><\/figure>\n\n\n\n<p>La vie ne se d\u00e9roule pas dans une bulle. Nous reconnaissons l&rsquo;importance pour nos apprenants non seulement d&rsquo;acqu\u00e9rir des comp\u00e9tences par le biais d&rsquo;une intervention individuelle, mais aussi d&rsquo;\u00eatre en mesure d&rsquo;utiliser ces comp\u00e9tences en toute s\u00e9curit\u00e9 dans le monde r\u00e9el. Notre programme ABA communautaire fait sortir l&rsquo;apprentissage de la salle de th\u00e9rapie, de la maison ou de la salle de classe pour l&rsquo;amener dans le monde ext\u00e9rieur.<\/p>\n\n\n\n<p>Nous nous attachons \u00e0 g\u00e9n\u00e9raliser les comp\u00e9tences acquises dans d&rsquo;autres environnements, \u00e0 enseigner la s\u00e9curit\u00e9 et la sensibilisation, et \u00e0 am\u00e9liorer l&rsquo;ind\u00e9pendance. Nos programmes communautaires utilisent des sorties soigneusement planifi\u00e9es avec le niveau de soutien appropri\u00e9 pour garantir un enseignement pertinent et concret tout en assurant la s\u00e9curit\u00e9 de votre enfant.<\/p>\n\n\n<div class=\"wp-block-jetpack-calendly calendly-style-inline\" id=\"calendly-block-1\"><\/div>\n\n\n<p>L&rsquo;int\u00e9gration dans une classe ou un groupe peut s&rsquo;av\u00e9rer difficile pour certains apprenants. Nos services d&rsquo;inclusion et d&rsquo;accompagnement apportent un soutien \u00e0 votre enfant dans l&rsquo;environnement o\u00f9 il en a le plus besoin.<\/p>\n\n\n\n<p>Les services sont propos\u00e9s dans les cr\u00e8ches, les \u00e9coles et au sein de la communaut\u00e9. Nous vous rencontrons pour discuter des options et vous aider \u00e0 choisir celle qui convient le mieux \u00e0 votre enfant et \u00e0 sa situation.<\/p>\n\n\n\n<p>L&rsquo;objectif de tout service d&rsquo;accompagnement ou d&rsquo;inclusion est d&rsquo;aider votre enfant \u00e0 \u00eatre aussi s\u00fbr, heureux et ind\u00e9pendant que possible dans son interaction avec le monde qui l&rsquo;entoure.<\/p>\n\n\n\n<p><strong><a href=\"https:\/\/calendly.com\/bluesparkmontreal\">Planifiez<\/a> une consultation t\u00e9l\u00e9phonique gratuite de 30 minutes ou appelez le (514) 607-9377<\/strong> <strong>d\u00e8s maintenant !<\/strong><\/p>\n<\/div><\/div>\n\n<p><\/p>\n","protected":false},"excerpt":{"rendered":"<p>La vie ne se d\u00e9roule pas dans une bulle. Nous reconnaissons l&rsquo;importance pour nos apprenants non seulement d&rsquo;acqu\u00e9rir des comp\u00e9tences par le biais d&rsquo;une intervention individuelle, mais aussi d&rsquo;\u00eatre en mesure d&rsquo;utiliser ces comp\u00e9tences en toute s\u00e9curit\u00e9 dans le monde r\u00e9el. Notre programme ABA communautaire fait sortir l&rsquo;apprentissage de la salle de th\u00e9rapie, de la&hellip; <a href=\"https:\/\/bluesparkmtl.ca\/fr\/nos-services\/inclusion-communautaire\/\" class=\"more-link\">Lire la suite <span class=\"screen-reader-text\">Inclusion communautaire<\/span><\/a><\/p>\n","protected":false},"author":2,"featured_media":0,"parent":3348,"menu_order":0,"comment_status":"closed","ping_status":"closed","template":"templates\/full-width-page.php","meta":{"om_disable_all_campaigns":false,"_monsterinsights_skip_tracking":false,"_monsterinsights_sitenote_active":false,"_monsterinsights_sitenote_note":"","_monsterinsights_sitenote_category":0,"_wp_convertkit_post_meta":{"form":"-1","landing_page":"0","tag":"0","restrict_content":"0"},"footnotes":""},"tags":[],"class_list":["post-3327","page","type-page","status-publish","hentry","without-featured-image"],"yoast_head":"<!-- This site is optimized with the Yoast SEO plugin v27.5 - https:\/\/yoast.com\/product\/yoast-seo-wordpress\/ -->\n<title>Inclusion communautaire - Blue Spark Developmental Center<\/title>\n<meta name=\"robots\" content=\"index, follow, max-snippet:-1, max-image-preview:large, max-video-preview:-1\" \/>\n<link rel=\"canonical\" href=\"https:\/\/bluesparkmtl.ca\/fr\/nos-services\/inclusion-communautaire\/\" \/>\n<meta property=\"og:locale\" content=\"fr_FR\" \/>\n<meta property=\"og:type\" content=\"article\" \/>\n<meta property=\"og:title\" content=\"Inclusion communautaire - Blue Spark Developmental Center\" \/>\n<meta property=\"og:description\" content=\"La vie ne se d\u00e9roule pas dans une bulle. Nous reconnaissons l&rsquo;importance pour nos apprenants non seulement d&rsquo;acqu\u00e9rir des comp\u00e9tences par le biais d&rsquo;une intervention individuelle, mais aussi d&rsquo;\u00eatre en mesure d&rsquo;utiliser ces comp\u00e9tences en toute s\u00e9curit\u00e9 dans le monde r\u00e9el. Notre programme ABA communautaire fait sortir l&rsquo;apprentissage de la salle de th\u00e9rapie, de la&hellip; Lire la suite Inclusion communautaire\" \/>\n<meta property=\"og:url\" content=\"https:\/\/bluesparkmtl.ca\/fr\/nos-services\/inclusion-communautaire\/\" \/>\n<meta property=\"og:site_name\" content=\"Blue Spark Developmental Center\" \/>\n<meta property=\"article:modified_time\" content=\"2023-12-27T15:43:16+00:00\" \/>\n<meta property=\"og:image\" content=\"https:\/\/bluesparkmtl.ca\/wp-content\/uploads\/2020\/06\/canva-photo-of-kids-playing-hockey.jpg?w=825\" \/>\n<meta name=\"twitter:card\" content=\"summary_large_image\" \/>\n<meta name=\"twitter:label1\" content=\"Dur\u00e9e de lecture estim\u00e9e\" \/>\n\t<meta name=\"twitter:data1\" content=\"1 minute\" \/>\n<script type=\"application\/ld+json\" class=\"yoast-schema-graph\">{\"@context\":\"https:\\\/\\\/schema.org\",\"@graph\":[{\"@type\":\"WebPage\",\"@id\":\"https:\\\/\\\/bluesparkmtl.ca\\\/fr\\\/nos-services\\\/inclusion-communautaire\\\/\",\"url\":\"https:\\\/\\\/bluesparkmtl.ca\\\/fr\\\/nos-services\\\/inclusion-communautaire\\\/\",\"name\":\"Inclusion communautaire - Blue Spark Developmental Center\",\"isPartOf\":{\"@id\":\"https:\\\/\\\/bluesparkmtl.ca\\\/fr\\\/#website\"},\"primaryImageOfPage\":{\"@id\":\"https:\\\/\\\/bluesparkmtl.ca\\\/fr\\\/nos-services\\\/inclusion-communautaire\\\/#primaryimage\"},\"image\":{\"@id\":\"https:\\\/\\\/bluesparkmtl.ca\\\/fr\\\/nos-services\\\/inclusion-communautaire\\\/#primaryimage\"},\"thumbnailUrl\":\"https:\\\/\\\/bluesparkmtl.ca\\\/wp-content\\\/uploads\\\/2020\\\/06\\\/canva-photo-of-kids-playing-hockey.jpg?w=825\",\"datePublished\":\"2020-05-13T20:29:25+00:00\",\"dateModified\":\"2023-12-27T15:43:16+00:00\",\"breadcrumb\":{\"@id\":\"https:\\\/\\\/bluesparkmtl.ca\\\/fr\\\/nos-services\\\/inclusion-communautaire\\\/#breadcrumb\"},\"inLanguage\":\"fr-FR\",\"potentialAction\":[{\"@type\":\"ReadAction\",\"target\":[\"https:\\\/\\\/bluesparkmtl.ca\\\/fr\\\/nos-services\\\/inclusion-communautaire\\\/\"]}]},{\"@type\":\"ImageObject\",\"inLanguage\":\"fr-FR\",\"@id\":\"https:\\\/\\\/bluesparkmtl.ca\\\/fr\\\/nos-services\\\/inclusion-communautaire\\\/#primaryimage\",\"url\":\"https:\\\/\\\/bluesparkmtl.ca\\\/wp-content\\\/uploads\\\/2020\\\/06\\\/canva-photo-of-kids-playing-hockey.jpg?w=825\",\"contentUrl\":\"https:\\\/\\\/bluesparkmtl.ca\\\/wp-content\\\/uploads\\\/2020\\\/06\\\/canva-photo-of-kids-playing-hockey.jpg?w=825\"},{\"@type\":\"BreadcrumbList\",\"@id\":\"https:\\\/\\\/bluesparkmtl.ca\\\/fr\\\/nos-services\\\/inclusion-communautaire\\\/#breadcrumb\",\"itemListElement\":[{\"@type\":\"ListItem\",\"position\":1,\"name\":\"Home\",\"item\":\"https:\\\/\\\/bluesparkmtl.ca\\\/fr\\\/\"},{\"@type\":\"ListItem\",\"position\":2,\"name\":\"Inclusion communautaire\"}]},{\"@type\":\"WebSite\",\"@id\":\"https:\\\/\\\/bluesparkmtl.ca\\\/fr\\\/#website\",\"url\":\"https:\\\/\\\/bluesparkmtl.ca\\\/fr\\\/\",\"name\":\"Blue Spark Developmental Center\",\"description\":\"Etincelle Bleue Centre de D\u00e9veloppement\",\"publisher\":{\"@id\":\"https:\\\/\\\/bluesparkmtl.ca\\\/fr\\\/#organization\"},\"potentialAction\":[{\"@type\":\"SearchAction\",\"target\":{\"@type\":\"EntryPoint\",\"urlTemplate\":\"https:\\\/\\\/bluesparkmtl.ca\\\/fr\\\/?s={search_term_string}\"},\"query-input\":{\"@type\":\"PropertyValueSpecification\",\"valueRequired\":true,\"valueName\":\"search_term_string\"}}],\"inLanguage\":\"fr-FR\"},{\"@type\":\"Organization\",\"@id\":\"https:\\\/\\\/bluesparkmtl.ca\\\/fr\\\/#organization\",\"name\":\"Blue Spark Developmental Center\",\"url\":\"https:\\\/\\\/bluesparkmtl.ca\\\/fr\\\/\",\"logo\":{\"@type\":\"ImageObject\",\"inLanguage\":\"fr-FR\",\"@id\":\"https:\\\/\\\/bluesparkmtl.ca\\\/fr\\\/#\\\/schema\\\/logo\\\/image\\\/\",\"url\":\"https:\\\/\\\/i0.wp.com\\\/bluesparkmtl.ca\\\/wp-content\\\/uploads\\\/2022\\\/04\\\/cropped-bluespark-logo.png?fit=731%2C279&ssl=1\",\"contentUrl\":\"https:\\\/\\\/i0.wp.com\\\/bluesparkmtl.ca\\\/wp-content\\\/uploads\\\/2022\\\/04\\\/cropped-bluespark-logo.png?fit=731%2C279&ssl=1\",\"width\":731,\"height\":279,\"caption\":\"Blue Spark Developmental Center\"},\"image\":{\"@id\":\"https:\\\/\\\/bluesparkmtl.ca\\\/fr\\\/#\\\/schema\\\/logo\\\/image\\\/\"}}]}<\/script>\n<!-- \/ Yoast SEO plugin. -->","yoast_head_json":{"title":"Inclusion communautaire - Blue Spark Developmental Center","robots":{"index":"index","follow":"follow","max-snippet":"max-snippet:-1","max-image-preview":"max-image-preview:large","max-video-preview":"max-video-preview:-1"},"canonical":"https:\/\/bluesparkmtl.ca\/fr\/nos-services\/inclusion-communautaire\/","og_locale":"fr_FR","og_type":"article","og_title":"Inclusion communautaire - Blue Spark Developmental Center","og_description":"La vie ne se d\u00e9roule pas dans une bulle. Nous reconnaissons l&rsquo;importance pour nos apprenants non seulement d&rsquo;acqu\u00e9rir des comp\u00e9tences par le biais d&rsquo;une intervention individuelle, mais aussi d&rsquo;\u00eatre en mesure d&rsquo;utiliser ces comp\u00e9tences en toute s\u00e9curit\u00e9 dans le monde r\u00e9el. Notre programme ABA communautaire fait sortir l&rsquo;apprentissage de la salle de th\u00e9rapie, de la&hellip; Lire la suite Inclusion communautaire","og_url":"https:\/\/bluesparkmtl.ca\/fr\/nos-services\/inclusion-communautaire\/","og_site_name":"Blue Spark Developmental Center","article_modified_time":"2023-12-27T15:43:16+00:00","og_image":[{"url":"https:\/\/bluesparkmtl.ca\/wp-content\/uploads\/2020\/06\/canva-photo-of-kids-playing-hockey.jpg?w=825","type":"","width":"","height":""}],"twitter_card":"summary_large_image","twitter_misc":{"Dur\u00e9e de lecture estim\u00e9e":"1 minute"},"schema":{"@context":"https:\/\/schema.org","@graph":[{"@type":"WebPage","@id":"https:\/\/bluesparkmtl.ca\/fr\/nos-services\/inclusion-communautaire\/","url":"https:\/\/bluesparkmtl.ca\/fr\/nos-services\/inclusion-communautaire\/","name":"Inclusion communautaire - Blue Spark Developmental Center","isPartOf":{"@id":"https:\/\/bluesparkmtl.ca\/fr\/#website"},"primaryImageOfPage":{"@id":"https:\/\/bluesparkmtl.ca\/fr\/nos-services\/inclusion-communautaire\/#primaryimage"},"image":{"@id":"https:\/\/bluesparkmtl.ca\/fr\/nos-services\/inclusion-communautaire\/#primaryimage"},"thumbnailUrl":"https:\/\/bluesparkmtl.ca\/wp-content\/uploads\/2020\/06\/canva-photo-of-kids-playing-hockey.jpg?w=825","datePublished":"2020-05-13T20:29:25+00:00","dateModified":"2023-12-27T15:43:16+00:00","breadcrumb":{"@id":"https:\/\/bluesparkmtl.ca\/fr\/nos-services\/inclusion-communautaire\/#breadcrumb"},"inLanguage":"fr-FR","potentialAction":[{"@type":"ReadAction","target":["https:\/\/bluesparkmtl.ca\/fr\/nos-services\/inclusion-communautaire\/"]}]},{"@type":"ImageObject","inLanguage":"fr-FR","@id":"https:\/\/bluesparkmtl.ca\/fr\/nos-services\/inclusion-communautaire\/#primaryimage","url":"https:\/\/bluesparkmtl.ca\/wp-content\/uploads\/2020\/06\/canva-photo-of-kids-playing-hockey.jpg?w=825","contentUrl":"https:\/\/bluesparkmtl.ca\/wp-content\/uploads\/2020\/06\/canva-photo-of-kids-playing-hockey.jpg?w=825"},{"@type":"BreadcrumbList","@id":"https:\/\/bluesparkmtl.ca\/fr\/nos-services\/inclusion-communautaire\/#breadcrumb","itemListElement":[{"@type":"ListItem","position":1,"name":"Home","item":"https:\/\/bluesparkmtl.ca\/fr\/"},{"@type":"ListItem","position":2,"name":"Inclusion communautaire"}]},{"@type":"WebSite","@id":"https:\/\/bluesparkmtl.ca\/fr\/#website","url":"https:\/\/bluesparkmtl.ca\/fr\/","name":"Blue Spark Developmental Center","description":"Etincelle Bleue Centre de D\u00e9veloppement","publisher":{"@id":"https:\/\/bluesparkmtl.ca\/fr\/#organization"},"potentialAction":[{"@type":"SearchAction","target":{"@type":"EntryPoint","urlTemplate":"https:\/\/bluesparkmtl.ca\/fr\/?s={search_term_string}"},"query-input":{"@type":"PropertyValueSpecification","valueRequired":true,"valueName":"search_term_string"}}],"inLanguage":"fr-FR"},{"@type":"Organization","@id":"https:\/\/bluesparkmtl.ca\/fr\/#organization","name":"Blue Spark Developmental Center","url":"https:\/\/bluesparkmtl.ca\/fr\/","logo":{"@type":"ImageObject","inLanguage":"fr-FR","@id":"https:\/\/bluesparkmtl.ca\/fr\/#\/schema\/logo\/image\/","url":"https:\/\/i0.wp.com\/bluesparkmtl.ca\/wp-content\/uploads\/2022\/04\/cropped-bluespark-logo.png?fit=731%2C279&ssl=1","contentUrl":"https:\/\/i0.wp.com\/bluesparkmtl.ca\/wp-content\/uploads\/2022\/04\/cropped-bluespark-logo.png?fit=731%2C279&ssl=1","width":731,"height":279,"caption":"Blue Spark Developmental Center"},"image":{"@id":"https:\/\/bluesparkmtl.ca\/fr\/#\/schema\/logo\/image\/"}}]}},"jetpack_sharing_enabled":true,"amp_enabled":true,"_links":{"self":[{"href":"https:\/\/bluesparkmtl.ca\/fr\/wp-json\/wp\/v2\/pages\/3327","targetHints":{"allow":["GET"]}}],"collection":[{"href":"https:\/\/bluesparkmtl.ca\/fr\/wp-json\/wp\/v2\/pages"}],"about":[{"href":"https:\/\/bluesparkmtl.ca\/fr\/wp-json\/wp\/v2\/types\/page"}],"author":[{"embeddable":true,"href":"https:\/\/bluesparkmtl.ca\/fr\/wp-json\/wp\/v2\/users\/2"}],"replies":[{"embeddable":true,"href":"https:\/\/bluesparkmtl.ca\/fr\/wp-json\/wp\/v2\/comments?post=3327"}],"version-history":[{"count":2,"href":"https:\/\/bluesparkmtl.ca\/fr\/wp-json\/wp\/v2\/pages\/3327\/revisions"}],"predecessor-version":[{"id":3338,"href":"https:\/\/bluesparkmtl.ca\/fr\/wp-json\/wp\/v2\/pages\/3327\/revisions\/3338"}],"up":[{"embeddable":true,"href":"https:\/\/bluesparkmtl.ca\/fr\/wp-json\/wp\/v2\/pages\/3348"}],"wp:attachment":[{"href":"https:\/\/bluesparkmtl.ca\/fr\/wp-json\/wp\/v2\/media?parent=3327"}],"wp:term":[{"taxonomy":"post_tag","embeddable":true,"href":"https:\/\/bluesparkmtl.ca\/fr\/wp-json\/wp\/v2\/tags?post=3327"}],"curies":[{"name":"wp","href":"https:\/\/api.w.org\/{rel}","templated":true}]}}