{"id":3343,"date":"2020-05-13T20:26:17","date_gmt":"2020-05-13T20:26:17","guid":{"rendered":"https:\/\/bluesparkmtl.ca\/ergotherapie\/"},"modified":"2023-12-27T17:00:12","modified_gmt":"2023-12-27T17:00:12","slug":"ergotherapie","status":"publish","type":"page","link":"https:\/\/bluesparkmtl.ca\/fr\/nos-services\/ergotherapie\/","title":{"rendered":"Ergoth\u00e9rapie"},"content":{"rendered":"\n<div class=\"wp-block-group alignfull\"><div class=\"wp-block-group__inner-container is-layout-flow wp-block-group-is-layout-flow\">\n<figure class=\"wp-block-image size-large\"><img data-recalc-dims=\"1\" loading=\"lazy\" decoding=\"async\" width=\"825\" height=\"550\" src=\"https:\/\/i0.wp.com\/bluesparkmtl.ca\/wp-content\/uploads\/2020\/06\/canva-photo-of-two-kids-playing-jenga.jpg?resize=825%2C550&#038;ssl=1\" alt=\"\" class=\"wp-image-315\" srcset=\"https:\/\/i0.wp.com\/bluesparkmtl.ca\/wp-content\/uploads\/2020\/06\/canva-photo-of-two-kids-playing-jenga.jpg?w=1600&amp;ssl=1 1600w, https:\/\/i0.wp.com\/bluesparkmtl.ca\/wp-content\/uploads\/2020\/06\/canva-photo-of-two-kids-playing-jenga.jpg?resize=300%2C200&amp;ssl=1 300w, https:\/\/i0.wp.com\/bluesparkmtl.ca\/wp-content\/uploads\/2020\/06\/canva-photo-of-two-kids-playing-jenga.jpg?resize=1024%2C683&amp;ssl=1 1024w, https:\/\/i0.wp.com\/bluesparkmtl.ca\/wp-content\/uploads\/2020\/06\/canva-photo-of-two-kids-playing-jenga.jpg?resize=768%2C512&amp;ssl=1 768w, https:\/\/i0.wp.com\/bluesparkmtl.ca\/wp-content\/uploads\/2020\/06\/canva-photo-of-two-kids-playing-jenga.jpg?resize=1536%2C1024&amp;ssl=1 1536w\" sizes=\"auto, (max-width: 825px) 100vw, 825px\" \/><\/figure>\n\n\n\n<p>L&rsquo;occupation d&rsquo;un enfant est de jouer, d&rsquo;apprendre et d&rsquo;explorer. Si votre enfant a du mal \u00e0 interagir avec le monde qui l&rsquo;entoure, l&rsquo;ergoth\u00e9rapie peut l&rsquo;aider.<\/p>\n\n\n\n<p>Un ergoth\u00e9rapeute est un professionnel de la sant\u00e9 qui travaille avec votre enfant et sa famille pour l&rsquo;aider \u00e0 d\u00e9velopper les comp\u00e9tences dont il a besoin pour mieux accomplir des t\u00e2ches telles que jouer, apprendre et explorer.<br\/>Le traitement d&rsquo;ergoth\u00e9rapie peut se concentrer sur une vari\u00e9t\u00e9 de comp\u00e9tences, y compris mais sans s&rsquo;y limiter :<\/p>\n\n\n\n<ul class=\"wp-block-list\"><li>Motricit\u00e9 globale<\/li><li>Motricit\u00e9 fine<\/li><li>Comp\u00e9tences visuelles<\/li><li>L&rsquo;autor\u00e9gulation<\/li><li>Traitement sensoriel<\/li><li>Comp\u00e9tences en mati\u00e8re d&rsquo;autosoins<\/li><li>\u00c9criture manuscrite<\/li><li>Comp\u00e9tences en mati\u00e8re de jeu et de loisirs<\/li><\/ul>\n\n\n\n<p>Chaque apprenant est \u00e9valu\u00e9 individuellement et travaille en t\u00eate-\u00e0-t\u00eate avec un ergoth\u00e9rapeute pour l&rsquo;aider \u00e0 am\u00e9liorer ses domaines de difficult\u00e9. La participation des parents est un aspect important de tout programme d&rsquo;ergoth\u00e9rapie. En tant que parents, vous jouez un r\u00f4le cl\u00e9 en aidant \u00e0 d\u00e9terminer les objectifs, \u00e0 s\u00e9lectionner les strat\u00e9gies qui seront fonctionnelles pour votre enfant et votre famille, et \u00e0 mettre en pratique les comp\u00e9tences dans des contextes r\u00e9els.<\/p>\n\n\n<div class=\"wp-block-jetpack-calendly calendly-style-inline\" id=\"calendly-block-1\"><\/div>\n\n\n<p>L&rsquo;ergoth\u00e9rapie vise \u00e0 aider les enfants \u00e0 participer aux t\u00e2ches fonctionnelles de la vie quotidienne. Les ergoth\u00e9rapeutes sont form\u00e9s pour \u00e9valuer des comp\u00e9tences telles que l&rsquo;\u00e9quilibre et la coordination, la motricit\u00e9 globale et fine, la motricit\u00e9 visuelle, l&rsquo;autonomie et le traitement sensoriel.  <\/p>\n\n\n\n<p>Les d\u00e9ficits dans ces domaines peuvent entra\u00eener des difficult\u00e9s \u00e0 accomplir des t\u00e2ches fonctionnelles, y compris, mais sans s&rsquo;y limiter, s&rsquo;alimenter, s&rsquo;habiller, d\u00e9couper, \u00e9crire et colorier, et participer \u00e0 des activit\u00e9s sociales avec ses pairs.<\/p>\n\n\n\n<p>Un ergoth\u00e9rapeute proc\u00e8de \u00e0 une \u00e9valuation initiale des limitations fonctionnelles et des d\u00e9ficiences du patient. Les r\u00e9sultats de l&rsquo;\u00e9valuation sont utilis\u00e9s pour cr\u00e9er des programmes de traitement personnalis\u00e9s avec des objectifs sp\u00e9cifiques et des buts \u00e0 atteindre dans le temps.  <\/p>\n\n\n\n<p>Les parents et les soignants font partie de l&rsquo;\u00e9quipe et sont en mesure d&rsquo;aider \u00e0 identifier les domaines de besoins et \u00e0 d\u00e9terminer les comp\u00e9tences fonctionnelles qui doivent \u00eatre am\u00e9lior\u00e9es.<\/p>\n\n\n\n<p><\/p>\n<\/div><\/div>\n\n<p><strong><a href=\"https:\/\/calendly.com\/bluesparkmontreal\">Planifiez<\/a> une consultation t\u00e9l\u00e9phonique gratuite de 30 minutes ou appelez le (514) 607-9377<\/strong> <strong>d\u00e8s maintenant !<\/strong><\/p>\n","protected":false},"excerpt":{"rendered":"<p>L&rsquo;occupation d&rsquo;un enfant est de jouer, d&rsquo;apprendre et d&rsquo;explorer. Si votre enfant a du mal \u00e0 interagir avec le monde qui l&rsquo;entoure, l&rsquo;ergoth\u00e9rapie peut l&rsquo;aider. Un ergoth\u00e9rapeute est un professionnel de la sant\u00e9 qui travaille avec votre enfant et sa famille pour l&rsquo;aider \u00e0 d\u00e9velopper les comp\u00e9tences dont il a besoin pour mieux accomplir des&hellip; <a href=\"https:\/\/bluesparkmtl.ca\/fr\/nos-services\/ergotherapie\/\" class=\"more-link\">Lire la suite <span class=\"screen-reader-text\">Ergoth\u00e9rapie<\/span><\/a><\/p>\n","protected":false},"author":2,"featured_media":0,"parent":3348,"menu_order":0,"comment_status":"closed","ping_status":"closed","template":"templates\/full-width-page.php","meta":{"om_disable_all_campaigns":false,"_monsterinsights_skip_tracking":false,"_monsterinsights_sitenote_active":false,"_monsterinsights_sitenote_note":"","_monsterinsights_sitenote_category":0,"_wp_convertkit_post_meta":{"form":"-1","landing_page":"0","tag":"0","restrict_content":"0"},"footnotes":""},"tags":[],"class_list":["post-3343","page","type-page","status-publish","hentry","without-featured-image"],"yoast_head":"<!-- This site is optimized with the Yoast SEO plugin v27.5 - https:\/\/yoast.com\/product\/yoast-seo-wordpress\/ -->\n<title>Ergoth\u00e9rapie - Blue Spark Developmental Center<\/title>\n<meta name=\"robots\" content=\"index, follow, max-snippet:-1, max-image-preview:large, max-video-preview:-1\" \/>\n<link rel=\"canonical\" href=\"https:\/\/bluesparkmtl.ca\/fr\/nos-services\/ergotherapie\/\" \/>\n<meta property=\"og:locale\" content=\"fr_FR\" \/>\n<meta property=\"og:type\" content=\"article\" \/>\n<meta property=\"og:title\" content=\"Ergoth\u00e9rapie - Blue Spark Developmental Center\" \/>\n<meta property=\"og:description\" content=\"L&rsquo;occupation d&rsquo;un enfant est de jouer, d&rsquo;apprendre et d&rsquo;explorer. Si votre enfant a du mal \u00e0 interagir avec le monde qui l&rsquo;entoure, l&rsquo;ergoth\u00e9rapie peut l&rsquo;aider. Un ergoth\u00e9rapeute est un professionnel de la sant\u00e9 qui travaille avec votre enfant et sa famille pour l&rsquo;aider \u00e0 d\u00e9velopper les comp\u00e9tences dont il a besoin pour mieux accomplir des&hellip; Lire la suite Ergoth\u00e9rapie\" \/>\n<meta property=\"og:url\" content=\"https:\/\/bluesparkmtl.ca\/fr\/nos-services\/ergotherapie\/\" \/>\n<meta property=\"og:site_name\" content=\"Blue Spark Developmental Center\" \/>\n<meta property=\"article:modified_time\" content=\"2023-12-27T17:00:12+00:00\" \/>\n<meta property=\"og:image\" content=\"https:\/\/bluesparkmtl.ca\/wp-content\/uploads\/2020\/06\/canva-photo-of-two-kids-playing-jenga.jpg?w=825\" \/>\n<meta name=\"twitter:card\" content=\"summary_large_image\" \/>\n<meta name=\"twitter:label1\" content=\"Dur\u00e9e de lecture estim\u00e9e\" \/>\n\t<meta name=\"twitter:data1\" content=\"2 minutes\" \/>\n<script type=\"application\/ld+json\" class=\"yoast-schema-graph\">{\"@context\":\"https:\\\/\\\/schema.org\",\"@graph\":[{\"@type\":\"WebPage\",\"@id\":\"https:\\\/\\\/bluesparkmtl.ca\\\/fr\\\/nos-services\\\/ergotherapie\\\/\",\"url\":\"https:\\\/\\\/bluesparkmtl.ca\\\/fr\\\/nos-services\\\/ergotherapie\\\/\",\"name\":\"Ergoth\u00e9rapie - Blue Spark Developmental Center\",\"isPartOf\":{\"@id\":\"https:\\\/\\\/bluesparkmtl.ca\\\/fr\\\/#website\"},\"primaryImageOfPage\":{\"@id\":\"https:\\\/\\\/bluesparkmtl.ca\\\/fr\\\/nos-services\\\/ergotherapie\\\/#primaryimage\"},\"image\":{\"@id\":\"https:\\\/\\\/bluesparkmtl.ca\\\/fr\\\/nos-services\\\/ergotherapie\\\/#primaryimage\"},\"thumbnailUrl\":\"https:\\\/\\\/bluesparkmtl.ca\\\/wp-content\\\/uploads\\\/2020\\\/06\\\/canva-photo-of-two-kids-playing-jenga.jpg?w=825\",\"datePublished\":\"2020-05-13T20:26:17+00:00\",\"dateModified\":\"2023-12-27T17:00:12+00:00\",\"breadcrumb\":{\"@id\":\"https:\\\/\\\/bluesparkmtl.ca\\\/fr\\\/nos-services\\\/ergotherapie\\\/#breadcrumb\"},\"inLanguage\":\"fr-FR\",\"potentialAction\":[{\"@type\":\"ReadAction\",\"target\":[\"https:\\\/\\\/bluesparkmtl.ca\\\/fr\\\/nos-services\\\/ergotherapie\\\/\"]}]},{\"@type\":\"ImageObject\",\"inLanguage\":\"fr-FR\",\"@id\":\"https:\\\/\\\/bluesparkmtl.ca\\\/fr\\\/nos-services\\\/ergotherapie\\\/#primaryimage\",\"url\":\"https:\\\/\\\/bluesparkmtl.ca\\\/wp-content\\\/uploads\\\/2020\\\/06\\\/canva-photo-of-two-kids-playing-jenga.jpg?w=825\",\"contentUrl\":\"https:\\\/\\\/bluesparkmtl.ca\\\/wp-content\\\/uploads\\\/2020\\\/06\\\/canva-photo-of-two-kids-playing-jenga.jpg?w=825\"},{\"@type\":\"BreadcrumbList\",\"@id\":\"https:\\\/\\\/bluesparkmtl.ca\\\/fr\\\/nos-services\\\/ergotherapie\\\/#breadcrumb\",\"itemListElement\":[{\"@type\":\"ListItem\",\"position\":1,\"name\":\"Home\",\"item\":\"https:\\\/\\\/bluesparkmtl.ca\\\/fr\\\/\"},{\"@type\":\"ListItem\",\"position\":2,\"name\":\"Nos services\",\"item\":\"https:\\\/\\\/bluesparkmtl.ca\\\/fr\\\/nos-services\\\/\"},{\"@type\":\"ListItem\",\"position\":3,\"name\":\"Ergoth\u00e9rapie\"}]},{\"@type\":\"WebSite\",\"@id\":\"https:\\\/\\\/bluesparkmtl.ca\\\/fr\\\/#website\",\"url\":\"https:\\\/\\\/bluesparkmtl.ca\\\/fr\\\/\",\"name\":\"Blue Spark Developmental Center\",\"description\":\"Etincelle Bleue Centre de D\u00e9veloppement\",\"publisher\":{\"@id\":\"https:\\\/\\\/bluesparkmtl.ca\\\/fr\\\/#organization\"},\"potentialAction\":[{\"@type\":\"SearchAction\",\"target\":{\"@type\":\"EntryPoint\",\"urlTemplate\":\"https:\\\/\\\/bluesparkmtl.ca\\\/fr\\\/?s={search_term_string}\"},\"query-input\":{\"@type\":\"PropertyValueSpecification\",\"valueRequired\":true,\"valueName\":\"search_term_string\"}}],\"inLanguage\":\"fr-FR\"},{\"@type\":\"Organization\",\"@id\":\"https:\\\/\\\/bluesparkmtl.ca\\\/fr\\\/#organization\",\"name\":\"Blue Spark Developmental Center\",\"url\":\"https:\\\/\\\/bluesparkmtl.ca\\\/fr\\\/\",\"logo\":{\"@type\":\"ImageObject\",\"inLanguage\":\"fr-FR\",\"@id\":\"https:\\\/\\\/bluesparkmtl.ca\\\/fr\\\/#\\\/schema\\\/logo\\\/image\\\/\",\"url\":\"https:\\\/\\\/i0.wp.com\\\/bluesparkmtl.ca\\\/wp-content\\\/uploads\\\/2022\\\/04\\\/cropped-bluespark-logo.png?fit=731%2C279&ssl=1\",\"contentUrl\":\"https:\\\/\\\/i0.wp.com\\\/bluesparkmtl.ca\\\/wp-content\\\/uploads\\\/2022\\\/04\\\/cropped-bluespark-logo.png?fit=731%2C279&ssl=1\",\"width\":731,\"height\":279,\"caption\":\"Blue Spark Developmental Center\"},\"image\":{\"@id\":\"https:\\\/\\\/bluesparkmtl.ca\\\/fr\\\/#\\\/schema\\\/logo\\\/image\\\/\"}}]}<\/script>\n<!-- \/ Yoast SEO plugin. -->","yoast_head_json":{"title":"Ergoth\u00e9rapie - Blue Spark Developmental Center","robots":{"index":"index","follow":"follow","max-snippet":"max-snippet:-1","max-image-preview":"max-image-preview:large","max-video-preview":"max-video-preview:-1"},"canonical":"https:\/\/bluesparkmtl.ca\/fr\/nos-services\/ergotherapie\/","og_locale":"fr_FR","og_type":"article","og_title":"Ergoth\u00e9rapie - Blue Spark Developmental Center","og_description":"L&rsquo;occupation d&rsquo;un enfant est de jouer, d&rsquo;apprendre et d&rsquo;explorer. Si votre enfant a du mal \u00e0 interagir avec le monde qui l&rsquo;entoure, l&rsquo;ergoth\u00e9rapie peut l&rsquo;aider. Un ergoth\u00e9rapeute est un professionnel de la sant\u00e9 qui travaille avec votre enfant et sa famille pour l&rsquo;aider \u00e0 d\u00e9velopper les comp\u00e9tences dont il a besoin pour mieux accomplir des&hellip; Lire la suite Ergoth\u00e9rapie","og_url":"https:\/\/bluesparkmtl.ca\/fr\/nos-services\/ergotherapie\/","og_site_name":"Blue Spark Developmental Center","article_modified_time":"2023-12-27T17:00:12+00:00","og_image":[{"url":"https:\/\/bluesparkmtl.ca\/wp-content\/uploads\/2020\/06\/canva-photo-of-two-kids-playing-jenga.jpg?w=825","type":"","width":"","height":""}],"twitter_card":"summary_large_image","twitter_misc":{"Dur\u00e9e de lecture estim\u00e9e":"2 minutes"},"schema":{"@context":"https:\/\/schema.org","@graph":[{"@type":"WebPage","@id":"https:\/\/bluesparkmtl.ca\/fr\/nos-services\/ergotherapie\/","url":"https:\/\/bluesparkmtl.ca\/fr\/nos-services\/ergotherapie\/","name":"Ergoth\u00e9rapie - Blue Spark Developmental Center","isPartOf":{"@id":"https:\/\/bluesparkmtl.ca\/fr\/#website"},"primaryImageOfPage":{"@id":"https:\/\/bluesparkmtl.ca\/fr\/nos-services\/ergotherapie\/#primaryimage"},"image":{"@id":"https:\/\/bluesparkmtl.ca\/fr\/nos-services\/ergotherapie\/#primaryimage"},"thumbnailUrl":"https:\/\/bluesparkmtl.ca\/wp-content\/uploads\/2020\/06\/canva-photo-of-two-kids-playing-jenga.jpg?w=825","datePublished":"2020-05-13T20:26:17+00:00","dateModified":"2023-12-27T17:00:12+00:00","breadcrumb":{"@id":"https:\/\/bluesparkmtl.ca\/fr\/nos-services\/ergotherapie\/#breadcrumb"},"inLanguage":"fr-FR","potentialAction":[{"@type":"ReadAction","target":["https:\/\/bluesparkmtl.ca\/fr\/nos-services\/ergotherapie\/"]}]},{"@type":"ImageObject","inLanguage":"fr-FR","@id":"https:\/\/bluesparkmtl.ca\/fr\/nos-services\/ergotherapie\/#primaryimage","url":"https:\/\/bluesparkmtl.ca\/wp-content\/uploads\/2020\/06\/canva-photo-of-two-kids-playing-jenga.jpg?w=825","contentUrl":"https:\/\/bluesparkmtl.ca\/wp-content\/uploads\/2020\/06\/canva-photo-of-two-kids-playing-jenga.jpg?w=825"},{"@type":"BreadcrumbList","@id":"https:\/\/bluesparkmtl.ca\/fr\/nos-services\/ergotherapie\/#breadcrumb","itemListElement":[{"@type":"ListItem","position":1,"name":"Home","item":"https:\/\/bluesparkmtl.ca\/fr\/"},{"@type":"ListItem","position":2,"name":"Nos services","item":"https:\/\/bluesparkmtl.ca\/fr\/nos-services\/"},{"@type":"ListItem","position":3,"name":"Ergoth\u00e9rapie"}]},{"@type":"WebSite","@id":"https:\/\/bluesparkmtl.ca\/fr\/#website","url":"https:\/\/bluesparkmtl.ca\/fr\/","name":"Blue Spark Developmental Center","description":"Etincelle Bleue Centre de D\u00e9veloppement","publisher":{"@id":"https:\/\/bluesparkmtl.ca\/fr\/#organization"},"potentialAction":[{"@type":"SearchAction","target":{"@type":"EntryPoint","urlTemplate":"https:\/\/bluesparkmtl.ca\/fr\/?s={search_term_string}"},"query-input":{"@type":"PropertyValueSpecification","valueRequired":true,"valueName":"search_term_string"}}],"inLanguage":"fr-FR"},{"@type":"Organization","@id":"https:\/\/bluesparkmtl.ca\/fr\/#organization","name":"Blue Spark Developmental Center","url":"https:\/\/bluesparkmtl.ca\/fr\/","logo":{"@type":"ImageObject","inLanguage":"fr-FR","@id":"https:\/\/bluesparkmtl.ca\/fr\/#\/schema\/logo\/image\/","url":"https:\/\/i0.wp.com\/bluesparkmtl.ca\/wp-content\/uploads\/2022\/04\/cropped-bluespark-logo.png?fit=731%2C279&ssl=1","contentUrl":"https:\/\/i0.wp.com\/bluesparkmtl.ca\/wp-content\/uploads\/2022\/04\/cropped-bluespark-logo.png?fit=731%2C279&ssl=1","width":731,"height":279,"caption":"Blue Spark Developmental Center"},"image":{"@id":"https:\/\/bluesparkmtl.ca\/fr\/#\/schema\/logo\/image\/"}}]}},"jetpack_sharing_enabled":true,"amp_enabled":true,"_links":{"self":[{"href":"https:\/\/bluesparkmtl.ca\/fr\/wp-json\/wp\/v2\/pages\/3343","targetHints":{"allow":["GET"]}}],"collection":[{"href":"https:\/\/bluesparkmtl.ca\/fr\/wp-json\/wp\/v2\/pages"}],"about":[{"href":"https:\/\/bluesparkmtl.ca\/fr\/wp-json\/wp\/v2\/types\/page"}],"author":[{"embeddable":true,"href":"https:\/\/bluesparkmtl.ca\/fr\/wp-json\/wp\/v2\/users\/2"}],"replies":[{"embeddable":true,"href":"https:\/\/bluesparkmtl.ca\/fr\/wp-json\/wp\/v2\/comments?post=3343"}],"version-history":[{"count":2,"href":"https:\/\/bluesparkmtl.ca\/fr\/wp-json\/wp\/v2\/pages\/3343\/revisions"}],"predecessor-version":[{"id":3357,"href":"https:\/\/bluesparkmtl.ca\/fr\/wp-json\/wp\/v2\/pages\/3343\/revisions\/3357"}],"up":[{"embeddable":true,"href":"https:\/\/bluesparkmtl.ca\/fr\/wp-json\/wp\/v2\/pages\/3348"}],"wp:attachment":[{"href":"https:\/\/bluesparkmtl.ca\/fr\/wp-json\/wp\/v2\/media?parent=3343"}],"wp:term":[{"taxonomy":"post_tag","embeddable":true,"href":"https:\/\/bluesparkmtl.ca\/fr\/wp-json\/wp\/v2\/tags?post=3343"}],"curies":[{"name":"wp","href":"https:\/\/api.w.org\/{rel}","templated":true}]}}