{"id":3344,"date":"2020-06-15T18:50:55","date_gmt":"2020-06-15T18:50:55","guid":{"rendered":"https:\/\/bluesparkmtl.ca\/coaching-et-formation-des-parents\/"},"modified":"2023-12-27T17:20:29","modified_gmt":"2023-12-27T17:20:29","slug":"coaching-et-formation-des-parents","status":"publish","type":"page","link":"https:\/\/bluesparkmtl.ca\/fr\/nos-services\/coaching-et-formation-des-parents\/","title":{"rendered":"Coaching et formation des parents"},"content":{"rendered":"\n<div class=\"wp-block-group alignfull\"><div class=\"wp-block-group__inner-container is-layout-flow wp-block-group-is-layout-flow\">\n<div class=\"wp-block-group alignfull has-background-background-color has-background\"><div class=\"wp-block-group__inner-container is-layout-flow wp-block-group-is-layout-flow\">\n<div class=\"wp-block-jetpack-layout-grid alignfull column1-desktop-grid__span-12 column1-desktop-grid__row-1 column1-tablet-grid__span-8 column1-tablet-grid__row-1 column1-mobile-grid__span-4 column1-mobile-grid__row-1 wp-block-jetpack-layout-gutter__nowrap wp-block-jetpack-layout-gutter__none\">\n<div class=\"wp-block-jetpack-layout-grid-column wp-block-jetpack-layout-grid__padding-none\">\n<figure class=\"wp-block-image size-large\"><img data-recalc-dims=\"1\" loading=\"lazy\" decoding=\"async\" width=\"825\" height=\"550\" src=\"https:\/\/i0.wp.com\/bluesparkmtl.ca\/wp-content\/uploads\/2020\/06\/canva-family-bonding-during-quarantine-2.jpg?resize=825%2C550&#038;ssl=1\" alt=\"\" class=\"wp-image-298\" srcset=\"https:\/\/i0.wp.com\/bluesparkmtl.ca\/wp-content\/uploads\/2020\/06\/canva-family-bonding-during-quarantine-2.jpg?w=1600&amp;ssl=1 1600w, https:\/\/i0.wp.com\/bluesparkmtl.ca\/wp-content\/uploads\/2020\/06\/canva-family-bonding-during-quarantine-2.jpg?resize=300%2C200&amp;ssl=1 300w, https:\/\/i0.wp.com\/bluesparkmtl.ca\/wp-content\/uploads\/2020\/06\/canva-family-bonding-during-quarantine-2.jpg?resize=1024%2C683&amp;ssl=1 1024w, https:\/\/i0.wp.com\/bluesparkmtl.ca\/wp-content\/uploads\/2020\/06\/canva-family-bonding-during-quarantine-2.jpg?resize=768%2C512&amp;ssl=1 768w, https:\/\/i0.wp.com\/bluesparkmtl.ca\/wp-content\/uploads\/2020\/06\/canva-family-bonding-during-quarantine-2.jpg?resize=1536%2C1024&amp;ssl=1 1536w\" sizes=\"auto, (max-width: 825px) 100vw, 825px\" \/><\/figure>\n<\/div>\n<\/div>\n<\/div><\/div>\n<\/div><\/div>\n\n<div class=\"wp-block-group alignfull has-background-background-color has-background\"><div class=\"wp-block-group__inner-container is-layout-flow wp-block-group-is-layout-flow\">\n<div class=\"wp-block-jetpack-layout-grid alignfull column1-desktop-grid__span-12 column1-desktop-grid__row-1 column1-tablet-grid__span-8 column1-tablet-grid__row-1 column1-mobile-grid__span-4 column1-mobile-grid__row-1 wp-block-jetpack-layout-gutter__nowrap wp-block-jetpack-layout-gutter__none\">\n<div class=\"wp-block-jetpack-layout-grid-column wp-block-jetpack-layout-grid__padding-none\">\n<p>D&rsquo;autres personnes viendront et partiront tout au long du parcours de votre enfant, mais vous, en tant que parents, serez toujours la cl\u00e9 de sa r\u00e9ussite. Si les th\u00e9rapies individuelles peuvent \u00eatre utiles pour enseigner des comp\u00e9tences et relever des d\u00e9fis, il est essentiel de s&rsquo;assurer que ces comp\u00e9tences sont enseign\u00e9es et utilis\u00e9es \u00e0 la maison et dans le monde r\u00e9el.<\/p>\n\n\n\n<p>Nos services de coaching et de formation des parents sont disponibles pour les familles qui ont besoin d&rsquo;un petit coup de pouce tout en soutenant leur enfant. Nous travaillons directement avec vous, les parents, et vous guidons dans les domaines que vous nous avez indiqu\u00e9s comme \u00e9tant importants pour vous et votre famille. L&rsquo;objectif est de vous fournir des outils pour mieux soutenir votre enfant dans vos activit\u00e9s et routines quotidiennes.<br\/><\/p>\n\n\n<div class=\"wp-block-jetpack-calendly calendly-style-inline\" id=\"calendly-block-1\"><\/div>\n\n\n<p>Le coaching est assur\u00e9 par l&rsquo;un de nos dipl\u00f4m\u00e9s agr\u00e9\u00e9s en tant qu&rsquo;analyste du comportement (BCBAs\u00ae) ou analyste du comportement adjoint (BCaBAs\u00ae).<\/p>\n\n\n\n<p><strong><a href=\"https:\/\/calendly.com\/bluesparkmontreal\">Planifiez<\/a> une consultation t\u00e9l\u00e9phonique gratuite de 30 minutes ou appelez le (514) 607-9377<\/strong> <strong>d\u00e8s maintenant !<\/strong><\/p>\n<\/div>\n<\/div>\n<\/div><\/div>\n","protected":false},"excerpt":{"rendered":"<p>D&rsquo;autres personnes viendront et partiront tout au long du parcours de votre enfant, mais vous, en tant que parents, serez toujours la cl\u00e9 de sa r\u00e9ussite. Si les th\u00e9rapies individuelles peuvent \u00eatre utiles pour enseigner des comp\u00e9tences et relever des d\u00e9fis, il est essentiel de s&rsquo;assurer que ces comp\u00e9tences sont enseign\u00e9es et utilis\u00e9es \u00e0 la&hellip; <a href=\"https:\/\/bluesparkmtl.ca\/fr\/nos-services\/coaching-et-formation-des-parents\/\" class=\"more-link\">Lire la suite <span class=\"screen-reader-text\">Coaching et formation des parents<\/span><\/a><\/p>\n","protected":false},"author":2,"featured_media":0,"parent":3348,"menu_order":0,"comment_status":"closed","ping_status":"closed","template":"templates\/full-width-page.php","meta":{"om_disable_all_campaigns":false,"_monsterinsights_skip_tracking":false,"_monsterinsights_sitenote_active":false,"_monsterinsights_sitenote_note":"","_monsterinsights_sitenote_category":0,"_wp_convertkit_post_meta":{"form":"-1","landing_page":"0","tag":"0","restrict_content":"0"},"footnotes":""},"tags":[],"class_list":["post-3344","page","type-page","status-publish","hentry","without-featured-image"],"yoast_head":"<!-- This site is optimized with the Yoast SEO plugin v27.5 - https:\/\/yoast.com\/product\/yoast-seo-wordpress\/ -->\n<title>Coaching et formation des parents - Blue Spark Developmental Center<\/title>\n<meta name=\"robots\" content=\"index, follow, max-snippet:-1, max-image-preview:large, max-video-preview:-1\" \/>\n<link rel=\"canonical\" href=\"https:\/\/bluesparkmtl.ca\/fr\/nos-services\/coaching-et-formation-des-parents\/\" \/>\n<meta property=\"og:locale\" content=\"fr_FR\" \/>\n<meta property=\"og:type\" content=\"article\" \/>\n<meta property=\"og:title\" content=\"Coaching et formation des parents - Blue Spark Developmental Center\" \/>\n<meta property=\"og:description\" content=\"D&rsquo;autres personnes viendront et partiront tout au long du parcours de votre enfant, mais vous, en tant que parents, serez toujours la cl\u00e9 de sa r\u00e9ussite. Si les th\u00e9rapies individuelles peuvent \u00eatre utiles pour enseigner des comp\u00e9tences et relever des d\u00e9fis, il est essentiel de s&rsquo;assurer que ces comp\u00e9tences sont enseign\u00e9es et utilis\u00e9es \u00e0 la&hellip; Lire la suite Coaching et formation des parents\" \/>\n<meta property=\"og:url\" content=\"https:\/\/bluesparkmtl.ca\/fr\/nos-services\/coaching-et-formation-des-parents\/\" \/>\n<meta property=\"og:site_name\" content=\"Blue Spark Developmental Center\" \/>\n<meta property=\"article:modified_time\" content=\"2023-12-27T17:20:29+00:00\" \/>\n<meta property=\"og:image\" content=\"https:\/\/bluesparkmtl.ca\/wp-content\/uploads\/2020\/06\/canva-family-bonding-during-quarantine-2.jpg?w=825\" \/>\n<meta name=\"twitter:card\" content=\"summary_large_image\" \/>\n<meta name=\"twitter:label1\" content=\"Dur\u00e9e de lecture estim\u00e9e\" \/>\n\t<meta name=\"twitter:data1\" content=\"1 minute\" \/>\n<script type=\"application\/ld+json\" class=\"yoast-schema-graph\">{\"@context\":\"https:\\\/\\\/schema.org\",\"@graph\":[{\"@type\":\"WebPage\",\"@id\":\"https:\\\/\\\/bluesparkmtl.ca\\\/fr\\\/nos-services\\\/coaching-et-formation-des-parents\\\/\",\"url\":\"https:\\\/\\\/bluesparkmtl.ca\\\/fr\\\/nos-services\\\/coaching-et-formation-des-parents\\\/\",\"name\":\"Coaching et formation des parents - Blue Spark Developmental Center\",\"isPartOf\":{\"@id\":\"https:\\\/\\\/bluesparkmtl.ca\\\/fr\\\/#website\"},\"primaryImageOfPage\":{\"@id\":\"https:\\\/\\\/bluesparkmtl.ca\\\/fr\\\/nos-services\\\/coaching-et-formation-des-parents\\\/#primaryimage\"},\"image\":{\"@id\":\"https:\\\/\\\/bluesparkmtl.ca\\\/fr\\\/nos-services\\\/coaching-et-formation-des-parents\\\/#primaryimage\"},\"thumbnailUrl\":\"https:\\\/\\\/bluesparkmtl.ca\\\/wp-content\\\/uploads\\\/2020\\\/06\\\/canva-family-bonding-during-quarantine-2.jpg?w=825\",\"datePublished\":\"2020-06-15T18:50:55+00:00\",\"dateModified\":\"2023-12-27T17:20:29+00:00\",\"breadcrumb\":{\"@id\":\"https:\\\/\\\/bluesparkmtl.ca\\\/fr\\\/nos-services\\\/coaching-et-formation-des-parents\\\/#breadcrumb\"},\"inLanguage\":\"fr-FR\",\"potentialAction\":[{\"@type\":\"ReadAction\",\"target\":[\"https:\\\/\\\/bluesparkmtl.ca\\\/fr\\\/nos-services\\\/coaching-et-formation-des-parents\\\/\"]}]},{\"@type\":\"ImageObject\",\"inLanguage\":\"fr-FR\",\"@id\":\"https:\\\/\\\/bluesparkmtl.ca\\\/fr\\\/nos-services\\\/coaching-et-formation-des-parents\\\/#primaryimage\",\"url\":\"https:\\\/\\\/bluesparkmtl.ca\\\/wp-content\\\/uploads\\\/2020\\\/06\\\/canva-family-bonding-during-quarantine-2.jpg?w=825\",\"contentUrl\":\"https:\\\/\\\/bluesparkmtl.ca\\\/wp-content\\\/uploads\\\/2020\\\/06\\\/canva-family-bonding-during-quarantine-2.jpg?w=825\"},{\"@type\":\"BreadcrumbList\",\"@id\":\"https:\\\/\\\/bluesparkmtl.ca\\\/fr\\\/nos-services\\\/coaching-et-formation-des-parents\\\/#breadcrumb\",\"itemListElement\":[{\"@type\":\"ListItem\",\"position\":1,\"name\":\"Home\",\"item\":\"https:\\\/\\\/bluesparkmtl.ca\\\/fr\\\/\"},{\"@type\":\"ListItem\",\"position\":2,\"name\":\"Nos services\",\"item\":\"https:\\\/\\\/bluesparkmtl.ca\\\/fr\\\/nos-services\\\/\"},{\"@type\":\"ListItem\",\"position\":3,\"name\":\"Coaching et formation des parents\"}]},{\"@type\":\"WebSite\",\"@id\":\"https:\\\/\\\/bluesparkmtl.ca\\\/fr\\\/#website\",\"url\":\"https:\\\/\\\/bluesparkmtl.ca\\\/fr\\\/\",\"name\":\"Blue Spark Developmental Center\",\"description\":\"Etincelle Bleue Centre de D\u00e9veloppement\",\"publisher\":{\"@id\":\"https:\\\/\\\/bluesparkmtl.ca\\\/fr\\\/#organization\"},\"potentialAction\":[{\"@type\":\"SearchAction\",\"target\":{\"@type\":\"EntryPoint\",\"urlTemplate\":\"https:\\\/\\\/bluesparkmtl.ca\\\/fr\\\/?s={search_term_string}\"},\"query-input\":{\"@type\":\"PropertyValueSpecification\",\"valueRequired\":true,\"valueName\":\"search_term_string\"}}],\"inLanguage\":\"fr-FR\"},{\"@type\":\"Organization\",\"@id\":\"https:\\\/\\\/bluesparkmtl.ca\\\/fr\\\/#organization\",\"name\":\"Blue Spark Developmental Center\",\"url\":\"https:\\\/\\\/bluesparkmtl.ca\\\/fr\\\/\",\"logo\":{\"@type\":\"ImageObject\",\"inLanguage\":\"fr-FR\",\"@id\":\"https:\\\/\\\/bluesparkmtl.ca\\\/fr\\\/#\\\/schema\\\/logo\\\/image\\\/\",\"url\":\"https:\\\/\\\/i0.wp.com\\\/bluesparkmtl.ca\\\/wp-content\\\/uploads\\\/2022\\\/04\\\/cropped-bluespark-logo.png?fit=731%2C279&ssl=1\",\"contentUrl\":\"https:\\\/\\\/i0.wp.com\\\/bluesparkmtl.ca\\\/wp-content\\\/uploads\\\/2022\\\/04\\\/cropped-bluespark-logo.png?fit=731%2C279&ssl=1\",\"width\":731,\"height\":279,\"caption\":\"Blue Spark Developmental Center\"},\"image\":{\"@id\":\"https:\\\/\\\/bluesparkmtl.ca\\\/fr\\\/#\\\/schema\\\/logo\\\/image\\\/\"}}]}<\/script>\n<!-- \/ Yoast SEO plugin. -->","yoast_head_json":{"title":"Coaching et formation des parents - Blue Spark Developmental Center","robots":{"index":"index","follow":"follow","max-snippet":"max-snippet:-1","max-image-preview":"max-image-preview:large","max-video-preview":"max-video-preview:-1"},"canonical":"https:\/\/bluesparkmtl.ca\/fr\/nos-services\/coaching-et-formation-des-parents\/","og_locale":"fr_FR","og_type":"article","og_title":"Coaching et formation des parents - Blue Spark Developmental Center","og_description":"D&rsquo;autres personnes viendront et partiront tout au long du parcours de votre enfant, mais vous, en tant que parents, serez toujours la cl\u00e9 de sa r\u00e9ussite. Si les th\u00e9rapies individuelles peuvent \u00eatre utiles pour enseigner des comp\u00e9tences et relever des d\u00e9fis, il est essentiel de s&rsquo;assurer que ces comp\u00e9tences sont enseign\u00e9es et utilis\u00e9es \u00e0 la&hellip; Lire la suite Coaching et formation des parents","og_url":"https:\/\/bluesparkmtl.ca\/fr\/nos-services\/coaching-et-formation-des-parents\/","og_site_name":"Blue Spark Developmental Center","article_modified_time":"2023-12-27T17:20:29+00:00","og_image":[{"url":"https:\/\/bluesparkmtl.ca\/wp-content\/uploads\/2020\/06\/canva-family-bonding-during-quarantine-2.jpg?w=825","type":"","width":"","height":""}],"twitter_card":"summary_large_image","twitter_misc":{"Dur\u00e9e de lecture estim\u00e9e":"1 minute"},"schema":{"@context":"https:\/\/schema.org","@graph":[{"@type":"WebPage","@id":"https:\/\/bluesparkmtl.ca\/fr\/nos-services\/coaching-et-formation-des-parents\/","url":"https:\/\/bluesparkmtl.ca\/fr\/nos-services\/coaching-et-formation-des-parents\/","name":"Coaching et formation des parents - Blue Spark Developmental Center","isPartOf":{"@id":"https:\/\/bluesparkmtl.ca\/fr\/#website"},"primaryImageOfPage":{"@id":"https:\/\/bluesparkmtl.ca\/fr\/nos-services\/coaching-et-formation-des-parents\/#primaryimage"},"image":{"@id":"https:\/\/bluesparkmtl.ca\/fr\/nos-services\/coaching-et-formation-des-parents\/#primaryimage"},"thumbnailUrl":"https:\/\/bluesparkmtl.ca\/wp-content\/uploads\/2020\/06\/canva-family-bonding-during-quarantine-2.jpg?w=825","datePublished":"2020-06-15T18:50:55+00:00","dateModified":"2023-12-27T17:20:29+00:00","breadcrumb":{"@id":"https:\/\/bluesparkmtl.ca\/fr\/nos-services\/coaching-et-formation-des-parents\/#breadcrumb"},"inLanguage":"fr-FR","potentialAction":[{"@type":"ReadAction","target":["https:\/\/bluesparkmtl.ca\/fr\/nos-services\/coaching-et-formation-des-parents\/"]}]},{"@type":"ImageObject","inLanguage":"fr-FR","@id":"https:\/\/bluesparkmtl.ca\/fr\/nos-services\/coaching-et-formation-des-parents\/#primaryimage","url":"https:\/\/bluesparkmtl.ca\/wp-content\/uploads\/2020\/06\/canva-family-bonding-during-quarantine-2.jpg?w=825","contentUrl":"https:\/\/bluesparkmtl.ca\/wp-content\/uploads\/2020\/06\/canva-family-bonding-during-quarantine-2.jpg?w=825"},{"@type":"BreadcrumbList","@id":"https:\/\/bluesparkmtl.ca\/fr\/nos-services\/coaching-et-formation-des-parents\/#breadcrumb","itemListElement":[{"@type":"ListItem","position":1,"name":"Home","item":"https:\/\/bluesparkmtl.ca\/fr\/"},{"@type":"ListItem","position":2,"name":"Nos services","item":"https:\/\/bluesparkmtl.ca\/fr\/nos-services\/"},{"@type":"ListItem","position":3,"name":"Coaching et formation des parents"}]},{"@type":"WebSite","@id":"https:\/\/bluesparkmtl.ca\/fr\/#website","url":"https:\/\/bluesparkmtl.ca\/fr\/","name":"Blue Spark Developmental Center","description":"Etincelle Bleue Centre de D\u00e9veloppement","publisher":{"@id":"https:\/\/bluesparkmtl.ca\/fr\/#organization"},"potentialAction":[{"@type":"SearchAction","target":{"@type":"EntryPoint","urlTemplate":"https:\/\/bluesparkmtl.ca\/fr\/?s={search_term_string}"},"query-input":{"@type":"PropertyValueSpecification","valueRequired":true,"valueName":"search_term_string"}}],"inLanguage":"fr-FR"},{"@type":"Organization","@id":"https:\/\/bluesparkmtl.ca\/fr\/#organization","name":"Blue Spark Developmental Center","url":"https:\/\/bluesparkmtl.ca\/fr\/","logo":{"@type":"ImageObject","inLanguage":"fr-FR","@id":"https:\/\/bluesparkmtl.ca\/fr\/#\/schema\/logo\/image\/","url":"https:\/\/i0.wp.com\/bluesparkmtl.ca\/wp-content\/uploads\/2022\/04\/cropped-bluespark-logo.png?fit=731%2C279&ssl=1","contentUrl":"https:\/\/i0.wp.com\/bluesparkmtl.ca\/wp-content\/uploads\/2022\/04\/cropped-bluespark-logo.png?fit=731%2C279&ssl=1","width":731,"height":279,"caption":"Blue Spark Developmental Center"},"image":{"@id":"https:\/\/bluesparkmtl.ca\/fr\/#\/schema\/logo\/image\/"}}]}},"jetpack_sharing_enabled":true,"amp_enabled":true,"_links":{"self":[{"href":"https:\/\/bluesparkmtl.ca\/fr\/wp-json\/wp\/v2\/pages\/3344","targetHints":{"allow":["GET"]}}],"collection":[{"href":"https:\/\/bluesparkmtl.ca\/fr\/wp-json\/wp\/v2\/pages"}],"about":[{"href":"https:\/\/bluesparkmtl.ca\/fr\/wp-json\/wp\/v2\/types\/page"}],"author":[{"embeddable":true,"href":"https:\/\/bluesparkmtl.ca\/fr\/wp-json\/wp\/v2\/users\/2"}],"replies":[{"embeddable":true,"href":"https:\/\/bluesparkmtl.ca\/fr\/wp-json\/wp\/v2\/comments?post=3344"}],"version-history":[{"count":3,"href":"https:\/\/bluesparkmtl.ca\/fr\/wp-json\/wp\/v2\/pages\/3344\/revisions"}],"predecessor-version":[{"id":3389,"href":"https:\/\/bluesparkmtl.ca\/fr\/wp-json\/wp\/v2\/pages\/3344\/revisions\/3389"}],"up":[{"embeddable":true,"href":"https:\/\/bluesparkmtl.ca\/fr\/wp-json\/wp\/v2\/pages\/3348"}],"wp:attachment":[{"href":"https:\/\/bluesparkmtl.ca\/fr\/wp-json\/wp\/v2\/media?parent=3344"}],"wp:term":[{"taxonomy":"post_tag","embeddable":true,"href":"https:\/\/bluesparkmtl.ca\/fr\/wp-json\/wp\/v2\/tags?post=3344"}],"curies":[{"name":"wp","href":"https:\/\/api.w.org\/{rel}","templated":true}]}}