{"id":3345,"date":"2020-05-13T20:27:00","date_gmt":"2020-05-13T20:27:00","guid":{"rendered":"https:\/\/bluesparkmtl.ca\/groupes-de-competences-sociales\/"},"modified":"2023-12-27T16:40:48","modified_gmt":"2023-12-27T16:40:48","slug":"groupes-de-competences-sociales","status":"publish","type":"page","link":"https:\/\/bluesparkmtl.ca\/fr\/nos-services\/groupes-de-competences-sociales\/","title":{"rendered":"Groupes de comp\u00e9tences sociales"},"content":{"rendered":"\n<div class=\"wp-block-group alignfull\"><div class=\"wp-block-group__inner-container is-layout-flow wp-block-group-is-layout-flow\">\n<div class=\"wp-block-group alignfull has-background-background-color has-background\"><div class=\"wp-block-group__inner-container is-layout-flow wp-block-group-is-layout-flow\">\n<div class=\"wp-block-jetpack-layout-grid alignfull column1-desktop-grid__span-12 column1-desktop-grid__row-1 column1-tablet-grid__span-8 column1-tablet-grid__row-1 column1-mobile-grid__span-4 column1-mobile-grid__row-1 wp-block-jetpack-layout-gutter__nowrap wp-block-jetpack-layout-gutter__none\">\n<div class=\"wp-block-jetpack-layout-grid-column wp-block-jetpack-layout-grid__padding-none\">\n<div class=\"wp-block-image\"><figure class=\"aligncenter size-large\"><img data-recalc-dims=\"1\" loading=\"lazy\" decoding=\"async\" width=\"825\" height=\"547\" src=\"https:\/\/i0.wp.com\/bluesparkmtl.ca\/wp-content\/uploads\/2020\/06\/canva-kids-together-in-jumping-competition.jpg?resize=825%2C547&#038;ssl=1\" alt=\"\" class=\"wp-image-312\" srcset=\"https:\/\/i0.wp.com\/bluesparkmtl.ca\/wp-content\/uploads\/2020\/06\/canva-kids-together-in-jumping-competition.jpg?w=1600&amp;ssl=1 1600w, https:\/\/i0.wp.com\/bluesparkmtl.ca\/wp-content\/uploads\/2020\/06\/canva-kids-together-in-jumping-competition.jpg?resize=300%2C199&amp;ssl=1 300w, https:\/\/i0.wp.com\/bluesparkmtl.ca\/wp-content\/uploads\/2020\/06\/canva-kids-together-in-jumping-competition.jpg?resize=1024%2C678&amp;ssl=1 1024w, https:\/\/i0.wp.com\/bluesparkmtl.ca\/wp-content\/uploads\/2020\/06\/canva-kids-together-in-jumping-competition.jpg?resize=768%2C509&amp;ssl=1 768w, https:\/\/i0.wp.com\/bluesparkmtl.ca\/wp-content\/uploads\/2020\/06\/canva-kids-together-in-jumping-competition.jpg?resize=1536%2C1018&amp;ssl=1 1536w\" sizes=\"auto, (max-width: 825px) 100vw, 825px\" \/><\/figure><\/div>\n<\/div>\n<\/div>\n<\/div><\/div>\n<\/div><\/div>\n\n<div class=\"wp-block-group alignfull has-background-background-color has-background\"><div class=\"wp-block-group__inner-container is-layout-flow wp-block-group-is-layout-flow\">\n<div class=\"wp-block-jetpack-layout-grid alignfull column1-desktop-grid__span-12 column1-desktop-grid__row-1 column1-tablet-grid__span-8 column1-tablet-grid__row-1 column1-mobile-grid__span-4 column1-mobile-grid__row-1 wp-block-jetpack-layout-gutter__nowrap wp-block-jetpack-layout-gutter__none\">\n<div class=\"wp-block-jetpack-layout-grid-column wp-block-jetpack-layout-grid__padding-none\">\n<p>Se faire des amis, jouer \u00e0 des jeux et communiquer avec les autres est une partie importante de notre vie. Pour les enfants qui rencontrent des difficult\u00e9s dans ces domaines, nos groupes de comp\u00e9tences sociales offrent la possibilit\u00e9 de jouer et d&rsquo;apprendre aux c\u00f4t\u00e9s de pairs du m\u00eame \u00e2ge dans un environnement s\u00fbr et stimulant.<\/p>\n\n\n\n<p>Nous utilisons une vari\u00e9t\u00e9 de m\u00e9thodologies d\u00e9montr\u00e9es empiriquement pour enseigner et renforcer les aptitudes n\u00e9cessaires pour favoriser de solides comp\u00e9tences sociales. Les activit\u00e9s de groupe int\u00e8grent des objectifs individualis\u00e9s pour r\u00e9pondre aux besoins sp\u00e9cifiques de chaque enfant.<\/p>\n\n\n<div class=\"wp-block-jetpack-calendly calendly-style-inline\" id=\"calendly-block-1\"><\/div>\n\n\n<p>Les groupes sont con\u00e7us et supervis\u00e9s par notre \u00e9quipe certifi\u00e9e d\u2019analystes du comportement (BCBAs\u00ae) et analystes du comportement adjoints (BCaBAs\u00ae). Nous proposons une vari\u00e9t\u00e9 de groupes \u00e0 des apprenants d&rsquo;\u00e2ges diff\u00e9rents, chacun \u00e9tant con\u00e7u pour r\u00e9pondre aux besoins des individus au sein du groupe. Les enfants participent \u00e0 un programme social engageant avec des pairs du m\u00eame \u00e2ge afin d&rsquo;apprendre et de d\u00e9velopper des comp\u00e9tences sociales importantes.<\/p>\n\n\n\n<p>Les objectifs du plan de traitement individuel sont int\u00e9gr\u00e9s dans les activit\u00e9s de groupe afin de maximiser la g\u00e9n\u00e9ralisation et le maintien des comp\u00e9tences. Nous avons mis en place une vari\u00e9t\u00e9 de groupes de comp\u00e9tences sociales pour r\u00e9pondre aux besoins de votre enfant.<\/p>\n\n\n\n<p>Les comp\u00e9tences sociales sont enseign\u00e9es \u00e0 travers l&rsquo;enseignement direct, la mod\u00e9lisation vid\u00e9o, les commentaires vid\u00e9o, les histoires sociales et les jeux de r\u00f4le en petits groupes. Nous nous effor\u00e7ons de favoriser l&rsquo;ind\u00e9pendance et les relations avec les pairs.<\/p>\n\n\n\n<p><strong><a href=\"https:\/\/calendly.com\/bluesparkmontreal\">Planifiez<\/a> une consultation t\u00e9l\u00e9phonique gratuite de 30 minutes ou appelez le (514) 607-9377<\/strong> <strong>d\u00e8s maintenant !<\/strong><\/p>\n<\/div>\n<\/div>\n<\/div><\/div>\n","protected":false},"excerpt":{"rendered":"<p>Se faire des amis, jouer \u00e0 des jeux et communiquer avec les autres est une partie importante de notre vie. Pour les enfants qui rencontrent des difficult\u00e9s dans ces domaines, nos groupes de comp\u00e9tences sociales offrent la possibilit\u00e9 de jouer et d&rsquo;apprendre aux c\u00f4t\u00e9s de pairs du m\u00eame \u00e2ge dans un environnement s\u00fbr et stimulant.&hellip; <a href=\"https:\/\/bluesparkmtl.ca\/fr\/nos-services\/groupes-de-competences-sociales\/\" class=\"more-link\">Lire la suite <span class=\"screen-reader-text\">Groupes de comp\u00e9tences sociales<\/span><\/a><\/p>\n","protected":false},"author":2,"featured_media":0,"parent":3348,"menu_order":0,"comment_status":"closed","ping_status":"closed","template":"templates\/full-width-page.php","meta":{"om_disable_all_campaigns":false,"_monsterinsights_skip_tracking":false,"_monsterinsights_sitenote_active":false,"_monsterinsights_sitenote_note":"","_monsterinsights_sitenote_category":0,"_wp_convertkit_post_meta":{"form":"-1","landing_page":"0","tag":"0","restrict_content":"0"},"footnotes":""},"tags":[],"class_list":["post-3345","page","type-page","status-publish","hentry","without-featured-image"],"yoast_head":"<!-- This site is optimized with the Yoast SEO plugin v27.5 - https:\/\/yoast.com\/product\/yoast-seo-wordpress\/ -->\n<title>Groupes de comp\u00e9tences sociales - Blue Spark Developmental Center<\/title>\n<meta name=\"robots\" content=\"index, follow, max-snippet:-1, max-image-preview:large, max-video-preview:-1\" \/>\n<link rel=\"canonical\" href=\"https:\/\/bluesparkmtl.ca\/fr\/nos-services\/groupes-de-competences-sociales\/\" \/>\n<meta property=\"og:locale\" content=\"fr_FR\" \/>\n<meta property=\"og:type\" content=\"article\" \/>\n<meta property=\"og:title\" content=\"Groupes de comp\u00e9tences sociales - Blue Spark Developmental Center\" \/>\n<meta property=\"og:description\" content=\"Se faire des amis, jouer \u00e0 des jeux et communiquer avec les autres est une partie importante de notre vie. Pour les enfants qui rencontrent des difficult\u00e9s dans ces domaines, nos groupes de comp\u00e9tences sociales offrent la possibilit\u00e9 de jouer et d&rsquo;apprendre aux c\u00f4t\u00e9s de pairs du m\u00eame \u00e2ge dans un environnement s\u00fbr et stimulant.&hellip; Lire la suite Groupes de comp\u00e9tences sociales\" \/>\n<meta property=\"og:url\" content=\"https:\/\/bluesparkmtl.ca\/fr\/nos-services\/groupes-de-competences-sociales\/\" \/>\n<meta property=\"og:site_name\" content=\"Blue Spark Developmental Center\" \/>\n<meta property=\"article:modified_time\" content=\"2023-12-27T16:40:48+00:00\" \/>\n<meta property=\"og:image\" content=\"https:\/\/bluesparkmtl.ca\/wp-content\/uploads\/2020\/06\/canva-kids-together-in-jumping-competition.jpg?w=825\" \/>\n<meta name=\"twitter:card\" content=\"summary_large_image\" \/>\n<meta name=\"twitter:label1\" content=\"Dur\u00e9e de lecture estim\u00e9e\" \/>\n\t<meta name=\"twitter:data1\" content=\"1 minute\" \/>\n<script type=\"application\/ld+json\" class=\"yoast-schema-graph\">{\"@context\":\"https:\\\/\\\/schema.org\",\"@graph\":[{\"@type\":\"WebPage\",\"@id\":\"https:\\\/\\\/bluesparkmtl.ca\\\/fr\\\/nos-services\\\/groupes-de-competences-sociales\\\/\",\"url\":\"https:\\\/\\\/bluesparkmtl.ca\\\/fr\\\/nos-services\\\/groupes-de-competences-sociales\\\/\",\"name\":\"Groupes de comp\u00e9tences sociales - Blue Spark Developmental Center\",\"isPartOf\":{\"@id\":\"https:\\\/\\\/bluesparkmtl.ca\\\/fr\\\/#website\"},\"primaryImageOfPage\":{\"@id\":\"https:\\\/\\\/bluesparkmtl.ca\\\/fr\\\/nos-services\\\/groupes-de-competences-sociales\\\/#primaryimage\"},\"image\":{\"@id\":\"https:\\\/\\\/bluesparkmtl.ca\\\/fr\\\/nos-services\\\/groupes-de-competences-sociales\\\/#primaryimage\"},\"thumbnailUrl\":\"https:\\\/\\\/bluesparkmtl.ca\\\/wp-content\\\/uploads\\\/2020\\\/06\\\/canva-kids-together-in-jumping-competition.jpg?w=825\",\"datePublished\":\"2020-05-13T20:27:00+00:00\",\"dateModified\":\"2023-12-27T16:40:48+00:00\",\"breadcrumb\":{\"@id\":\"https:\\\/\\\/bluesparkmtl.ca\\\/fr\\\/nos-services\\\/groupes-de-competences-sociales\\\/#breadcrumb\"},\"inLanguage\":\"fr-FR\",\"potentialAction\":[{\"@type\":\"ReadAction\",\"target\":[\"https:\\\/\\\/bluesparkmtl.ca\\\/fr\\\/nos-services\\\/groupes-de-competences-sociales\\\/\"]}]},{\"@type\":\"ImageObject\",\"inLanguage\":\"fr-FR\",\"@id\":\"https:\\\/\\\/bluesparkmtl.ca\\\/fr\\\/nos-services\\\/groupes-de-competences-sociales\\\/#primaryimage\",\"url\":\"https:\\\/\\\/bluesparkmtl.ca\\\/wp-content\\\/uploads\\\/2020\\\/06\\\/canva-kids-together-in-jumping-competition.jpg?w=825\",\"contentUrl\":\"https:\\\/\\\/bluesparkmtl.ca\\\/wp-content\\\/uploads\\\/2020\\\/06\\\/canva-kids-together-in-jumping-competition.jpg?w=825\"},{\"@type\":\"BreadcrumbList\",\"@id\":\"https:\\\/\\\/bluesparkmtl.ca\\\/fr\\\/nos-services\\\/groupes-de-competences-sociales\\\/#breadcrumb\",\"itemListElement\":[{\"@type\":\"ListItem\",\"position\":1,\"name\":\"Home\",\"item\":\"https:\\\/\\\/bluesparkmtl.ca\\\/fr\\\/\"},{\"@type\":\"ListItem\",\"position\":2,\"name\":\"Nos services\",\"item\":\"https:\\\/\\\/bluesparkmtl.ca\\\/fr\\\/nos-services\\\/\"},{\"@type\":\"ListItem\",\"position\":3,\"name\":\"Groupes de comp\u00e9tences sociales\"}]},{\"@type\":\"WebSite\",\"@id\":\"https:\\\/\\\/bluesparkmtl.ca\\\/fr\\\/#website\",\"url\":\"https:\\\/\\\/bluesparkmtl.ca\\\/fr\\\/\",\"name\":\"Blue Spark Developmental Center\",\"description\":\"Etincelle Bleue Centre de D\u00e9veloppement\",\"publisher\":{\"@id\":\"https:\\\/\\\/bluesparkmtl.ca\\\/fr\\\/#organization\"},\"potentialAction\":[{\"@type\":\"SearchAction\",\"target\":{\"@type\":\"EntryPoint\",\"urlTemplate\":\"https:\\\/\\\/bluesparkmtl.ca\\\/fr\\\/?s={search_term_string}\"},\"query-input\":{\"@type\":\"PropertyValueSpecification\",\"valueRequired\":true,\"valueName\":\"search_term_string\"}}],\"inLanguage\":\"fr-FR\"},{\"@type\":\"Organization\",\"@id\":\"https:\\\/\\\/bluesparkmtl.ca\\\/fr\\\/#organization\",\"name\":\"Blue Spark Developmental Center\",\"url\":\"https:\\\/\\\/bluesparkmtl.ca\\\/fr\\\/\",\"logo\":{\"@type\":\"ImageObject\",\"inLanguage\":\"fr-FR\",\"@id\":\"https:\\\/\\\/bluesparkmtl.ca\\\/fr\\\/#\\\/schema\\\/logo\\\/image\\\/\",\"url\":\"https:\\\/\\\/i0.wp.com\\\/bluesparkmtl.ca\\\/wp-content\\\/uploads\\\/2022\\\/04\\\/cropped-bluespark-logo.png?fit=731%2C279&ssl=1\",\"contentUrl\":\"https:\\\/\\\/i0.wp.com\\\/bluesparkmtl.ca\\\/wp-content\\\/uploads\\\/2022\\\/04\\\/cropped-bluespark-logo.png?fit=731%2C279&ssl=1\",\"width\":731,\"height\":279,\"caption\":\"Blue Spark Developmental Center\"},\"image\":{\"@id\":\"https:\\\/\\\/bluesparkmtl.ca\\\/fr\\\/#\\\/schema\\\/logo\\\/image\\\/\"}}]}<\/script>\n<!-- \/ Yoast SEO plugin. -->","yoast_head_json":{"title":"Groupes de comp\u00e9tences sociales - Blue Spark Developmental Center","robots":{"index":"index","follow":"follow","max-snippet":"max-snippet:-1","max-image-preview":"max-image-preview:large","max-video-preview":"max-video-preview:-1"},"canonical":"https:\/\/bluesparkmtl.ca\/fr\/nos-services\/groupes-de-competences-sociales\/","og_locale":"fr_FR","og_type":"article","og_title":"Groupes de comp\u00e9tences sociales - Blue Spark Developmental Center","og_description":"Se faire des amis, jouer \u00e0 des jeux et communiquer avec les autres est une partie importante de notre vie. Pour les enfants qui rencontrent des difficult\u00e9s dans ces domaines, nos groupes de comp\u00e9tences sociales offrent la possibilit\u00e9 de jouer et d&rsquo;apprendre aux c\u00f4t\u00e9s de pairs du m\u00eame \u00e2ge dans un environnement s\u00fbr et stimulant.&hellip; Lire la suite Groupes de comp\u00e9tences sociales","og_url":"https:\/\/bluesparkmtl.ca\/fr\/nos-services\/groupes-de-competences-sociales\/","og_site_name":"Blue Spark Developmental Center","article_modified_time":"2023-12-27T16:40:48+00:00","og_image":[{"url":"https:\/\/bluesparkmtl.ca\/wp-content\/uploads\/2020\/06\/canva-kids-together-in-jumping-competition.jpg?w=825","type":"","width":"","height":""}],"twitter_card":"summary_large_image","twitter_misc":{"Dur\u00e9e de lecture estim\u00e9e":"1 minute"},"schema":{"@context":"https:\/\/schema.org","@graph":[{"@type":"WebPage","@id":"https:\/\/bluesparkmtl.ca\/fr\/nos-services\/groupes-de-competences-sociales\/","url":"https:\/\/bluesparkmtl.ca\/fr\/nos-services\/groupes-de-competences-sociales\/","name":"Groupes de comp\u00e9tences sociales - Blue Spark Developmental Center","isPartOf":{"@id":"https:\/\/bluesparkmtl.ca\/fr\/#website"},"primaryImageOfPage":{"@id":"https:\/\/bluesparkmtl.ca\/fr\/nos-services\/groupes-de-competences-sociales\/#primaryimage"},"image":{"@id":"https:\/\/bluesparkmtl.ca\/fr\/nos-services\/groupes-de-competences-sociales\/#primaryimage"},"thumbnailUrl":"https:\/\/bluesparkmtl.ca\/wp-content\/uploads\/2020\/06\/canva-kids-together-in-jumping-competition.jpg?w=825","datePublished":"2020-05-13T20:27:00+00:00","dateModified":"2023-12-27T16:40:48+00:00","breadcrumb":{"@id":"https:\/\/bluesparkmtl.ca\/fr\/nos-services\/groupes-de-competences-sociales\/#breadcrumb"},"inLanguage":"fr-FR","potentialAction":[{"@type":"ReadAction","target":["https:\/\/bluesparkmtl.ca\/fr\/nos-services\/groupes-de-competences-sociales\/"]}]},{"@type":"ImageObject","inLanguage":"fr-FR","@id":"https:\/\/bluesparkmtl.ca\/fr\/nos-services\/groupes-de-competences-sociales\/#primaryimage","url":"https:\/\/bluesparkmtl.ca\/wp-content\/uploads\/2020\/06\/canva-kids-together-in-jumping-competition.jpg?w=825","contentUrl":"https:\/\/bluesparkmtl.ca\/wp-content\/uploads\/2020\/06\/canva-kids-together-in-jumping-competition.jpg?w=825"},{"@type":"BreadcrumbList","@id":"https:\/\/bluesparkmtl.ca\/fr\/nos-services\/groupes-de-competences-sociales\/#breadcrumb","itemListElement":[{"@type":"ListItem","position":1,"name":"Home","item":"https:\/\/bluesparkmtl.ca\/fr\/"},{"@type":"ListItem","position":2,"name":"Nos services","item":"https:\/\/bluesparkmtl.ca\/fr\/nos-services\/"},{"@type":"ListItem","position":3,"name":"Groupes de comp\u00e9tences sociales"}]},{"@type":"WebSite","@id":"https:\/\/bluesparkmtl.ca\/fr\/#website","url":"https:\/\/bluesparkmtl.ca\/fr\/","name":"Blue Spark Developmental Center","description":"Etincelle Bleue Centre de D\u00e9veloppement","publisher":{"@id":"https:\/\/bluesparkmtl.ca\/fr\/#organization"},"potentialAction":[{"@type":"SearchAction","target":{"@type":"EntryPoint","urlTemplate":"https:\/\/bluesparkmtl.ca\/fr\/?s={search_term_string}"},"query-input":{"@type":"PropertyValueSpecification","valueRequired":true,"valueName":"search_term_string"}}],"inLanguage":"fr-FR"},{"@type":"Organization","@id":"https:\/\/bluesparkmtl.ca\/fr\/#organization","name":"Blue Spark Developmental Center","url":"https:\/\/bluesparkmtl.ca\/fr\/","logo":{"@type":"ImageObject","inLanguage":"fr-FR","@id":"https:\/\/bluesparkmtl.ca\/fr\/#\/schema\/logo\/image\/","url":"https:\/\/i0.wp.com\/bluesparkmtl.ca\/wp-content\/uploads\/2022\/04\/cropped-bluespark-logo.png?fit=731%2C279&ssl=1","contentUrl":"https:\/\/i0.wp.com\/bluesparkmtl.ca\/wp-content\/uploads\/2022\/04\/cropped-bluespark-logo.png?fit=731%2C279&ssl=1","width":731,"height":279,"caption":"Blue Spark Developmental Center"},"image":{"@id":"https:\/\/bluesparkmtl.ca\/fr\/#\/schema\/logo\/image\/"}}]}},"jetpack_sharing_enabled":true,"amp_enabled":true,"_links":{"self":[{"href":"https:\/\/bluesparkmtl.ca\/fr\/wp-json\/wp\/v2\/pages\/3345","targetHints":{"allow":["GET"]}}],"collection":[{"href":"https:\/\/bluesparkmtl.ca\/fr\/wp-json\/wp\/v2\/pages"}],"about":[{"href":"https:\/\/bluesparkmtl.ca\/fr\/wp-json\/wp\/v2\/types\/page"}],"author":[{"embeddable":true,"href":"https:\/\/bluesparkmtl.ca\/fr\/wp-json\/wp\/v2\/users\/2"}],"replies":[{"embeddable":true,"href":"https:\/\/bluesparkmtl.ca\/fr\/wp-json\/wp\/v2\/comments?post=3345"}],"version-history":[{"count":3,"href":"https:\/\/bluesparkmtl.ca\/fr\/wp-json\/wp\/v2\/pages\/3345\/revisions"}],"predecessor-version":[{"id":3373,"href":"https:\/\/bluesparkmtl.ca\/fr\/wp-json\/wp\/v2\/pages\/3345\/revisions\/3373"}],"up":[{"embeddable":true,"href":"https:\/\/bluesparkmtl.ca\/fr\/wp-json\/wp\/v2\/pages\/3348"}],"wp:attachment":[{"href":"https:\/\/bluesparkmtl.ca\/fr\/wp-json\/wp\/v2\/media?parent=3345"}],"wp:term":[{"taxonomy":"post_tag","embeddable":true,"href":"https:\/\/bluesparkmtl.ca\/fr\/wp-json\/wp\/v2\/tags?post=3345"}],"curies":[{"name":"wp","href":"https:\/\/api.w.org\/{rel}","templated":true}]}}