{"id":3347,"date":"2020-05-01T02:03:59","date_gmt":"2020-05-01T02:03:59","guid":{"rendered":"https:\/\/bluesparkmtl.ca\/a-propos-de-nous\/"},"modified":"2023-12-27T18:19:49","modified_gmt":"2023-12-27T18:19:49","slug":"a-propos-de-nous","status":"publish","type":"page","link":"https:\/\/bluesparkmtl.ca\/fr\/a-propos-de-nous\/","title":{"rendered":"\u00c0 propos de nous"},"content":{"rendered":"\n<div class=\"wp-block-group alignfull\"><div class=\"wp-block-group__inner-container is-layout-flow wp-block-group-is-layout-flow\">\n<div class=\"wp-block-group alignfull has-background-background-color has-background\"><div class=\"wp-block-group__inner-container is-layout-flow wp-block-group-is-layout-flow\">\n<div class=\"wp-block-jetpack-layout-grid alignfull column1-desktop-grid__span-12 column1-desktop-grid__row-1 column1-tablet-grid__span-8 column1-tablet-grid__row-1 column1-mobile-grid__span-4 column1-mobile-grid__row-1 wp-block-jetpack-layout-gutter__nowrap wp-block-jetpack-layout-gutter__none\">\n<div class=\"wp-block-jetpack-layout-grid-column wp-block-jetpack-layout-grid__padding-none\">\n<div class=\"wp-block-image is-style-default\"><figure class=\"aligncenter size-large\"><img data-recalc-dims=\"1\" loading=\"lazy\" decoding=\"async\" width=\"825\" height=\"550\" src=\"https:\/\/i0.wp.com\/bluesparkmtl.ca\/wp-content\/uploads\/2020\/06\/canva-parents-drink-tea-while-sitting-with-children-in-living-room.jpg?resize=825%2C550&#038;ssl=1\" alt=\"\" class=\"wp-image-337\" srcset=\"https:\/\/i0.wp.com\/bluesparkmtl.ca\/wp-content\/uploads\/2020\/06\/canva-parents-drink-tea-while-sitting-with-children-in-living-room.jpg?w=1600&amp;ssl=1 1600w, https:\/\/i0.wp.com\/bluesparkmtl.ca\/wp-content\/uploads\/2020\/06\/canva-parents-drink-tea-while-sitting-with-children-in-living-room.jpg?resize=300%2C200&amp;ssl=1 300w, https:\/\/i0.wp.com\/bluesparkmtl.ca\/wp-content\/uploads\/2020\/06\/canva-parents-drink-tea-while-sitting-with-children-in-living-room.jpg?resize=1024%2C683&amp;ssl=1 1024w, https:\/\/i0.wp.com\/bluesparkmtl.ca\/wp-content\/uploads\/2020\/06\/canva-parents-drink-tea-while-sitting-with-children-in-living-room.jpg?resize=768%2C512&amp;ssl=1 768w, https:\/\/i0.wp.com\/bluesparkmtl.ca\/wp-content\/uploads\/2020\/06\/canva-parents-drink-tea-while-sitting-with-children-in-living-room.jpg?resize=1536%2C1024&amp;ssl=1 1536w\" sizes=\"auto, (max-width: 825px) 100vw, 825px\" \/><\/figure><\/div>\n<\/div>\n<\/div>\n<\/div><\/div>\n<\/div><\/div>\n\n<div class=\"wp-block-group alignfull has-background-background-color has-background\"><div class=\"wp-block-group__inner-container is-layout-flow wp-block-group-is-layout-flow\">\n<p>Apr\u00e8s des ann\u00e9es de travail sur le terrain pour une grande vari\u00e9t\u00e9 de fournisseurs de services priv\u00e9s et publics, nous reconnaissons la n\u00e9cessit\u00e9 d&rsquo;une meilleure th\u00e9rapie ABA qui place votre enfant au c\u0153ur de son programme.<\/p>\n\n\n\n<p>Chez \u00c9tincelle Bleue, nous sommes passionn\u00e9s par la mise en \u0153uvre des avanc\u00e9es dans le domaine de l&rsquo;analyse du comportement pour assurer une intervention progressive et de haute qualit\u00e9, adapt\u00e9e aux besoins et aux circonstances de chaque enfant.<\/p>\n\n\n\n<p>Nous nous engageons \u00e0 travailler en collaboration avec d&rsquo;autres domaines pour fournir des programmes \u00e9quilibr\u00e9s et complets qui r\u00e9pondent \u00e0 tous les besoins de votre enfant.<\/p>\n\n\n\n<p>Notre \u00e9quipe certifi\u00e9e multidisciplinaire est compos\u00e9e d\u2019analystes du comportement (BCBAs\u00ae) et d&rsquo;analystes du comportement adjoints (BCaBAs\u00ae), de techniciens du comportement (RBT\u00ae), d&rsquo;orthophonistes et d&rsquo;ergoth\u00e9rapeutes.<\/p>\n\n\n<div class=\"wp-block-jetpack-calendly calendly-style-inline\" id=\"calendly-block-1\"><\/div>\n\n\n<h2 class=\"wp-block-heading\">Th\u00e9rapie ABA<\/h2>\n\n\n\n<p>Nos services d&rsquo;analyse comportementale appliqu\u00e9e (th\u00e9rapie ABA) sont offerts \u00e0 notre centre, \u00e0 domicile, dans les garderies et les \u00e9coles. Pendant ces p\u00e9riodes difficiles, les services de virtuels peuvent \u00e9galement \u00eatre une option en fonction de votre enfant et des circonstances.<\/p>\n\n\n\n<p>Notre \u00e9quipe certifi\u00e9e multidisciplinaire est constitu\u00e9e d\u2019analystes du comportement (BCBAs\u00ae), d&rsquo;analystes du comportement adjoints (BCaBAs\u00ae), de techniciens du comportement (RBT\u00ae), d&rsquo;orthophonistes et d&rsquo;ergoth\u00e9rapeutes, garantissant ainsi la meilleure qualit\u00e9 de service.<\/p>\n\n\n\n<h2 class=\"wp-block-heading\">Qu&rsquo;est-ce que l&rsquo;ABA ?<\/h2>\n\n\n\n<p>L&rsquo;analyse appliqu\u00e9e du comportement, ou ABA, est la science qui consiste \u00e0 mettre en place les principes d&rsquo;apprentissage pour modifier le comportement. L&rsquo;ABA se concentre sur l&rsquo;utilisation d&rsquo;une vari\u00e9t\u00e9 d&rsquo;approches pour enseigner des comportements adaptatifs et pour r\u00e9duire les comportements g\u00eanants ou probl\u00e9matiques en les rempla\u00e7ant par des alternatives plus s\u00fbres et plus fonctionnelles.<\/p>\n\n\n\n<p>L&rsquo;objectif d&rsquo;un programme ABA n&rsquo;est pas de changer l&rsquo;apprenant de quelque mani\u00e8re que ce soit, mais de l&rsquo;aider \u00e0 acqu\u00e9rir les comp\u00e9tences dont il a besoin pour atteindre son plein potentiel et \u00eatre heureux.<\/p>\n\n\n\n<p>Notre approche de l&rsquo;ABA<strong> <\/strong>Notre approche de l&rsquo;ABA se concentre sur l\u2019obtention de la coop\u00e9ration de votre enfant afin qu\u2019il devienne un participant actif et volontaire qui aime jouer et apprendre ensemble. Nous utilisons les principes de l&rsquo;analyse du comportement (ABA) combin\u00e9s \u00e0 l&rsquo;analyse du comportement verbal (VB) de Skinner pour garantir que l&rsquo;enseignement soit non seulement pertinent, mais aussi amusant et motivant pour votre enfant.<\/p>\n\n\n\n<p>Nous croyons que, comme chaque enfant est unique, chaque programme ABA devrait \u00eatre unique. Chaque programme est hautement individualis\u00e9 pour r\u00e9pondre aux besoins sp\u00e9cifiques de votre enfant tout en tenant compte de vos objectifs et de vos valeurs en tant que famille.<\/p>\n\n\n\n<h2 class=\"wp-block-heading\">Comment l&rsquo;ABA peut-elle aider ?<\/h2>\n\n\n\n<p>La th\u00e9rapie ABA peut \u00eatre appliqu\u00e9e pour aider \u00e0 enseigner un large \u00e9ventail de comp\u00e9tences et aborder une vari\u00e9t\u00e9 de comportements. Les programmes d&rsquo;ABA se concentrent notamment sur les domaines suivants<\/p>\n\n\n\n<ul class=\"wp-block-list\"><li>Communication fonctionnelle<\/li><li>D\u00e9veloppement de la parole et du langage<\/li><li>Comp\u00e9tences sociales<\/li><li>Ind\u00e9pendance et comp\u00e9tences de vie<\/li><li>\u00c9couter et comprendre<\/li><li>Comp\u00e9tences pr\u00e9-acad\u00e9miques et acad\u00e9miques<\/li><li>Auto-r\u00e9gulation<\/li><li>Comp\u00e9tences en mati\u00e8re de s\u00e9curit\u00e9<\/li><li>Comp\u00e9tences en mati\u00e8re de jeu et de loisirs<\/li><\/ul>\n\n\n\n<p><strong>Et bien plus encore !<\/strong><\/p>\n\n\n\n<p><strong><a href=\"https:\/\/calendly.com\/bluesparkmontreal\">Planifiez<\/a> une consultation t\u00e9l\u00e9phonique gratuite de 30 minutes ou appelez le (514) 607-9377<\/strong> <strong>d\u00e8s maintenant !<\/strong><\/p>\n<\/div><\/div>\n\n<p><\/p>\n","protected":false},"excerpt":{"rendered":"<p>Apr\u00e8s des ann\u00e9es de travail sur le terrain pour une grande vari\u00e9t\u00e9 de fournisseurs de services priv\u00e9s et publics, nous reconnaissons la n\u00e9cessit\u00e9 d&rsquo;une meilleure th\u00e9rapie ABA qui place votre enfant au c\u0153ur de son programme. Chez \u00c9tincelle Bleue, nous sommes passionn\u00e9s par la mise en \u0153uvre des avanc\u00e9es dans le domaine de l&rsquo;analyse du&hellip; <a href=\"https:\/\/bluesparkmtl.ca\/fr\/a-propos-de-nous\/\" class=\"more-link\">Lire la suite <span class=\"screen-reader-text\">\u00c0 propos de nous<\/span><\/a><\/p>\n","protected":false},"author":2,"featured_media":0,"parent":0,"menu_order":0,"comment_status":"closed","ping_status":"closed","template":"templates\/full-width-page.php","meta":{"om_disable_all_campaigns":false,"_monsterinsights_skip_tracking":false,"_monsterinsights_sitenote_active":false,"_monsterinsights_sitenote_note":"","_monsterinsights_sitenote_category":0,"_wp_convertkit_post_meta":{"form":"-1","landing_page":"0","tag":"0","restrict_content":"0"},"footnotes":""},"tags":[],"class_list":["post-3347","page","type-page","status-publish","hentry","without-featured-image"],"yoast_head":"<!-- This site is optimized with the Yoast SEO plugin v27.5 - https:\/\/yoast.com\/product\/yoast-seo-wordpress\/ -->\n<title>\u00c0 propos de nous - Blue Spark Developmental Center<\/title>\n<meta name=\"robots\" content=\"index, follow, max-snippet:-1, max-image-preview:large, max-video-preview:-1\" \/>\n<link rel=\"canonical\" href=\"https:\/\/bluesparkmtl.ca\/fr\/a-propos-de-nous\/\" \/>\n<meta property=\"og:locale\" content=\"fr_FR\" \/>\n<meta property=\"og:type\" content=\"article\" \/>\n<meta property=\"og:title\" content=\"\u00c0 propos de nous - Blue Spark Developmental Center\" \/>\n<meta property=\"og:description\" content=\"Apr\u00e8s des ann\u00e9es de travail sur le terrain pour une grande vari\u00e9t\u00e9 de fournisseurs de services priv\u00e9s et publics, nous reconnaissons la n\u00e9cessit\u00e9 d&rsquo;une meilleure th\u00e9rapie ABA qui place votre enfant au c\u0153ur de son programme. Chez \u00c9tincelle Bleue, nous sommes passionn\u00e9s par la mise en \u0153uvre des avanc\u00e9es dans le domaine de l&rsquo;analyse du&hellip; Lire la suite \u00c0 propos de nous\" \/>\n<meta property=\"og:url\" content=\"https:\/\/bluesparkmtl.ca\/fr\/a-propos-de-nous\/\" \/>\n<meta property=\"og:site_name\" content=\"Blue Spark Developmental Center\" \/>\n<meta property=\"article:modified_time\" content=\"2023-12-27T18:19:49+00:00\" \/>\n<meta property=\"og:image\" content=\"https:\/\/bluesparkmtl.ca\/wp-content\/uploads\/2020\/06\/canva-parents-drink-tea-while-sitting-with-children-in-living-room.jpg?w=1024\" \/>\n<meta name=\"twitter:card\" content=\"summary_large_image\" \/>\n<meta name=\"twitter:label1\" content=\"Dur\u00e9e de lecture estim\u00e9e\" \/>\n\t<meta name=\"twitter:data1\" content=\"3 minutes\" \/>\n<script type=\"application\/ld+json\" class=\"yoast-schema-graph\">{\"@context\":\"https:\\\/\\\/schema.org\",\"@graph\":[{\"@type\":\"WebPage\",\"@id\":\"https:\\\/\\\/bluesparkmtl.ca\\\/fr\\\/a-propos-de-nous\\\/\",\"url\":\"https:\\\/\\\/bluesparkmtl.ca\\\/fr\\\/a-propos-de-nous\\\/\",\"name\":\"\u00c0 propos de nous - Blue Spark Developmental Center\",\"isPartOf\":{\"@id\":\"https:\\\/\\\/bluesparkmtl.ca\\\/fr\\\/#website\"},\"primaryImageOfPage\":{\"@id\":\"https:\\\/\\\/bluesparkmtl.ca\\\/fr\\\/a-propos-de-nous\\\/#primaryimage\"},\"image\":{\"@id\":\"https:\\\/\\\/bluesparkmtl.ca\\\/fr\\\/a-propos-de-nous\\\/#primaryimage\"},\"thumbnailUrl\":\"https:\\\/\\\/bluesparkmtl.ca\\\/wp-content\\\/uploads\\\/2020\\\/06\\\/canva-parents-drink-tea-while-sitting-with-children-in-living-room.jpg?w=1024\",\"datePublished\":\"2020-05-01T02:03:59+00:00\",\"dateModified\":\"2023-12-27T18:19:49+00:00\",\"breadcrumb\":{\"@id\":\"https:\\\/\\\/bluesparkmtl.ca\\\/fr\\\/a-propos-de-nous\\\/#breadcrumb\"},\"inLanguage\":\"fr-FR\",\"potentialAction\":[{\"@type\":\"ReadAction\",\"target\":[\"https:\\\/\\\/bluesparkmtl.ca\\\/fr\\\/a-propos-de-nous\\\/\"]}]},{\"@type\":\"ImageObject\",\"inLanguage\":\"fr-FR\",\"@id\":\"https:\\\/\\\/bluesparkmtl.ca\\\/fr\\\/a-propos-de-nous\\\/#primaryimage\",\"url\":\"https:\\\/\\\/bluesparkmtl.ca\\\/wp-content\\\/uploads\\\/2020\\\/06\\\/canva-parents-drink-tea-while-sitting-with-children-in-living-room.jpg?w=1024\",\"contentUrl\":\"https:\\\/\\\/bluesparkmtl.ca\\\/wp-content\\\/uploads\\\/2020\\\/06\\\/canva-parents-drink-tea-while-sitting-with-children-in-living-room.jpg?w=1024\"},{\"@type\":\"BreadcrumbList\",\"@id\":\"https:\\\/\\\/bluesparkmtl.ca\\\/fr\\\/a-propos-de-nous\\\/#breadcrumb\",\"itemListElement\":[{\"@type\":\"ListItem\",\"position\":1,\"name\":\"Home\",\"item\":\"https:\\\/\\\/bluesparkmtl.ca\\\/fr\\\/\"},{\"@type\":\"ListItem\",\"position\":2,\"name\":\"\u00c0 propos de nous\"}]},{\"@type\":\"WebSite\",\"@id\":\"https:\\\/\\\/bluesparkmtl.ca\\\/fr\\\/#website\",\"url\":\"https:\\\/\\\/bluesparkmtl.ca\\\/fr\\\/\",\"name\":\"Blue Spark Developmental Center\",\"description\":\"Etincelle Bleue Centre de D\u00e9veloppement\",\"publisher\":{\"@id\":\"https:\\\/\\\/bluesparkmtl.ca\\\/fr\\\/#organization\"},\"potentialAction\":[{\"@type\":\"SearchAction\",\"target\":{\"@type\":\"EntryPoint\",\"urlTemplate\":\"https:\\\/\\\/bluesparkmtl.ca\\\/fr\\\/?s={search_term_string}\"},\"query-input\":{\"@type\":\"PropertyValueSpecification\",\"valueRequired\":true,\"valueName\":\"search_term_string\"}}],\"inLanguage\":\"fr-FR\"},{\"@type\":\"Organization\",\"@id\":\"https:\\\/\\\/bluesparkmtl.ca\\\/fr\\\/#organization\",\"name\":\"Blue Spark Developmental Center\",\"url\":\"https:\\\/\\\/bluesparkmtl.ca\\\/fr\\\/\",\"logo\":{\"@type\":\"ImageObject\",\"inLanguage\":\"fr-FR\",\"@id\":\"https:\\\/\\\/bluesparkmtl.ca\\\/fr\\\/#\\\/schema\\\/logo\\\/image\\\/\",\"url\":\"https:\\\/\\\/i0.wp.com\\\/bluesparkmtl.ca\\\/wp-content\\\/uploads\\\/2022\\\/04\\\/cropped-bluespark-logo.png?fit=731%2C279&ssl=1\",\"contentUrl\":\"https:\\\/\\\/i0.wp.com\\\/bluesparkmtl.ca\\\/wp-content\\\/uploads\\\/2022\\\/04\\\/cropped-bluespark-logo.png?fit=731%2C279&ssl=1\",\"width\":731,\"height\":279,\"caption\":\"Blue Spark Developmental Center\"},\"image\":{\"@id\":\"https:\\\/\\\/bluesparkmtl.ca\\\/fr\\\/#\\\/schema\\\/logo\\\/image\\\/\"}}]}<\/script>\n<!-- \/ Yoast SEO plugin. -->","yoast_head_json":{"title":"\u00c0 propos de nous - Blue Spark Developmental Center","robots":{"index":"index","follow":"follow","max-snippet":"max-snippet:-1","max-image-preview":"max-image-preview:large","max-video-preview":"max-video-preview:-1"},"canonical":"https:\/\/bluesparkmtl.ca\/fr\/a-propos-de-nous\/","og_locale":"fr_FR","og_type":"article","og_title":"\u00c0 propos de nous - Blue Spark Developmental Center","og_description":"Apr\u00e8s des ann\u00e9es de travail sur le terrain pour une grande vari\u00e9t\u00e9 de fournisseurs de services priv\u00e9s et publics, nous reconnaissons la n\u00e9cessit\u00e9 d&rsquo;une meilleure th\u00e9rapie ABA qui place votre enfant au c\u0153ur de son programme. Chez \u00c9tincelle Bleue, nous sommes passionn\u00e9s par la mise en \u0153uvre des avanc\u00e9es dans le domaine de l&rsquo;analyse du&hellip; Lire la suite \u00c0 propos de nous","og_url":"https:\/\/bluesparkmtl.ca\/fr\/a-propos-de-nous\/","og_site_name":"Blue Spark Developmental Center","article_modified_time":"2023-12-27T18:19:49+00:00","og_image":[{"url":"https:\/\/bluesparkmtl.ca\/wp-content\/uploads\/2020\/06\/canva-parents-drink-tea-while-sitting-with-children-in-living-room.jpg?w=1024","type":"","width":"","height":""}],"twitter_card":"summary_large_image","twitter_misc":{"Dur\u00e9e de lecture estim\u00e9e":"3 minutes"},"schema":{"@context":"https:\/\/schema.org","@graph":[{"@type":"WebPage","@id":"https:\/\/bluesparkmtl.ca\/fr\/a-propos-de-nous\/","url":"https:\/\/bluesparkmtl.ca\/fr\/a-propos-de-nous\/","name":"\u00c0 propos de nous - Blue Spark Developmental Center","isPartOf":{"@id":"https:\/\/bluesparkmtl.ca\/fr\/#website"},"primaryImageOfPage":{"@id":"https:\/\/bluesparkmtl.ca\/fr\/a-propos-de-nous\/#primaryimage"},"image":{"@id":"https:\/\/bluesparkmtl.ca\/fr\/a-propos-de-nous\/#primaryimage"},"thumbnailUrl":"https:\/\/bluesparkmtl.ca\/wp-content\/uploads\/2020\/06\/canva-parents-drink-tea-while-sitting-with-children-in-living-room.jpg?w=1024","datePublished":"2020-05-01T02:03:59+00:00","dateModified":"2023-12-27T18:19:49+00:00","breadcrumb":{"@id":"https:\/\/bluesparkmtl.ca\/fr\/a-propos-de-nous\/#breadcrumb"},"inLanguage":"fr-FR","potentialAction":[{"@type":"ReadAction","target":["https:\/\/bluesparkmtl.ca\/fr\/a-propos-de-nous\/"]}]},{"@type":"ImageObject","inLanguage":"fr-FR","@id":"https:\/\/bluesparkmtl.ca\/fr\/a-propos-de-nous\/#primaryimage","url":"https:\/\/bluesparkmtl.ca\/wp-content\/uploads\/2020\/06\/canva-parents-drink-tea-while-sitting-with-children-in-living-room.jpg?w=1024","contentUrl":"https:\/\/bluesparkmtl.ca\/wp-content\/uploads\/2020\/06\/canva-parents-drink-tea-while-sitting-with-children-in-living-room.jpg?w=1024"},{"@type":"BreadcrumbList","@id":"https:\/\/bluesparkmtl.ca\/fr\/a-propos-de-nous\/#breadcrumb","itemListElement":[{"@type":"ListItem","position":1,"name":"Home","item":"https:\/\/bluesparkmtl.ca\/fr\/"},{"@type":"ListItem","position":2,"name":"\u00c0 propos de nous"}]},{"@type":"WebSite","@id":"https:\/\/bluesparkmtl.ca\/fr\/#website","url":"https:\/\/bluesparkmtl.ca\/fr\/","name":"Blue Spark Developmental Center","description":"Etincelle Bleue Centre de D\u00e9veloppement","publisher":{"@id":"https:\/\/bluesparkmtl.ca\/fr\/#organization"},"potentialAction":[{"@type":"SearchAction","target":{"@type":"EntryPoint","urlTemplate":"https:\/\/bluesparkmtl.ca\/fr\/?s={search_term_string}"},"query-input":{"@type":"PropertyValueSpecification","valueRequired":true,"valueName":"search_term_string"}}],"inLanguage":"fr-FR"},{"@type":"Organization","@id":"https:\/\/bluesparkmtl.ca\/fr\/#organization","name":"Blue Spark Developmental Center","url":"https:\/\/bluesparkmtl.ca\/fr\/","logo":{"@type":"ImageObject","inLanguage":"fr-FR","@id":"https:\/\/bluesparkmtl.ca\/fr\/#\/schema\/logo\/image\/","url":"https:\/\/i0.wp.com\/bluesparkmtl.ca\/wp-content\/uploads\/2022\/04\/cropped-bluespark-logo.png?fit=731%2C279&ssl=1","contentUrl":"https:\/\/i0.wp.com\/bluesparkmtl.ca\/wp-content\/uploads\/2022\/04\/cropped-bluespark-logo.png?fit=731%2C279&ssl=1","width":731,"height":279,"caption":"Blue Spark Developmental Center"},"image":{"@id":"https:\/\/bluesparkmtl.ca\/fr\/#\/schema\/logo\/image\/"}}]}},"jetpack_sharing_enabled":true,"amp_enabled":true,"_links":{"self":[{"href":"https:\/\/bluesparkmtl.ca\/fr\/wp-json\/wp\/v2\/pages\/3347","targetHints":{"allow":["GET"]}}],"collection":[{"href":"https:\/\/bluesparkmtl.ca\/fr\/wp-json\/wp\/v2\/pages"}],"about":[{"href":"https:\/\/bluesparkmtl.ca\/fr\/wp-json\/wp\/v2\/types\/page"}],"author":[{"embeddable":true,"href":"https:\/\/bluesparkmtl.ca\/fr\/wp-json\/wp\/v2\/users\/2"}],"replies":[{"embeddable":true,"href":"https:\/\/bluesparkmtl.ca\/fr\/wp-json\/wp\/v2\/comments?post=3347"}],"version-history":[{"count":5,"href":"https:\/\/bluesparkmtl.ca\/fr\/wp-json\/wp\/v2\/pages\/3347\/revisions"}],"predecessor-version":[{"id":3402,"href":"https:\/\/bluesparkmtl.ca\/fr\/wp-json\/wp\/v2\/pages\/3347\/revisions\/3402"}],"wp:attachment":[{"href":"https:\/\/bluesparkmtl.ca\/fr\/wp-json\/wp\/v2\/media?parent=3347"}],"wp:term":[{"taxonomy":"post_tag","embeddable":true,"href":"https:\/\/bluesparkmtl.ca\/fr\/wp-json\/wp\/v2\/tags?post=3347"}],"curies":[{"name":"wp","href":"https:\/\/api.w.org\/{rel}","templated":true}]}}