{"id":3348,"date":"2020-05-13T19:36:13","date_gmt":"2020-05-13T19:36:13","guid":{"rendered":"https:\/\/bluesparkmtl.ca\/nos-services\/"},"modified":"2023-12-27T18:17:06","modified_gmt":"2023-12-27T18:17:06","slug":"nos-services","status":"publish","type":"page","link":"https:\/\/bluesparkmtl.ca\/fr\/nos-services\/","title":{"rendered":"Nos services"},"content":{"rendered":"\n<div class=\"wp-block-group alignfull\"><div class=\"wp-block-group__inner-container is-layout-flow wp-block-group-is-layout-flow\">\n<div class=\"wp-block-jetpack-layout-grid alignfull column1-desktop-grid__span-12 column1-desktop-grid__row-1 column1-tablet-grid__span-8 column1-tablet-grid__row-1 column1-mobile-grid__span-4 column1-mobile-grid__row-1 wp-block-jetpack-layout-gutter__nowrap wp-block-jetpack-layout-gutter__none\">\n<div class=\"wp-block-jetpack-layout-grid-column wp-block-jetpack-layout-grid__padding-none\">\n<figure class=\"wp-block-image alignfull size-large\"><img data-recalc-dims=\"1\" loading=\"lazy\" decoding=\"async\" width=\"500\" height=\"350\" src=\"https:\/\/i0.wp.com\/bluesparkmtl.ca\/wp-content\/uploads\/2020\/05\/istock-636672368-5a4d44900c1a8200368fa66b.jpg?resize=500%2C350&#038;ssl=1\" alt=\"\" class=\"wp-image-132\" srcset=\"https:\/\/i0.wp.com\/bluesparkmtl.ca\/wp-content\/uploads\/2020\/05\/istock-636672368-5a4d44900c1a8200368fa66b.jpg?w=500&amp;ssl=1 500w, https:\/\/i0.wp.com\/bluesparkmtl.ca\/wp-content\/uploads\/2020\/05\/istock-636672368-5a4d44900c1a8200368fa66b.jpg?resize=300%2C210&amp;ssl=1 300w\" sizes=\"auto, (max-width: 500px) 100vw, 500px\" \/><\/figure>\n<\/div>\n<\/div>\n<\/div><\/div>\n\n<div class=\"wp-block-group alignfull\"><div class=\"wp-block-group__inner-container is-layout-flow wp-block-group-is-layout-flow\">\n<div style=\"height:32px\" aria-hidden=\"true\" class=\"wp-block-spacer\"><\/div>\n\n\n\n<div class=\"wp-block-jetpack-layout-grid alignfull column1-desktop-grid__span-12 column1-desktop-grid__row-1 column1-tablet-grid__span-8 column1-tablet-grid__row-1 column1-mobile-grid__span-4 column1-mobile-grid__row-1 wp-block-jetpack-layout-gutter__nowrap wp-block-jetpack-layout-gutter__none\">\n<div class=\"wp-block-jetpack-layout-grid-column wp-block-jetpack-layout-grid__padding-none\">\n<p>Nous favorisons l&rsquo;acquisition de comp\u00e9tences d&rsquo;une mani\u00e8re flexible afin de r\u00e9pondre \u00e0 la personnalit\u00e9 unique de chaque enfant et aux d\u00e9fis qu&rsquo;il doit relever. Des comp\u00e9tences de base telles que la pr\u00e9sence et l&rsquo;\u00e9coute aux comp\u00e9tences complexes telles que la lecture et la communication.<\/p>\n\n\n\n<p><\/p>\n<\/div>\n<\/div>\n<\/div><\/div>\n\n<p><a href=\"https:\/\/bluesparkmtl.ca\/fr\/nos-services\/therapie-en-centre\/\"><strong>Th\u00e9rapie en centre<\/strong><\/a><\/p>\n\n<p>Le centre de d\u00e9veloppement \u00c9tincelle Bleue propose une th\u00e9rapie bas\u00e9e au centre o\u00f9 notre objectif est de cr\u00e9er un <strong>environnement stimulant et amusant<\/strong> pour nos apprenants. Nous sommes sp\u00e9cialis\u00e9s dans les th\u00e9rapies individuelles d&rsquo;analyse comportementale appliqu\u00e9e et de comportement verbal (ABA\/VB), l&rsquo;orthophonie, l&rsquo;ergoth\u00e9rapie et les groupes de comp\u00e9tences sociales.<\/p>\n\n<p><a href=\"https:\/\/bluesparkmtl.ca\/fr\/nos-services\/services-de-soutien-au-comportement\/\"><strong>Services de soutien au comportement<\/strong><\/a><\/p>\n\n<p>Nos services de soutien comportemental sont \u00e0 la disposition des familles qui souhaitent obtenir de l&rsquo;aide pour faire face \u00e0 des comportements probl\u00e9matiques ou g\u00eanants. Le soutien est offert l\u00e0 o\u00f9 il est n\u00e9cessaire, que ce soit \u00e0 la maison, \u00e0 l&rsquo;\u00e9cole ou dans un cadre communautaire.<\/p>\n\n<p><a href=\"https:\/\/bluesparkmtl.ca\/fr\/nos-services\/intervention-comportementale-intensive-precoce-eibi-et-intervention-comportementale-intensive-ibi\/\"><strong>Intervention comportementale intensive pr\u00e9coce (EIBI) et intervention comportementale intensive (IBI)<\/strong><\/a><\/p>\n\n<p>Le centre \u00c9tincelle Bleue propose des th\u00e9rapies individualis\u00e9es appel\u00e9es Intervention Comportementale Intensive (IBI) et Intervention Pr\u00e9coce Comportementale Intensive (EIBI) qui sont bas\u00e9es sur l\u2019analyse appliqu\u00e9e du comportement (ABA) pour les personnes pr\u00e9sentant un trouble du spectre de l\u2019autisme (TSA). L&rsquo;IBI est l&rsquo;application intensive de la science de l&rsquo;ABA.<\/p>\n\n<p><a href=\"https:\/\/bluesparkmtl.ca\/fr\/nos-services\/coaching-et-formation-des-parents\/\"><strong>Coaching et formation des parents<\/strong><\/a><\/p>\n\n<p>D&rsquo;autres personnes viendront et partiront tout au long du parcours de votre enfant, mais vous, en tant que parents, serez toujours la cl\u00e9 de sa r\u00e9ussite. Bien que les th\u00e9rapies individuelles puissent \u00eatre utiles pour enseigner des comp\u00e9tences et relever des d\u00e9fis, il est essentiel de s&rsquo;assurer que les comp\u00e9tences sont enseign\u00e9es et utilis\u00e9es \u00e0 la maison et dans le monde r\u00e9el.<\/p>\n\n<p><a href=\"https:\/\/bluesparkmtl.ca\/fr\/inclusion-communautaire\/\"><strong>Inclusion communautaire<\/strong><\/a><\/p>\n\n<p>La vie ne se d\u00e9roule pas dans une bulle. Nous reconnaissons l&rsquo;importance pour nos apprenants non seulement d&rsquo;acqu\u00e9rir des comp\u00e9tences par le biais d&rsquo;une intervention individuelle, mais aussi d&rsquo;\u00eatre en mesure d&rsquo;utiliser ces comp\u00e9tences en toute s\u00e9curit\u00e9 dans le monde r\u00e9el. Notre programme ABA communautaire fait sortir l&rsquo;apprentissage de la salle de th\u00e9rapie, de la maison ou de la salle de classe pour l&rsquo;amener dans le monde ext\u00e9rieur.<\/p>\n\n<p><a href=\"https:\/\/bluesparkmtl.ca\/fr\/nos-services\/observation-a-lecole\/\"><strong>Int\u00e9gration scolaire\/accompagnement<\/strong><\/a><\/p>\n\n<p>L&rsquo;int\u00e9gration dans une classe ou un groupe peut s&rsquo;av\u00e9rer difficile pour certains enfants. Nos services d&rsquo;inclusion et d&rsquo;accompagnement apportent un soutien \u00e0 votre enfant dans l&rsquo;environnement o\u00f9 il en a le plus besoin.<\/p>\n\n<p><a href=\"https:\/\/bluesparkmtl.ca\/fr\/nos-services\/groupes-de-competences-sociales\/\"><strong>Groupes de comp\u00e9tences sociales<\/strong><\/a><\/p>\n\n<p>Se faire des amis, jouer \u00e0 des jeux et communiquer avec les autres est une partie importante de notre vie. Pour les enfants qui rencontrent des difficult\u00e9s dans ces domaines, nos groupes de comp\u00e9tences sociales offrent la possibilit\u00e9 de jouer et d&rsquo;apprendre aux c\u00f4t\u00e9s de pairs du m\u00eame \u00e2ge dans un environnement s\u00fbr et stimulant.<\/p>\n\n<p><a href=\"https:\/\/bluesparkmtl.ca\/fr\/nos-services\/ergotherapie\/\"><strong>Ergoth\u00e9rapie<\/strong><\/a><\/p>\n\n<p>L&rsquo;occupation d&rsquo;un enfant est de jouer, d&rsquo;apprendre et d&rsquo;explorer. Si votre enfant a du mal \u00e0 interagir avec le monde qui l&rsquo;entoure, l&rsquo;ergoth\u00e9rapie peut l&rsquo;aider.<\/p>\n\n<p><a href=\"https:\/\/bluesparkmtl.ca\/fr\/therapie-a-domicile\/\"><strong>Th\u00e9rapie \u00e0 domicile<\/strong><\/a><\/p>\n\n<p>Notre \u00e9quipe d\u00e9vou\u00e9e propose des th\u00e9rapies \u00e0 domicile afin d&rsquo;apporter des changements significatifs et positifs. Les plans de traitement sont \u00e9labor\u00e9s en fonction des besoins uniques de chaque enfant et ajust\u00e9s en fonction de l&rsquo;\u00e9volution de ces besoins.<\/p>\n\n<p><\/p>\n\n<p><strong><a href=\"https:\/\/calendly.com\/bluesparkmontreal\">Planifiez<\/a> une consultation t\u00e9l\u00e9phonique gratuite de 30 minutes ou appelez le (514) 607-9377<\/strong> <strong>d\u00e8s maintenant !<\/strong><\/p>\n","protected":false},"excerpt":{"rendered":"<p>Nous favorisons l&rsquo;acquisition de comp\u00e9tences d&rsquo;une mani\u00e8re flexible afin de r\u00e9pondre \u00e0 la personnalit\u00e9 unique de chaque enfant et aux d\u00e9fis qu&rsquo;il doit relever. Des comp\u00e9tences de base telles que la pr\u00e9sence et l&rsquo;\u00e9coute aux comp\u00e9tences complexes telles que la lecture et la communication. Th\u00e9rapie en centre Le centre de d\u00e9veloppement \u00c9tincelle Bleue propose une&hellip; <a href=\"https:\/\/bluesparkmtl.ca\/fr\/nos-services\/\" class=\"more-link\">Lire la suite <span class=\"screen-reader-text\">Nos services<\/span><\/a><\/p>\n","protected":false},"author":2,"featured_media":0,"parent":0,"menu_order":0,"comment_status":"closed","ping_status":"closed","template":"templates\/full-width-page.php","meta":{"om_disable_all_campaigns":false,"_monsterinsights_skip_tracking":false,"_monsterinsights_sitenote_active":false,"_monsterinsights_sitenote_note":"","_monsterinsights_sitenote_category":0,"_wp_convertkit_post_meta":{"form":"-1","landing_page":"0","tag":"0","restrict_content":"0"},"footnotes":""},"tags":[],"class_list":["post-3348","page","type-page","status-publish","hentry","without-featured-image"],"yoast_head":"<!-- This site is optimized with the Yoast SEO plugin v27.5 - https:\/\/yoast.com\/product\/yoast-seo-wordpress\/ -->\n<title>Nos services - Blue Spark Developmental Center<\/title>\n<meta name=\"robots\" content=\"index, follow, max-snippet:-1, max-image-preview:large, max-video-preview:-1\" \/>\n<link rel=\"canonical\" href=\"https:\/\/bluesparkmtl.ca\/fr\/nos-services\/\" \/>\n<meta property=\"og:locale\" content=\"fr_FR\" \/>\n<meta property=\"og:type\" content=\"article\" \/>\n<meta property=\"og:title\" content=\"Nos services - Blue Spark Developmental Center\" \/>\n<meta property=\"og:description\" content=\"Nous favorisons l&rsquo;acquisition de comp\u00e9tences d&rsquo;une mani\u00e8re flexible afin de r\u00e9pondre \u00e0 la personnalit\u00e9 unique de chaque enfant et aux d\u00e9fis qu&rsquo;il doit relever. Des comp\u00e9tences de base telles que la pr\u00e9sence et l&rsquo;\u00e9coute aux comp\u00e9tences complexes telles que la lecture et la communication. Th\u00e9rapie en centre Le centre de d\u00e9veloppement \u00c9tincelle Bleue propose une&hellip; Lire la suite Nos services\" \/>\n<meta property=\"og:url\" content=\"https:\/\/bluesparkmtl.ca\/fr\/nos-services\/\" \/>\n<meta property=\"og:site_name\" content=\"Blue Spark Developmental Center\" \/>\n<meta property=\"article:modified_time\" content=\"2023-12-27T18:17:06+00:00\" \/>\n<meta property=\"og:image\" content=\"https:\/\/bluesparkmtl.ca\/wp-content\/uploads\/2020\/05\/istock-636672368-5a4d44900c1a8200368fa66b.jpg?w=500\" \/>\n<meta name=\"twitter:card\" content=\"summary_large_image\" \/>\n<meta name=\"twitter:label1\" content=\"Dur\u00e9e de lecture estim\u00e9e\" \/>\n\t<meta name=\"twitter:data1\" content=\"3 minutes\" \/>\n<script type=\"application\/ld+json\" class=\"yoast-schema-graph\">{\"@context\":\"https:\\\/\\\/schema.org\",\"@graph\":[{\"@type\":\"WebPage\",\"@id\":\"https:\\\/\\\/bluesparkmtl.ca\\\/fr\\\/nos-services\\\/\",\"url\":\"https:\\\/\\\/bluesparkmtl.ca\\\/fr\\\/nos-services\\\/\",\"name\":\"Nos services - Blue Spark Developmental Center\",\"isPartOf\":{\"@id\":\"https:\\\/\\\/bluesparkmtl.ca\\\/fr\\\/#website\"},\"primaryImageOfPage\":{\"@id\":\"https:\\\/\\\/bluesparkmtl.ca\\\/fr\\\/nos-services\\\/#primaryimage\"},\"image\":{\"@id\":\"https:\\\/\\\/bluesparkmtl.ca\\\/fr\\\/nos-services\\\/#primaryimage\"},\"thumbnailUrl\":\"https:\\\/\\\/bluesparkmtl.ca\\\/wp-content\\\/uploads\\\/2020\\\/05\\\/istock-636672368-5a4d44900c1a8200368fa66b.jpg?w=500\",\"datePublished\":\"2020-05-13T19:36:13+00:00\",\"dateModified\":\"2023-12-27T18:17:06+00:00\",\"breadcrumb\":{\"@id\":\"https:\\\/\\\/bluesparkmtl.ca\\\/fr\\\/nos-services\\\/#breadcrumb\"},\"inLanguage\":\"fr-FR\",\"potentialAction\":[{\"@type\":\"ReadAction\",\"target\":[\"https:\\\/\\\/bluesparkmtl.ca\\\/fr\\\/nos-services\\\/\"]}]},{\"@type\":\"ImageObject\",\"inLanguage\":\"fr-FR\",\"@id\":\"https:\\\/\\\/bluesparkmtl.ca\\\/fr\\\/nos-services\\\/#primaryimage\",\"url\":\"https:\\\/\\\/bluesparkmtl.ca\\\/wp-content\\\/uploads\\\/2020\\\/05\\\/istock-636672368-5a4d44900c1a8200368fa66b.jpg?w=500\",\"contentUrl\":\"https:\\\/\\\/bluesparkmtl.ca\\\/wp-content\\\/uploads\\\/2020\\\/05\\\/istock-636672368-5a4d44900c1a8200368fa66b.jpg?w=500\"},{\"@type\":\"BreadcrumbList\",\"@id\":\"https:\\\/\\\/bluesparkmtl.ca\\\/fr\\\/nos-services\\\/#breadcrumb\",\"itemListElement\":[{\"@type\":\"ListItem\",\"position\":1,\"name\":\"Home\",\"item\":\"https:\\\/\\\/bluesparkmtl.ca\\\/fr\\\/\"},{\"@type\":\"ListItem\",\"position\":2,\"name\":\"Nos services\"}]},{\"@type\":\"WebSite\",\"@id\":\"https:\\\/\\\/bluesparkmtl.ca\\\/fr\\\/#website\",\"url\":\"https:\\\/\\\/bluesparkmtl.ca\\\/fr\\\/\",\"name\":\"Blue Spark Developmental Center\",\"description\":\"Etincelle Bleue Centre de D\u00e9veloppement\",\"publisher\":{\"@id\":\"https:\\\/\\\/bluesparkmtl.ca\\\/fr\\\/#organization\"},\"potentialAction\":[{\"@type\":\"SearchAction\",\"target\":{\"@type\":\"EntryPoint\",\"urlTemplate\":\"https:\\\/\\\/bluesparkmtl.ca\\\/fr\\\/?s={search_term_string}\"},\"query-input\":{\"@type\":\"PropertyValueSpecification\",\"valueRequired\":true,\"valueName\":\"search_term_string\"}}],\"inLanguage\":\"fr-FR\"},{\"@type\":\"Organization\",\"@id\":\"https:\\\/\\\/bluesparkmtl.ca\\\/fr\\\/#organization\",\"name\":\"Blue Spark Developmental Center\",\"url\":\"https:\\\/\\\/bluesparkmtl.ca\\\/fr\\\/\",\"logo\":{\"@type\":\"ImageObject\",\"inLanguage\":\"fr-FR\",\"@id\":\"https:\\\/\\\/bluesparkmtl.ca\\\/fr\\\/#\\\/schema\\\/logo\\\/image\\\/\",\"url\":\"https:\\\/\\\/i0.wp.com\\\/bluesparkmtl.ca\\\/wp-content\\\/uploads\\\/2022\\\/04\\\/cropped-bluespark-logo.png?fit=731%2C279&ssl=1\",\"contentUrl\":\"https:\\\/\\\/i0.wp.com\\\/bluesparkmtl.ca\\\/wp-content\\\/uploads\\\/2022\\\/04\\\/cropped-bluespark-logo.png?fit=731%2C279&ssl=1\",\"width\":731,\"height\":279,\"caption\":\"Blue Spark Developmental Center\"},\"image\":{\"@id\":\"https:\\\/\\\/bluesparkmtl.ca\\\/fr\\\/#\\\/schema\\\/logo\\\/image\\\/\"}}]}<\/script>\n<!-- \/ Yoast SEO plugin. -->","yoast_head_json":{"title":"Nos services - Blue Spark Developmental Center","robots":{"index":"index","follow":"follow","max-snippet":"max-snippet:-1","max-image-preview":"max-image-preview:large","max-video-preview":"max-video-preview:-1"},"canonical":"https:\/\/bluesparkmtl.ca\/fr\/nos-services\/","og_locale":"fr_FR","og_type":"article","og_title":"Nos services - Blue Spark Developmental Center","og_description":"Nous favorisons l&rsquo;acquisition de comp\u00e9tences d&rsquo;une mani\u00e8re flexible afin de r\u00e9pondre \u00e0 la personnalit\u00e9 unique de chaque enfant et aux d\u00e9fis qu&rsquo;il doit relever. Des comp\u00e9tences de base telles que la pr\u00e9sence et l&rsquo;\u00e9coute aux comp\u00e9tences complexes telles que la lecture et la communication. Th\u00e9rapie en centre Le centre de d\u00e9veloppement \u00c9tincelle Bleue propose une&hellip; Lire la suite Nos services","og_url":"https:\/\/bluesparkmtl.ca\/fr\/nos-services\/","og_site_name":"Blue Spark Developmental Center","article_modified_time":"2023-12-27T18:17:06+00:00","og_image":[{"url":"https:\/\/bluesparkmtl.ca\/wp-content\/uploads\/2020\/05\/istock-636672368-5a4d44900c1a8200368fa66b.jpg?w=500","type":"","width":"","height":""}],"twitter_card":"summary_large_image","twitter_misc":{"Dur\u00e9e de lecture estim\u00e9e":"3 minutes"},"schema":{"@context":"https:\/\/schema.org","@graph":[{"@type":"WebPage","@id":"https:\/\/bluesparkmtl.ca\/fr\/nos-services\/","url":"https:\/\/bluesparkmtl.ca\/fr\/nos-services\/","name":"Nos services - Blue Spark Developmental Center","isPartOf":{"@id":"https:\/\/bluesparkmtl.ca\/fr\/#website"},"primaryImageOfPage":{"@id":"https:\/\/bluesparkmtl.ca\/fr\/nos-services\/#primaryimage"},"image":{"@id":"https:\/\/bluesparkmtl.ca\/fr\/nos-services\/#primaryimage"},"thumbnailUrl":"https:\/\/bluesparkmtl.ca\/wp-content\/uploads\/2020\/05\/istock-636672368-5a4d44900c1a8200368fa66b.jpg?w=500","datePublished":"2020-05-13T19:36:13+00:00","dateModified":"2023-12-27T18:17:06+00:00","breadcrumb":{"@id":"https:\/\/bluesparkmtl.ca\/fr\/nos-services\/#breadcrumb"},"inLanguage":"fr-FR","potentialAction":[{"@type":"ReadAction","target":["https:\/\/bluesparkmtl.ca\/fr\/nos-services\/"]}]},{"@type":"ImageObject","inLanguage":"fr-FR","@id":"https:\/\/bluesparkmtl.ca\/fr\/nos-services\/#primaryimage","url":"https:\/\/bluesparkmtl.ca\/wp-content\/uploads\/2020\/05\/istock-636672368-5a4d44900c1a8200368fa66b.jpg?w=500","contentUrl":"https:\/\/bluesparkmtl.ca\/wp-content\/uploads\/2020\/05\/istock-636672368-5a4d44900c1a8200368fa66b.jpg?w=500"},{"@type":"BreadcrumbList","@id":"https:\/\/bluesparkmtl.ca\/fr\/nos-services\/#breadcrumb","itemListElement":[{"@type":"ListItem","position":1,"name":"Home","item":"https:\/\/bluesparkmtl.ca\/fr\/"},{"@type":"ListItem","position":2,"name":"Nos services"}]},{"@type":"WebSite","@id":"https:\/\/bluesparkmtl.ca\/fr\/#website","url":"https:\/\/bluesparkmtl.ca\/fr\/","name":"Blue Spark Developmental Center","description":"Etincelle Bleue Centre de D\u00e9veloppement","publisher":{"@id":"https:\/\/bluesparkmtl.ca\/fr\/#organization"},"potentialAction":[{"@type":"SearchAction","target":{"@type":"EntryPoint","urlTemplate":"https:\/\/bluesparkmtl.ca\/fr\/?s={search_term_string}"},"query-input":{"@type":"PropertyValueSpecification","valueRequired":true,"valueName":"search_term_string"}}],"inLanguage":"fr-FR"},{"@type":"Organization","@id":"https:\/\/bluesparkmtl.ca\/fr\/#organization","name":"Blue Spark Developmental Center","url":"https:\/\/bluesparkmtl.ca\/fr\/","logo":{"@type":"ImageObject","inLanguage":"fr-FR","@id":"https:\/\/bluesparkmtl.ca\/fr\/#\/schema\/logo\/image\/","url":"https:\/\/i0.wp.com\/bluesparkmtl.ca\/wp-content\/uploads\/2022\/04\/cropped-bluespark-logo.png?fit=731%2C279&ssl=1","contentUrl":"https:\/\/i0.wp.com\/bluesparkmtl.ca\/wp-content\/uploads\/2022\/04\/cropped-bluespark-logo.png?fit=731%2C279&ssl=1","width":731,"height":279,"caption":"Blue Spark Developmental Center"},"image":{"@id":"https:\/\/bluesparkmtl.ca\/fr\/#\/schema\/logo\/image\/"}}]}},"jetpack_sharing_enabled":true,"amp_enabled":true,"_links":{"self":[{"href":"https:\/\/bluesparkmtl.ca\/fr\/wp-json\/wp\/v2\/pages\/3348","targetHints":{"allow":["GET"]}}],"collection":[{"href":"https:\/\/bluesparkmtl.ca\/fr\/wp-json\/wp\/v2\/pages"}],"about":[{"href":"https:\/\/bluesparkmtl.ca\/fr\/wp-json\/wp\/v2\/types\/page"}],"author":[{"embeddable":true,"href":"https:\/\/bluesparkmtl.ca\/fr\/wp-json\/wp\/v2\/users\/2"}],"replies":[{"embeddable":true,"href":"https:\/\/bluesparkmtl.ca\/fr\/wp-json\/wp\/v2\/comments?post=3348"}],"version-history":[{"count":5,"href":"https:\/\/bluesparkmtl.ca\/fr\/wp-json\/wp\/v2\/pages\/3348\/revisions"}],"predecessor-version":[{"id":3398,"href":"https:\/\/bluesparkmtl.ca\/fr\/wp-json\/wp\/v2\/pages\/3348\/revisions\/3398"}],"wp:attachment":[{"href":"https:\/\/bluesparkmtl.ca\/fr\/wp-json\/wp\/v2\/media?parent=3348"}],"wp:term":[{"taxonomy":"post_tag","embeddable":true,"href":"https:\/\/bluesparkmtl.ca\/fr\/wp-json\/wp\/v2\/tags?post=3348"}],"curies":[{"name":"wp","href":"https:\/\/api.w.org\/{rel}","templated":true}]}}