{"id":3349,"date":"2020-06-14T16:17:36","date_gmt":"2020-06-14T16:17:36","guid":{"rendered":"https:\/\/bluesparkmtl.ca\/services-de-soutien-au-comportement\/"},"modified":"2023-12-27T22:18:31","modified_gmt":"2023-12-27T22:18:31","slug":"services-de-soutien-au-comportement","status":"publish","type":"page","link":"https:\/\/bluesparkmtl.ca\/fr\/nos-services\/services-de-soutien-au-comportement\/","title":{"rendered":"Services de soutien au comportement"},"content":{"rendered":"\n<div class=\"wp-block-group alignfull\"><div class=\"wp-block-group__inner-container is-layout-flow wp-block-group-is-layout-flow\">\n<div class=\"wp-block-group alignfull has-background-background-color has-background\"><div class=\"wp-block-group__inner-container is-layout-flow wp-block-group-is-layout-flow\">\n<div class=\"wp-block-jetpack-layout-grid alignfull column1-desktop-grid__span-12 column1-desktop-grid__row-1 column1-tablet-grid__span-8 column1-tablet-grid__row-1 column1-mobile-grid__span-4 column1-mobile-grid__row-1 wp-block-jetpack-layout-gutter__nowrap wp-block-jetpack-layout-gutter__none\">\n<div class=\"wp-block-jetpack-layout-grid-column wp-block-jetpack-layout-grid__padding-none\">\n<figure class=\"wp-block-image size-large\"><img data-recalc-dims=\"1\" loading=\"lazy\" decoding=\"async\" width=\"825\" height=\"550\" src=\"https:\/\/i0.wp.com\/bluesparkmtl.ca\/wp-content\/uploads\/2020\/06\/canva-girl-in-red-dress-playing-a-wooden-blocks.jpg?resize=825%2C550&#038;ssl=1\" alt=\"\" class=\"wp-image-297\" srcset=\"https:\/\/i0.wp.com\/bluesparkmtl.ca\/wp-content\/uploads\/2020\/06\/canva-girl-in-red-dress-playing-a-wooden-blocks.jpg?w=1600&amp;ssl=1 1600w, https:\/\/i0.wp.com\/bluesparkmtl.ca\/wp-content\/uploads\/2020\/06\/canva-girl-in-red-dress-playing-a-wooden-blocks.jpg?resize=300%2C200&amp;ssl=1 300w, https:\/\/i0.wp.com\/bluesparkmtl.ca\/wp-content\/uploads\/2020\/06\/canva-girl-in-red-dress-playing-a-wooden-blocks.jpg?resize=1024%2C683&amp;ssl=1 1024w, https:\/\/i0.wp.com\/bluesparkmtl.ca\/wp-content\/uploads\/2020\/06\/canva-girl-in-red-dress-playing-a-wooden-blocks.jpg?resize=768%2C512&amp;ssl=1 768w, https:\/\/i0.wp.com\/bluesparkmtl.ca\/wp-content\/uploads\/2020\/06\/canva-girl-in-red-dress-playing-a-wooden-blocks.jpg?resize=1536%2C1024&amp;ssl=1 1536w\" sizes=\"auto, (max-width: 825px) 100vw, 825px\" \/><\/figure>\n<\/div>\n<\/div>\n<\/div><\/div>\n<\/div><\/div>\n\n<div class=\"wp-block-group alignfull has-background-background-color has-background\"><div class=\"wp-block-group__inner-container is-layout-flow wp-block-group-is-layout-flow\">\n<div class=\"wp-block-jetpack-layout-grid alignfull column1-desktop-grid__span-12 column1-desktop-grid__row-1 column1-tablet-grid__span-8 column1-tablet-grid__row-1 column1-mobile-grid__span-4 column1-mobile-grid__row-1 wp-block-jetpack-layout-gutter__nowrap wp-block-jetpack-layout-gutter__none\">\n<div class=\"wp-block-jetpack-layout-grid-column wp-block-jetpack-layout-grid__padding-none\">\n<p>Nos services de soutien au comportement sont offerts aux familles qui cherchent de l&rsquo;aide pour faire face \u00e0 des comportements probl\u00e9matiques ou perturbateurs. Le soutien est offert l\u00e0 o\u00f9 il est n\u00e9cessaire, que ce soit \u00e0 la maison, \u00e0 l&rsquo;\u00e9cole ou dans un cadre communautaire.<\/p>\n\n\n\n<p>Notre \u00e9quipe certifi\u00e9e d\u2019analystes du comportement (BCBAs\u00ae) et analystes du comportements adjoints (BCaBAs\u00ae) travaillent directement avec vous, la famille et tout autre personne importante dans la vie de votre enfant. Ensemble, nous d\u00e9terminons pourquoi votre enfant \u00e9prouve des difficult\u00e9s et quelles alternatives plus s\u00fbres et plus fonctionnelles sont \u00e0 sa disposition.<\/p>\n\n\n<div class=\"wp-block-jetpack-calendly calendly-style-inline\" id=\"calendly-block-1\"><\/div>\n\n\n<p>Nous assurons une formation et un soutien continus pour veiller \u00e0 ce que des strat\u00e9gies efficaces soient mises en place. Notre objectif est d&rsquo;aider votre enfant et votre famille \u00e0 acqu\u00e9rir les comp\u00e9tences dont vous avez besoin pour vivre heureux et en s\u00e9curit\u00e9.<\/p>\n\n\n\n<p><strong><a href=\"https:\/\/calendly.com\/bluesparkmontreal\">Planifiez<\/a> une consultation t\u00e9l\u00e9phonique gratuite de 30 minutes ou appelez le (514) 607-9377<\/strong> <strong>d\u00e8s maintenant !<\/strong><\/p>\n<\/div>\n<\/div>\n<\/div><\/div>\n","protected":false},"excerpt":{"rendered":"<p>Nos services de soutien au comportement sont offerts aux familles qui cherchent de l&rsquo;aide pour faire face \u00e0 des comportements probl\u00e9matiques ou perturbateurs. Le soutien est offert l\u00e0 o\u00f9 il est n\u00e9cessaire, que ce soit \u00e0 la maison, \u00e0 l&rsquo;\u00e9cole ou dans un cadre communautaire. Notre \u00e9quipe certifi\u00e9e d\u2019analystes du comportement (BCBAs\u00ae) et analystes du&hellip; <a href=\"https:\/\/bluesparkmtl.ca\/fr\/nos-services\/services-de-soutien-au-comportement\/\" class=\"more-link\">Lire la suite <span class=\"screen-reader-text\">Services de soutien au comportement<\/span><\/a><\/p>\n","protected":false},"author":2,"featured_media":0,"parent":3348,"menu_order":0,"comment_status":"closed","ping_status":"closed","template":"templates\/full-width-page.php","meta":{"om_disable_all_campaigns":false,"_monsterinsights_skip_tracking":false,"_monsterinsights_sitenote_active":false,"_monsterinsights_sitenote_note":"","_monsterinsights_sitenote_category":0,"_wp_convertkit_post_meta":{"form":"-1","landing_page":"0","tag":"0","restrict_content":"0"},"footnotes":""},"tags":[],"class_list":["post-3349","page","type-page","status-publish","hentry","without-featured-image"],"yoast_head":"<!-- This site is optimized with the Yoast SEO plugin v27.5 - https:\/\/yoast.com\/product\/yoast-seo-wordpress\/ -->\n<title>Services de soutien au comportement - Blue Spark Developmental Center<\/title>\n<meta name=\"robots\" content=\"index, follow, max-snippet:-1, max-image-preview:large, max-video-preview:-1\" \/>\n<link rel=\"canonical\" href=\"https:\/\/bluesparkmtl.ca\/fr\/nos-services\/services-de-soutien-au-comportement\/\" \/>\n<meta property=\"og:locale\" content=\"fr_FR\" \/>\n<meta property=\"og:type\" content=\"article\" \/>\n<meta property=\"og:title\" content=\"Services de soutien au comportement - Blue Spark Developmental Center\" \/>\n<meta property=\"og:description\" content=\"Nos services de soutien au comportement sont offerts aux familles qui cherchent de l&rsquo;aide pour faire face \u00e0 des comportements probl\u00e9matiques ou perturbateurs. Le soutien est offert l\u00e0 o\u00f9 il est n\u00e9cessaire, que ce soit \u00e0 la maison, \u00e0 l&rsquo;\u00e9cole ou dans un cadre communautaire. Notre \u00e9quipe certifi\u00e9e d\u2019analystes du comportement (BCBAs\u00ae) et analystes du&hellip; Lire la suite Services de soutien au comportement\" \/>\n<meta property=\"og:url\" content=\"https:\/\/bluesparkmtl.ca\/fr\/nos-services\/services-de-soutien-au-comportement\/\" \/>\n<meta property=\"og:site_name\" content=\"Blue Spark Developmental Center\" \/>\n<meta property=\"article:modified_time\" content=\"2023-12-27T22:18:31+00:00\" \/>\n<meta property=\"og:image\" content=\"https:\/\/bluesparkmtl.ca\/wp-content\/uploads\/2020\/06\/canva-girl-in-red-dress-playing-a-wooden-blocks.jpg?w=825\" \/>\n<meta name=\"twitter:card\" content=\"summary_large_image\" \/>\n<meta name=\"twitter:label1\" content=\"Dur\u00e9e de lecture estim\u00e9e\" \/>\n\t<meta name=\"twitter:data1\" content=\"1 minute\" \/>\n<script type=\"application\/ld+json\" class=\"yoast-schema-graph\">{\"@context\":\"https:\\\/\\\/schema.org\",\"@graph\":[{\"@type\":\"WebPage\",\"@id\":\"https:\\\/\\\/bluesparkmtl.ca\\\/fr\\\/nos-services\\\/services-de-soutien-au-comportement\\\/\",\"url\":\"https:\\\/\\\/bluesparkmtl.ca\\\/fr\\\/nos-services\\\/services-de-soutien-au-comportement\\\/\",\"name\":\"Services de soutien au comportement - Blue Spark Developmental Center\",\"isPartOf\":{\"@id\":\"https:\\\/\\\/bluesparkmtl.ca\\\/fr\\\/#website\"},\"primaryImageOfPage\":{\"@id\":\"https:\\\/\\\/bluesparkmtl.ca\\\/fr\\\/nos-services\\\/services-de-soutien-au-comportement\\\/#primaryimage\"},\"image\":{\"@id\":\"https:\\\/\\\/bluesparkmtl.ca\\\/fr\\\/nos-services\\\/services-de-soutien-au-comportement\\\/#primaryimage\"},\"thumbnailUrl\":\"https:\\\/\\\/bluesparkmtl.ca\\\/wp-content\\\/uploads\\\/2020\\\/06\\\/canva-girl-in-red-dress-playing-a-wooden-blocks.jpg?w=825\",\"datePublished\":\"2020-06-14T16:17:36+00:00\",\"dateModified\":\"2023-12-27T22:18:31+00:00\",\"breadcrumb\":{\"@id\":\"https:\\\/\\\/bluesparkmtl.ca\\\/fr\\\/nos-services\\\/services-de-soutien-au-comportement\\\/#breadcrumb\"},\"inLanguage\":\"fr-FR\",\"potentialAction\":[{\"@type\":\"ReadAction\",\"target\":[\"https:\\\/\\\/bluesparkmtl.ca\\\/fr\\\/nos-services\\\/services-de-soutien-au-comportement\\\/\"]}]},{\"@type\":\"ImageObject\",\"inLanguage\":\"fr-FR\",\"@id\":\"https:\\\/\\\/bluesparkmtl.ca\\\/fr\\\/nos-services\\\/services-de-soutien-au-comportement\\\/#primaryimage\",\"url\":\"https:\\\/\\\/bluesparkmtl.ca\\\/wp-content\\\/uploads\\\/2020\\\/06\\\/canva-girl-in-red-dress-playing-a-wooden-blocks.jpg?w=825\",\"contentUrl\":\"https:\\\/\\\/bluesparkmtl.ca\\\/wp-content\\\/uploads\\\/2020\\\/06\\\/canva-girl-in-red-dress-playing-a-wooden-blocks.jpg?w=825\"},{\"@type\":\"BreadcrumbList\",\"@id\":\"https:\\\/\\\/bluesparkmtl.ca\\\/fr\\\/nos-services\\\/services-de-soutien-au-comportement\\\/#breadcrumb\",\"itemListElement\":[{\"@type\":\"ListItem\",\"position\":1,\"name\":\"Home\",\"item\":\"https:\\\/\\\/bluesparkmtl.ca\\\/fr\\\/\"},{\"@type\":\"ListItem\",\"position\":2,\"name\":\"Nos services\",\"item\":\"https:\\\/\\\/bluesparkmtl.ca\\\/fr\\\/nos-services\\\/\"},{\"@type\":\"ListItem\",\"position\":3,\"name\":\"Services de soutien au comportement\"}]},{\"@type\":\"WebSite\",\"@id\":\"https:\\\/\\\/bluesparkmtl.ca\\\/fr\\\/#website\",\"url\":\"https:\\\/\\\/bluesparkmtl.ca\\\/fr\\\/\",\"name\":\"Blue Spark Developmental Center\",\"description\":\"Etincelle Bleue Centre de D\u00e9veloppement\",\"publisher\":{\"@id\":\"https:\\\/\\\/bluesparkmtl.ca\\\/fr\\\/#organization\"},\"potentialAction\":[{\"@type\":\"SearchAction\",\"target\":{\"@type\":\"EntryPoint\",\"urlTemplate\":\"https:\\\/\\\/bluesparkmtl.ca\\\/fr\\\/?s={search_term_string}\"},\"query-input\":{\"@type\":\"PropertyValueSpecification\",\"valueRequired\":true,\"valueName\":\"search_term_string\"}}],\"inLanguage\":\"fr-FR\"},{\"@type\":\"Organization\",\"@id\":\"https:\\\/\\\/bluesparkmtl.ca\\\/fr\\\/#organization\",\"name\":\"Blue Spark Developmental Center\",\"url\":\"https:\\\/\\\/bluesparkmtl.ca\\\/fr\\\/\",\"logo\":{\"@type\":\"ImageObject\",\"inLanguage\":\"fr-FR\",\"@id\":\"https:\\\/\\\/bluesparkmtl.ca\\\/fr\\\/#\\\/schema\\\/logo\\\/image\\\/\",\"url\":\"https:\\\/\\\/i0.wp.com\\\/bluesparkmtl.ca\\\/wp-content\\\/uploads\\\/2022\\\/04\\\/cropped-bluespark-logo.png?fit=731%2C279&ssl=1\",\"contentUrl\":\"https:\\\/\\\/i0.wp.com\\\/bluesparkmtl.ca\\\/wp-content\\\/uploads\\\/2022\\\/04\\\/cropped-bluespark-logo.png?fit=731%2C279&ssl=1\",\"width\":731,\"height\":279,\"caption\":\"Blue Spark Developmental Center\"},\"image\":{\"@id\":\"https:\\\/\\\/bluesparkmtl.ca\\\/fr\\\/#\\\/schema\\\/logo\\\/image\\\/\"}}]}<\/script>\n<!-- \/ Yoast SEO plugin. -->","yoast_head_json":{"title":"Services de soutien au comportement - Blue Spark Developmental Center","robots":{"index":"index","follow":"follow","max-snippet":"max-snippet:-1","max-image-preview":"max-image-preview:large","max-video-preview":"max-video-preview:-1"},"canonical":"https:\/\/bluesparkmtl.ca\/fr\/nos-services\/services-de-soutien-au-comportement\/","og_locale":"fr_FR","og_type":"article","og_title":"Services de soutien au comportement - Blue Spark Developmental Center","og_description":"Nos services de soutien au comportement sont offerts aux familles qui cherchent de l&rsquo;aide pour faire face \u00e0 des comportements probl\u00e9matiques ou perturbateurs. Le soutien est offert l\u00e0 o\u00f9 il est n\u00e9cessaire, que ce soit \u00e0 la maison, \u00e0 l&rsquo;\u00e9cole ou dans un cadre communautaire. Notre \u00e9quipe certifi\u00e9e d\u2019analystes du comportement (BCBAs\u00ae) et analystes du&hellip; Lire la suite Services de soutien au comportement","og_url":"https:\/\/bluesparkmtl.ca\/fr\/nos-services\/services-de-soutien-au-comportement\/","og_site_name":"Blue Spark Developmental Center","article_modified_time":"2023-12-27T22:18:31+00:00","og_image":[{"url":"https:\/\/bluesparkmtl.ca\/wp-content\/uploads\/2020\/06\/canva-girl-in-red-dress-playing-a-wooden-blocks.jpg?w=825","type":"","width":"","height":""}],"twitter_card":"summary_large_image","twitter_misc":{"Dur\u00e9e de lecture estim\u00e9e":"1 minute"},"schema":{"@context":"https:\/\/schema.org","@graph":[{"@type":"WebPage","@id":"https:\/\/bluesparkmtl.ca\/fr\/nos-services\/services-de-soutien-au-comportement\/","url":"https:\/\/bluesparkmtl.ca\/fr\/nos-services\/services-de-soutien-au-comportement\/","name":"Services de soutien au comportement - Blue Spark Developmental Center","isPartOf":{"@id":"https:\/\/bluesparkmtl.ca\/fr\/#website"},"primaryImageOfPage":{"@id":"https:\/\/bluesparkmtl.ca\/fr\/nos-services\/services-de-soutien-au-comportement\/#primaryimage"},"image":{"@id":"https:\/\/bluesparkmtl.ca\/fr\/nos-services\/services-de-soutien-au-comportement\/#primaryimage"},"thumbnailUrl":"https:\/\/bluesparkmtl.ca\/wp-content\/uploads\/2020\/06\/canva-girl-in-red-dress-playing-a-wooden-blocks.jpg?w=825","datePublished":"2020-06-14T16:17:36+00:00","dateModified":"2023-12-27T22:18:31+00:00","breadcrumb":{"@id":"https:\/\/bluesparkmtl.ca\/fr\/nos-services\/services-de-soutien-au-comportement\/#breadcrumb"},"inLanguage":"fr-FR","potentialAction":[{"@type":"ReadAction","target":["https:\/\/bluesparkmtl.ca\/fr\/nos-services\/services-de-soutien-au-comportement\/"]}]},{"@type":"ImageObject","inLanguage":"fr-FR","@id":"https:\/\/bluesparkmtl.ca\/fr\/nos-services\/services-de-soutien-au-comportement\/#primaryimage","url":"https:\/\/bluesparkmtl.ca\/wp-content\/uploads\/2020\/06\/canva-girl-in-red-dress-playing-a-wooden-blocks.jpg?w=825","contentUrl":"https:\/\/bluesparkmtl.ca\/wp-content\/uploads\/2020\/06\/canva-girl-in-red-dress-playing-a-wooden-blocks.jpg?w=825"},{"@type":"BreadcrumbList","@id":"https:\/\/bluesparkmtl.ca\/fr\/nos-services\/services-de-soutien-au-comportement\/#breadcrumb","itemListElement":[{"@type":"ListItem","position":1,"name":"Home","item":"https:\/\/bluesparkmtl.ca\/fr\/"},{"@type":"ListItem","position":2,"name":"Nos services","item":"https:\/\/bluesparkmtl.ca\/fr\/nos-services\/"},{"@type":"ListItem","position":3,"name":"Services de soutien au comportement"}]},{"@type":"WebSite","@id":"https:\/\/bluesparkmtl.ca\/fr\/#website","url":"https:\/\/bluesparkmtl.ca\/fr\/","name":"Blue Spark Developmental Center","description":"Etincelle Bleue Centre de D\u00e9veloppement","publisher":{"@id":"https:\/\/bluesparkmtl.ca\/fr\/#organization"},"potentialAction":[{"@type":"SearchAction","target":{"@type":"EntryPoint","urlTemplate":"https:\/\/bluesparkmtl.ca\/fr\/?s={search_term_string}"},"query-input":{"@type":"PropertyValueSpecification","valueRequired":true,"valueName":"search_term_string"}}],"inLanguage":"fr-FR"},{"@type":"Organization","@id":"https:\/\/bluesparkmtl.ca\/fr\/#organization","name":"Blue Spark Developmental Center","url":"https:\/\/bluesparkmtl.ca\/fr\/","logo":{"@type":"ImageObject","inLanguage":"fr-FR","@id":"https:\/\/bluesparkmtl.ca\/fr\/#\/schema\/logo\/image\/","url":"https:\/\/i0.wp.com\/bluesparkmtl.ca\/wp-content\/uploads\/2022\/04\/cropped-bluespark-logo.png?fit=731%2C279&ssl=1","contentUrl":"https:\/\/i0.wp.com\/bluesparkmtl.ca\/wp-content\/uploads\/2022\/04\/cropped-bluespark-logo.png?fit=731%2C279&ssl=1","width":731,"height":279,"caption":"Blue Spark Developmental Center"},"image":{"@id":"https:\/\/bluesparkmtl.ca\/fr\/#\/schema\/logo\/image\/"}}]}},"jetpack_sharing_enabled":true,"amp_enabled":true,"_links":{"self":[{"href":"https:\/\/bluesparkmtl.ca\/fr\/wp-json\/wp\/v2\/pages\/3349","targetHints":{"allow":["GET"]}}],"collection":[{"href":"https:\/\/bluesparkmtl.ca\/fr\/wp-json\/wp\/v2\/pages"}],"about":[{"href":"https:\/\/bluesparkmtl.ca\/fr\/wp-json\/wp\/v2\/types\/page"}],"author":[{"embeddable":true,"href":"https:\/\/bluesparkmtl.ca\/fr\/wp-json\/wp\/v2\/users\/2"}],"replies":[{"embeddable":true,"href":"https:\/\/bluesparkmtl.ca\/fr\/wp-json\/wp\/v2\/comments?post=3349"}],"version-history":[{"count":5,"href":"https:\/\/bluesparkmtl.ca\/fr\/wp-json\/wp\/v2\/pages\/3349\/revisions"}],"predecessor-version":[{"id":3410,"href":"https:\/\/bluesparkmtl.ca\/fr\/wp-json\/wp\/v2\/pages\/3349\/revisions\/3410"}],"up":[{"embeddable":true,"href":"https:\/\/bluesparkmtl.ca\/fr\/wp-json\/wp\/v2\/pages\/3348"}],"wp:attachment":[{"href":"https:\/\/bluesparkmtl.ca\/fr\/wp-json\/wp\/v2\/media?parent=3349"}],"wp:term":[{"taxonomy":"post_tag","embeddable":true,"href":"https:\/\/bluesparkmtl.ca\/fr\/wp-json\/wp\/v2\/tags?post=3349"}],"curies":[{"name":"wp","href":"https:\/\/api.w.org\/{rel}","templated":true}]}}