{"id":3363,"date":"2022-02-27T14:46:46","date_gmt":"2022-02-27T14:46:46","guid":{"rendered":"https:\/\/bluesparkmtl.ca\/nos-services\/intervention-comportementale-intensive-precoce-eibi-et-intervention-comportementale-intensive-ibi\/"},"modified":"2023-12-27T16:47:12","modified_gmt":"2023-12-27T16:47:12","slug":"intervention-comportementale-intensive-precoce-eibi-et-intervention-comportementale-intensive-ibi","status":"publish","type":"page","link":"https:\/\/bluesparkmtl.ca\/fr\/nos-services\/intervention-comportementale-intensive-precoce-eibi-et-intervention-comportementale-intensive-ibi\/","title":{"rendered":"Intervention comportementale intensive pr\u00e9coce (EIBI) et intervention comportementale intensive (IBI)"},"content":{"rendered":"\n<div class=\"wp-block-group alignfull\"><div class=\"wp-block-group__inner-container is-layout-flow wp-block-group-is-layout-flow\">\n<figure class=\"wp-block-image size-large is-style-default\"><img data-recalc-dims=\"1\" loading=\"lazy\" decoding=\"async\" width=\"825\" height=\"549\" src=\"https:\/\/i0.wp.com\/bluesparkmtl.ca\/wp-content\/uploads\/2020\/06\/canva-photo-of-kids-playing-hockey.jpg?resize=825%2C549&#038;ssl=1\" alt=\"\" class=\"wp-image-308\" srcset=\"https:\/\/i0.wp.com\/bluesparkmtl.ca\/wp-content\/uploads\/2020\/06\/canva-photo-of-kids-playing-hockey.jpg?w=1600&amp;ssl=1 1600w, https:\/\/i0.wp.com\/bluesparkmtl.ca\/wp-content\/uploads\/2020\/06\/canva-photo-of-kids-playing-hockey.jpg?resize=300%2C200&amp;ssl=1 300w, https:\/\/i0.wp.com\/bluesparkmtl.ca\/wp-content\/uploads\/2020\/06\/canva-photo-of-kids-playing-hockey.jpg?resize=1024%2C682&amp;ssl=1 1024w, https:\/\/i0.wp.com\/bluesparkmtl.ca\/wp-content\/uploads\/2020\/06\/canva-photo-of-kids-playing-hockey.jpg?resize=768%2C511&amp;ssl=1 768w, https:\/\/i0.wp.com\/bluesparkmtl.ca\/wp-content\/uploads\/2020\/06\/canva-photo-of-kids-playing-hockey.jpg?resize=1536%2C1022&amp;ssl=1 1536w\" sizes=\"auto, (max-width: 825px) 100vw, 825px\" \/><\/figure>\n\n\n\n<p>Le centre \u00c9tincelle Bleue propose des th\u00e9rapies individualis\u00e9es appel\u00e9es Intervention Comportementale Intensive (IBI) et Intervention Pr\u00e9coce Comportementale Intensive (EIBI) qui sont bas\u00e9es sur l\u2019analyse appliqu\u00e9e du comportement (ABA) pour les personnes pr\u00e9sentant un trouble du spectre de l\u2019autisme (TSA). L&rsquo;IBI est l&rsquo;application intensive de la science de l&rsquo;ABA.<\/p>\n\n\n\n<p>L\u2019IBI est l\u2019application intensive de la science de l\u2019ABA. Le programme d&rsquo;intervention comportementale intensive pr\u00e9coce est une th\u00e9rapie intensive 1:1 avec 20 \u00e0 40 heures de service par semaine qui alternent avec des activit\u00e9s en petits groupes pour aider \u00e0 d\u00e9velopper les comp\u00e9tences en classe et les comp\u00e9tences sociales. Les enfants participent \u00e0 des activit\u00e9s qui leur permettent d&rsquo;\u00e9tablir des relations avec leurs pairs et les exposent \u00e0 diverses situations sociales.<\/p>\n\n\n<div class=\"wp-block-jetpack-calendly calendly-style-inline\" id=\"calendly-block-1\"><\/div>\n\n\n<p>L&rsquo;objectif est de favoriser les comp\u00e9tences et l&rsquo;apprentissage des \u00e9l\u00e8ves \u00e0 un stade critique de leur d\u00e9veloppement afin qu&rsquo;ils puissent atteindre leur plein potentiel en se concentrant sur tous les domaines de d\u00e9veloppement, y compris la communication, les comp\u00e9tences sociales, les comp\u00e9tences pr\u00e9-acad\u00e9miques, les comp\u00e9tences adaptatives, les comp\u00e9tences d&rsquo;auto-assistance, les comp\u00e9tences motrices et bien plus encore.<\/p>\n\n\n\n<p>Un \u00e9l\u00e9ment cl\u00e9 des services IBI\/ABA consiste \u00e0 former les parents pour qu&rsquo;ils aident leurs enfants \u00e0 atteindre leurs objectifs.<\/p>\n\n\n\n<p><strong>Les activit\u00e9s du programme comprennent<\/strong><\/p>\n\n\n\n<ul class=\"wp-block-list\"><li>\u00c9valuation et programmation : &#8211; Le programme d&rsquo;\u00e9tapes et de placement pour le comportement verbal (VB-MAPP) &#8211; L&rsquo;\u00e9valuation des comp\u00e9tences de base en mati\u00e8re d&rsquo;apprentissage et de langue (ABLLS-r) &#8211; L\u2019essentiel pour vivre (EFL).<\/li><li>Cr\u00e9ation, mise en \u0153uvre et suivi d&rsquo;un plan d&rsquo;intervention comportementale.<\/li><li>Comp\u00e9tences sociales et ludiques.<\/li><\/ul>\n\n\n\n<p><strong><a href=\"https:\/\/calendly.com\/bluesparkmontreal\">Planifiez<\/a> une consultation t\u00e9l\u00e9phonique gratuite de 30 minutes ou appelez le (514) 607-9377<\/strong> <strong>d\u00e8s maintenant !<\/strong><\/p>\n<\/div><\/div>\n\n<p><\/p>\n","protected":false},"excerpt":{"rendered":"<p>Le centre \u00c9tincelle Bleue propose des th\u00e9rapies individualis\u00e9es appel\u00e9es Intervention Comportementale Intensive (IBI) et Intervention Pr\u00e9coce Comportementale Intensive (EIBI) qui sont bas\u00e9es sur l\u2019analyse appliqu\u00e9e du comportement (ABA) pour les personnes pr\u00e9sentant un trouble du spectre de l\u2019autisme (TSA). L&rsquo;IBI est l&rsquo;application intensive de la science de l&rsquo;ABA. L\u2019IBI est l\u2019application intensive de la science&hellip; <a href=\"https:\/\/bluesparkmtl.ca\/fr\/nos-services\/intervention-comportementale-intensive-precoce-eibi-et-intervention-comportementale-intensive-ibi\/\" class=\"more-link\">Lire la suite <span class=\"screen-reader-text\">Intervention comportementale intensive pr\u00e9coce (EIBI) et intervention comportementale intensive (IBI)<\/span><\/a><\/p>\n","protected":false},"author":1,"featured_media":0,"parent":3348,"menu_order":0,"comment_status":"closed","ping_status":"closed","template":"templates\/full-width-page.php","meta":{"om_disable_all_campaigns":false,"_monsterinsights_skip_tracking":false,"_monsterinsights_sitenote_active":false,"_monsterinsights_sitenote_note":"","_monsterinsights_sitenote_category":0,"_wp_convertkit_post_meta":{"form":"-1","landing_page":"0","tag":"0","restrict_content":"0"},"footnotes":""},"tags":[],"class_list":["post-3363","page","type-page","status-publish","hentry","without-featured-image"],"yoast_head":"<!-- This site is optimized with the Yoast SEO plugin v27.5 - https:\/\/yoast.com\/product\/yoast-seo-wordpress\/ -->\n<title>Intervention comportementale intensive pr\u00e9coce (EIBI) et intervention comportementale intensive (IBI) - Blue Spark Developmental Center<\/title>\n<meta name=\"robots\" content=\"index, follow, max-snippet:-1, max-image-preview:large, max-video-preview:-1\" \/>\n<link rel=\"canonical\" href=\"https:\/\/bluesparkmtl.ca\/fr\/nos-services\/intervention-comportementale-intensive-precoce-eibi-et-intervention-comportementale-intensive-ibi\/\" \/>\n<meta property=\"og:locale\" content=\"fr_FR\" \/>\n<meta property=\"og:type\" content=\"article\" \/>\n<meta property=\"og:title\" content=\"Intervention comportementale intensive pr\u00e9coce (EIBI) et intervention comportementale intensive (IBI) - Blue Spark Developmental Center\" \/>\n<meta property=\"og:description\" content=\"Le centre \u00c9tincelle Bleue propose des th\u00e9rapies individualis\u00e9es appel\u00e9es Intervention Comportementale Intensive (IBI) et Intervention Pr\u00e9coce Comportementale Intensive (EIBI) qui sont bas\u00e9es sur l\u2019analyse appliqu\u00e9e du comportement (ABA) pour les personnes pr\u00e9sentant un trouble du spectre de l\u2019autisme (TSA). L&rsquo;IBI est l&rsquo;application intensive de la science de l&rsquo;ABA. L\u2019IBI est l\u2019application intensive de la science&hellip; Lire la suite Intervention comportementale intensive pr\u00e9coce (EIBI) et intervention comportementale intensive (IBI)\" \/>\n<meta property=\"og:url\" content=\"https:\/\/bluesparkmtl.ca\/fr\/nos-services\/intervention-comportementale-intensive-precoce-eibi-et-intervention-comportementale-intensive-ibi\/\" \/>\n<meta property=\"og:site_name\" content=\"Blue Spark Developmental Center\" \/>\n<meta property=\"article:modified_time\" content=\"2023-12-27T16:47:12+00:00\" \/>\n<meta property=\"og:image\" content=\"https:\/\/bluesparkmtl.ca\/wp-content\/uploads\/2020\/06\/canva-photo-of-kids-playing-hockey.jpg?w=825\" \/>\n<meta name=\"twitter:card\" content=\"summary_large_image\" \/>\n<meta name=\"twitter:label1\" content=\"Dur\u00e9e de lecture estim\u00e9e\" \/>\n\t<meta name=\"twitter:data1\" content=\"1 minute\" \/>\n<script type=\"application\/ld+json\" class=\"yoast-schema-graph\">{\"@context\":\"https:\\\/\\\/schema.org\",\"@graph\":[{\"@type\":\"WebPage\",\"@id\":\"https:\\\/\\\/bluesparkmtl.ca\\\/fr\\\/nos-services\\\/intervention-comportementale-intensive-precoce-eibi-et-intervention-comportementale-intensive-ibi\\\/\",\"url\":\"https:\\\/\\\/bluesparkmtl.ca\\\/fr\\\/nos-services\\\/intervention-comportementale-intensive-precoce-eibi-et-intervention-comportementale-intensive-ibi\\\/\",\"name\":\"Intervention comportementale intensive pr\u00e9coce (EIBI) et intervention comportementale intensive (IBI) - Blue Spark Developmental Center\",\"isPartOf\":{\"@id\":\"https:\\\/\\\/bluesparkmtl.ca\\\/fr\\\/#website\"},\"primaryImageOfPage\":{\"@id\":\"https:\\\/\\\/bluesparkmtl.ca\\\/fr\\\/nos-services\\\/intervention-comportementale-intensive-precoce-eibi-et-intervention-comportementale-intensive-ibi\\\/#primaryimage\"},\"image\":{\"@id\":\"https:\\\/\\\/bluesparkmtl.ca\\\/fr\\\/nos-services\\\/intervention-comportementale-intensive-precoce-eibi-et-intervention-comportementale-intensive-ibi\\\/#primaryimage\"},\"thumbnailUrl\":\"https:\\\/\\\/bluesparkmtl.ca\\\/wp-content\\\/uploads\\\/2020\\\/06\\\/canva-photo-of-kids-playing-hockey.jpg?w=825\",\"datePublished\":\"2022-02-27T14:46:46+00:00\",\"dateModified\":\"2023-12-27T16:47:12+00:00\",\"breadcrumb\":{\"@id\":\"https:\\\/\\\/bluesparkmtl.ca\\\/fr\\\/nos-services\\\/intervention-comportementale-intensive-precoce-eibi-et-intervention-comportementale-intensive-ibi\\\/#breadcrumb\"},\"inLanguage\":\"fr-FR\",\"potentialAction\":[{\"@type\":\"ReadAction\",\"target\":[\"https:\\\/\\\/bluesparkmtl.ca\\\/fr\\\/nos-services\\\/intervention-comportementale-intensive-precoce-eibi-et-intervention-comportementale-intensive-ibi\\\/\"]}]},{\"@type\":\"ImageObject\",\"inLanguage\":\"fr-FR\",\"@id\":\"https:\\\/\\\/bluesparkmtl.ca\\\/fr\\\/nos-services\\\/intervention-comportementale-intensive-precoce-eibi-et-intervention-comportementale-intensive-ibi\\\/#primaryimage\",\"url\":\"https:\\\/\\\/bluesparkmtl.ca\\\/wp-content\\\/uploads\\\/2020\\\/06\\\/canva-photo-of-kids-playing-hockey.jpg?w=825\",\"contentUrl\":\"https:\\\/\\\/bluesparkmtl.ca\\\/wp-content\\\/uploads\\\/2020\\\/06\\\/canva-photo-of-kids-playing-hockey.jpg?w=825\"},{\"@type\":\"BreadcrumbList\",\"@id\":\"https:\\\/\\\/bluesparkmtl.ca\\\/fr\\\/nos-services\\\/intervention-comportementale-intensive-precoce-eibi-et-intervention-comportementale-intensive-ibi\\\/#breadcrumb\",\"itemListElement\":[{\"@type\":\"ListItem\",\"position\":1,\"name\":\"Home\",\"item\":\"https:\\\/\\\/bluesparkmtl.ca\\\/fr\\\/\"},{\"@type\":\"ListItem\",\"position\":2,\"name\":\"Nos services\",\"item\":\"https:\\\/\\\/bluesparkmtl.ca\\\/fr\\\/nos-services\\\/\"},{\"@type\":\"ListItem\",\"position\":3,\"name\":\"Intervention comportementale intensive pr\u00e9coce (EIBI) et intervention comportementale intensive (IBI)\"}]},{\"@type\":\"WebSite\",\"@id\":\"https:\\\/\\\/bluesparkmtl.ca\\\/fr\\\/#website\",\"url\":\"https:\\\/\\\/bluesparkmtl.ca\\\/fr\\\/\",\"name\":\"Blue Spark Developmental Center\",\"description\":\"Etincelle Bleue Centre de D\u00e9veloppement\",\"publisher\":{\"@id\":\"https:\\\/\\\/bluesparkmtl.ca\\\/fr\\\/#organization\"},\"potentialAction\":[{\"@type\":\"SearchAction\",\"target\":{\"@type\":\"EntryPoint\",\"urlTemplate\":\"https:\\\/\\\/bluesparkmtl.ca\\\/fr\\\/?s={search_term_string}\"},\"query-input\":{\"@type\":\"PropertyValueSpecification\",\"valueRequired\":true,\"valueName\":\"search_term_string\"}}],\"inLanguage\":\"fr-FR\"},{\"@type\":\"Organization\",\"@id\":\"https:\\\/\\\/bluesparkmtl.ca\\\/fr\\\/#organization\",\"name\":\"Blue Spark Developmental Center\",\"url\":\"https:\\\/\\\/bluesparkmtl.ca\\\/fr\\\/\",\"logo\":{\"@type\":\"ImageObject\",\"inLanguage\":\"fr-FR\",\"@id\":\"https:\\\/\\\/bluesparkmtl.ca\\\/fr\\\/#\\\/schema\\\/logo\\\/image\\\/\",\"url\":\"https:\\\/\\\/i0.wp.com\\\/bluesparkmtl.ca\\\/wp-content\\\/uploads\\\/2022\\\/04\\\/cropped-bluespark-logo.png?fit=731%2C279&ssl=1\",\"contentUrl\":\"https:\\\/\\\/i0.wp.com\\\/bluesparkmtl.ca\\\/wp-content\\\/uploads\\\/2022\\\/04\\\/cropped-bluespark-logo.png?fit=731%2C279&ssl=1\",\"width\":731,\"height\":279,\"caption\":\"Blue Spark Developmental Center\"},\"image\":{\"@id\":\"https:\\\/\\\/bluesparkmtl.ca\\\/fr\\\/#\\\/schema\\\/logo\\\/image\\\/\"}}]}<\/script>\n<!-- \/ Yoast SEO plugin. -->","yoast_head_json":{"title":"Intervention comportementale intensive pr\u00e9coce (EIBI) et intervention comportementale intensive (IBI) - Blue Spark Developmental Center","robots":{"index":"index","follow":"follow","max-snippet":"max-snippet:-1","max-image-preview":"max-image-preview:large","max-video-preview":"max-video-preview:-1"},"canonical":"https:\/\/bluesparkmtl.ca\/fr\/nos-services\/intervention-comportementale-intensive-precoce-eibi-et-intervention-comportementale-intensive-ibi\/","og_locale":"fr_FR","og_type":"article","og_title":"Intervention comportementale intensive pr\u00e9coce (EIBI) et intervention comportementale intensive (IBI) - Blue Spark Developmental Center","og_description":"Le centre \u00c9tincelle Bleue propose des th\u00e9rapies individualis\u00e9es appel\u00e9es Intervention Comportementale Intensive (IBI) et Intervention Pr\u00e9coce Comportementale Intensive (EIBI) qui sont bas\u00e9es sur l\u2019analyse appliqu\u00e9e du comportement (ABA) pour les personnes pr\u00e9sentant un trouble du spectre de l\u2019autisme (TSA). L&rsquo;IBI est l&rsquo;application intensive de la science de l&rsquo;ABA. L\u2019IBI est l\u2019application intensive de la science&hellip; Lire la suite Intervention comportementale intensive pr\u00e9coce (EIBI) et intervention comportementale intensive (IBI)","og_url":"https:\/\/bluesparkmtl.ca\/fr\/nos-services\/intervention-comportementale-intensive-precoce-eibi-et-intervention-comportementale-intensive-ibi\/","og_site_name":"Blue Spark Developmental Center","article_modified_time":"2023-12-27T16:47:12+00:00","og_image":[{"url":"https:\/\/bluesparkmtl.ca\/wp-content\/uploads\/2020\/06\/canva-photo-of-kids-playing-hockey.jpg?w=825","type":"","width":"","height":""}],"twitter_card":"summary_large_image","twitter_misc":{"Dur\u00e9e de lecture estim\u00e9e":"1 minute"},"schema":{"@context":"https:\/\/schema.org","@graph":[{"@type":"WebPage","@id":"https:\/\/bluesparkmtl.ca\/fr\/nos-services\/intervention-comportementale-intensive-precoce-eibi-et-intervention-comportementale-intensive-ibi\/","url":"https:\/\/bluesparkmtl.ca\/fr\/nos-services\/intervention-comportementale-intensive-precoce-eibi-et-intervention-comportementale-intensive-ibi\/","name":"Intervention comportementale intensive pr\u00e9coce (EIBI) et intervention comportementale intensive (IBI) - Blue Spark Developmental Center","isPartOf":{"@id":"https:\/\/bluesparkmtl.ca\/fr\/#website"},"primaryImageOfPage":{"@id":"https:\/\/bluesparkmtl.ca\/fr\/nos-services\/intervention-comportementale-intensive-precoce-eibi-et-intervention-comportementale-intensive-ibi\/#primaryimage"},"image":{"@id":"https:\/\/bluesparkmtl.ca\/fr\/nos-services\/intervention-comportementale-intensive-precoce-eibi-et-intervention-comportementale-intensive-ibi\/#primaryimage"},"thumbnailUrl":"https:\/\/bluesparkmtl.ca\/wp-content\/uploads\/2020\/06\/canva-photo-of-kids-playing-hockey.jpg?w=825","datePublished":"2022-02-27T14:46:46+00:00","dateModified":"2023-12-27T16:47:12+00:00","breadcrumb":{"@id":"https:\/\/bluesparkmtl.ca\/fr\/nos-services\/intervention-comportementale-intensive-precoce-eibi-et-intervention-comportementale-intensive-ibi\/#breadcrumb"},"inLanguage":"fr-FR","potentialAction":[{"@type":"ReadAction","target":["https:\/\/bluesparkmtl.ca\/fr\/nos-services\/intervention-comportementale-intensive-precoce-eibi-et-intervention-comportementale-intensive-ibi\/"]}]},{"@type":"ImageObject","inLanguage":"fr-FR","@id":"https:\/\/bluesparkmtl.ca\/fr\/nos-services\/intervention-comportementale-intensive-precoce-eibi-et-intervention-comportementale-intensive-ibi\/#primaryimage","url":"https:\/\/bluesparkmtl.ca\/wp-content\/uploads\/2020\/06\/canva-photo-of-kids-playing-hockey.jpg?w=825","contentUrl":"https:\/\/bluesparkmtl.ca\/wp-content\/uploads\/2020\/06\/canva-photo-of-kids-playing-hockey.jpg?w=825"},{"@type":"BreadcrumbList","@id":"https:\/\/bluesparkmtl.ca\/fr\/nos-services\/intervention-comportementale-intensive-precoce-eibi-et-intervention-comportementale-intensive-ibi\/#breadcrumb","itemListElement":[{"@type":"ListItem","position":1,"name":"Home","item":"https:\/\/bluesparkmtl.ca\/fr\/"},{"@type":"ListItem","position":2,"name":"Nos services","item":"https:\/\/bluesparkmtl.ca\/fr\/nos-services\/"},{"@type":"ListItem","position":3,"name":"Intervention comportementale intensive pr\u00e9coce (EIBI) et intervention comportementale intensive (IBI)"}]},{"@type":"WebSite","@id":"https:\/\/bluesparkmtl.ca\/fr\/#website","url":"https:\/\/bluesparkmtl.ca\/fr\/","name":"Blue Spark Developmental Center","description":"Etincelle Bleue Centre de D\u00e9veloppement","publisher":{"@id":"https:\/\/bluesparkmtl.ca\/fr\/#organization"},"potentialAction":[{"@type":"SearchAction","target":{"@type":"EntryPoint","urlTemplate":"https:\/\/bluesparkmtl.ca\/fr\/?s={search_term_string}"},"query-input":{"@type":"PropertyValueSpecification","valueRequired":true,"valueName":"search_term_string"}}],"inLanguage":"fr-FR"},{"@type":"Organization","@id":"https:\/\/bluesparkmtl.ca\/fr\/#organization","name":"Blue Spark Developmental Center","url":"https:\/\/bluesparkmtl.ca\/fr\/","logo":{"@type":"ImageObject","inLanguage":"fr-FR","@id":"https:\/\/bluesparkmtl.ca\/fr\/#\/schema\/logo\/image\/","url":"https:\/\/i0.wp.com\/bluesparkmtl.ca\/wp-content\/uploads\/2022\/04\/cropped-bluespark-logo.png?fit=731%2C279&ssl=1","contentUrl":"https:\/\/i0.wp.com\/bluesparkmtl.ca\/wp-content\/uploads\/2022\/04\/cropped-bluespark-logo.png?fit=731%2C279&ssl=1","width":731,"height":279,"caption":"Blue Spark Developmental Center"},"image":{"@id":"https:\/\/bluesparkmtl.ca\/fr\/#\/schema\/logo\/image\/"}}]}},"jetpack_sharing_enabled":true,"amp_enabled":true,"_links":{"self":[{"href":"https:\/\/bluesparkmtl.ca\/fr\/wp-json\/wp\/v2\/pages\/3363","targetHints":{"allow":["GET"]}}],"collection":[{"href":"https:\/\/bluesparkmtl.ca\/fr\/wp-json\/wp\/v2\/pages"}],"about":[{"href":"https:\/\/bluesparkmtl.ca\/fr\/wp-json\/wp\/v2\/types\/page"}],"author":[{"embeddable":true,"href":"https:\/\/bluesparkmtl.ca\/fr\/wp-json\/wp\/v2\/users\/1"}],"replies":[{"embeddable":true,"href":"https:\/\/bluesparkmtl.ca\/fr\/wp-json\/wp\/v2\/comments?post=3363"}],"version-history":[{"count":3,"href":"https:\/\/bluesparkmtl.ca\/fr\/wp-json\/wp\/v2\/pages\/3363\/revisions"}],"predecessor-version":[{"id":3374,"href":"https:\/\/bluesparkmtl.ca\/fr\/wp-json\/wp\/v2\/pages\/3363\/revisions\/3374"}],"up":[{"embeddable":true,"href":"https:\/\/bluesparkmtl.ca\/fr\/wp-json\/wp\/v2\/pages\/3348"}],"wp:attachment":[{"href":"https:\/\/bluesparkmtl.ca\/fr\/wp-json\/wp\/v2\/media?parent=3363"}],"wp:term":[{"taxonomy":"post_tag","embeddable":true,"href":"https:\/\/bluesparkmtl.ca\/fr\/wp-json\/wp\/v2\/tags?post=3363"}],"curies":[{"name":"wp","href":"https:\/\/api.w.org\/{rel}","templated":true}]}}